
{"id":20264,"date":"2026-03-18T23:55:28","date_gmt":"2026-03-18T22:55:28","guid":{"rendered":"https:\/\/www.fjardhundraland.se\/?page_id=20264"},"modified":"2026-03-19T00:22:55","modified_gmt":"2026-03-18T23:22:55","slug":"offene-daten","status":"publish","type":"page","link":"https:\/\/www.fjardhundraland.se\/de\/om-fjardhundraland\/open-data\/","title":{"rendered":"Offene Daten"},"content":{"rendered":"<p>Fj\u00e4rdhundraland-Standortdaten finden Sie unter <a href=\"https:\/\/corporate.visitsweden.com\/nationellt-api\/\" target=\"_blank\" rel=\"noopener\">Besuchen Sie Schweden API<\/a> als frei zug\u00e4ngliche Daten, die f\u00fcr den Aufbau von Diensten mit schwedischen Besucherzielen verwendet werden k\u00f6nnen.<\/p>\n\n\n\n<p>Die gleichen Informationen, die wir an Visit Sweden senden, sind auch \u00fcber <a href=\"https:\/\/www.fjardhundraland.se\/wp-content\/visit\/fjh_places.json\">diese json-Datei.<\/a><\/p>\n\n\n\n<p><\/p>","protected":false},"excerpt":{"rendered":"<p>Die Standortdaten von Fj\u00e4rdhundraland sind in der API von Visit Sweden als offene Daten verf\u00fcgbar, die von denjenigen genutzt werden k\u00f6nnen, die Dienste mit schwedischen Besucherzielen erstellen. Die gleichen Informationen, die wir an Visit Sweden senden, stehen auch in dieser json-Datei zum Download bereit.<\/p>","protected":false},"author":1,"featured_media":0,"parent":1515,"menu_order":0,"comment_status":"closed","ping_status":"closed","template":"","meta":{"_acf_changed":false,"_relevanssi_hide_post":"","_relevanssi_hide_content":"","_relevanssi_pin_for_all":"","_relevanssi_pin_keywords":"","_relevanssi_unpin_keywords":"","_relevanssi_related_keywords":"","_relevanssi_related_include_ids":"","_relevanssi_related_exclude_ids":"","_relevanssi_related_no_append":"","_relevanssi_related_not_related":"","_relevanssi_related_posts":"13215,9569,16581,18099,17726,12584","_relevanssi_noindex_reason":"","_genesis_hide_title":false,"_genesis_hide_breadcrumbs":false,"_genesis_hide_singular_image":false,"_genesis_hide_footer_widgets":false,"_genesis_custom_body_class":"","_genesis_custom_post_class":"","_genesis_layout":"","footnotes":""},"categories":[],"tags":[],"class_list":{"0":"post-20264","1":"page","2":"type-page","3":"status-publish","5":"entry"},"acf":[],"visa":null,"geo_latitude":null,"geo_longitude":null,"featured_image_src":null,"featured_image_src_square":null,"jetpack-related-posts":[{"id":16710,"url":"https:\/\/www.fjardhundraland.se\/de\/visit-api-test\/","url_meta":{"origin":20264,"position":0},"title":"API-Test besuchen","author":"Mats Thorburn","date":"25 Oktober 2024","format":false,"excerpt":"","rel":"","context":"\u00c4hnlicher Beitrag","block_context":{"text":"\u00c4hnlicher Beitrag","link":""},"img":{"alt_text":"","src":"","width":0,"height":0},"classes":[]},{"id":5231,"url":"https:\/\/www.fjardhundraland.se\/de\/cykla\/","url_meta":{"origin":20264,"position":1},"title":"Radfahren auf dem Lande in der N\u00e4he von Natur und Kultur","author":"Mats Thorburn","date":"28 Juni 2018","format":false,"excerpt":"Radfahren auf kleinen Stra\u00dfen in der N\u00e4he von Stockholm, Uppsala und V\u00e4ster\u00e5s Aussichten, Caf\u00e9s, gutes Essen, Sehensw\u00fcrdigkeiten - aber vor allem diese kurvenreichen kleinen Stra\u00dfen durch eine sch\u00f6ne Agrarlandschaft, begleitet von Vogelgezwitscher und den Fl\u00fcgeln der Geschichte! Fj\u00e4rdhundraland hei\u00dft Sie als Radfahrer willkommen. Kleine Stra\u00dfen gibt es \u00fcberall, und das ist kein Zufall. In der Antike und im Mittelalter reisten die Menschen zu Fu\u00df und...","rel":"","context":"In &quot;Cykling&quot;","block_context":{"text":"Cykling","link":"https:\/\/www.fjardhundraland.se\/de\/cykling\/"},"img":{"alt_text":"Cyklar parkerade framf\u00f6r Nys\u00e4tra kyrka","src":"https:\/\/i0.wp.com\/www.fjardhundraland.se\/wp-content\/uploads\/2018\/06\/cykling.jpg?resize=350%2C200&ssl=1","width":350,"height":200,"srcset":"https:\/\/i0.wp.com\/www.fjardhundraland.se\/wp-content\/uploads\/2018\/06\/cykling.jpg?resize=350%2C200&ssl=1 1x, https:\/\/i0.wp.com\/www.fjardhundraland.se\/wp-content\/uploads\/2018\/06\/cykling.jpg?resize=525%2C300&ssl=1 1.5x, https:\/\/i0.wp.com\/www.fjardhundraland.se\/wp-content\/uploads\/2018\/06\/cykling.jpg?resize=700%2C400&ssl=1 2x, https:\/\/i0.wp.com\/www.fjardhundraland.se\/wp-content\/uploads\/2018\/06\/cykling.jpg?resize=1050%2C600&ssl=1 3x, https:\/\/i0.wp.com\/www.fjardhundraland.se\/wp-content\/uploads\/2018\/06\/cykling.jpg?resize=1400%2C800&ssl=1 4x"},"classes":[]},{"id":6725,"url":"https:\/\/www.fjardhundraland.se\/de\/om-fjardhundraland\/anvisningar-digitalt-arsmote\/","url_meta":{"origin":20264,"position":2},"title":"Anleitung f\u00fcr das digitale Jahrestreffen","author":"Mats Thorburn","date":"18 April 2020","format":false,"excerpt":"Willkommen zur Jahresversammlung von Fj\u00e4rdhundraland am Sonntag, den 19. April 2020! Hier ist der Link zur Videokonferenz: bit.ly\/fj-arsmHier sind die Unterlagen zur Jahresversammlung. Wir verwenden den Videokonferenzdienst Jitsi. F\u00fcr die Teilnahme ben\u00f6tigen Sie entweder einen Computer mit Internet und dem Google Chrome Browser (Firefox kann auch funktionieren) oder ein Smartphone \/ Tablet mit der Jitsi Meet App (Android - iPhone \/ iPad).","rel":"","context":"\u00c4hnlicher Beitrag","block_context":{"text":"\u00c4hnlicher Beitrag","link":""},"img":{"alt_text":"","src":"https:\/\/i0.wp.com\/www.fjardhundraland.se\/wp-content\/uploads\/2020\/04\/4-2.jpg?resize=350%2C200&ssl=1","width":350,"height":200,"srcset":"https:\/\/i0.wp.com\/www.fjardhundraland.se\/wp-content\/uploads\/2020\/04\/4-2.jpg?resize=350%2C200&ssl=1 1x, https:\/\/i0.wp.com\/www.fjardhundraland.se\/wp-content\/uploads\/2020\/04\/4-2.jpg?resize=525%2C300&ssl=1 1.5x, https:\/\/i0.wp.com\/www.fjardhundraland.se\/wp-content\/uploads\/2020\/04\/4-2.jpg?resize=700%2C400&ssl=1 2x, https:\/\/i0.wp.com\/www.fjardhundraland.se\/wp-content\/uploads\/2020\/04\/4-2.jpg?resize=1050%2C600&ssl=1 3x, https:\/\/i0.wp.com\/www.fjardhundraland.se\/wp-content\/uploads\/2020\/04\/4-2.jpg?resize=1400%2C800&ssl=1 4x"},"classes":[]},{"id":4530,"url":"https:\/\/www.fjardhundraland.se\/de\/evenemang-rundor\/rebusrundan10\/uppsalarundan-med-12-stopp\/","url_meta":{"origin":20264,"position":3},"title":"Uppsalaour mit 12 Haltestellen","author":"Ylva Fontell","date":"25 Juli 2017","format":false,"excerpt":"Dies ist ein Routenvorschlag f\u00fcr die Rebus-Runde, der f\u00fcr diejenigen geeignet ist, die von Uppsala kommen. Die Route f\u00fchrt durch die landwirtschaftlich gepr\u00e4gte Landschaft von Fj\u00e4rdhundraland, gemischt mit Wald und sch\u00f6nen T\u00e4lern. Viele tolle Naturerlebnisse warten auf Sie! Sie werden verschiedene Formen des Lebensmittelhandwerks finden, wie K\u00e4se, Marmeladen, Wurstwaren und Geb\u00e4ck. Sie k\u00f6nnen auch Eier, Blumen und Gartenpflanzen kaufen....","rel":"","context":"\u00c4hnlicher Beitrag","block_context":{"text":"\u00c4hnlicher Beitrag","link":""},"img":{"alt_text":"","src":"","width":0,"height":0},"classes":[]},{"id":4537,"url":"https:\/\/www.fjardhundraland.se\/de\/evenemang-rundor\/rebusrundan10\/sala-hebyrundan-med-13-stopp\/","url_meta":{"origin":20264,"position":4},"title":"Sala-Hebyrundan mit 13 Haltestellen","author":"Ylva Fontell","date":"25 Juli 2017","format":false,"excerpt":"Dies ist ein Routenvorschlag f\u00fcr Rebusrundan, der f\u00fcr diejenigen geeignet ist, die von Sala oder Heby kommen. Die Route f\u00fchrt durch die landwirtschaftliche Landschaft des Fj\u00e4rdhundraland, gemischt mit W\u00e4ldern und sch\u00f6nen T\u00e4lern. Viele tolle Naturerlebnisse warten auf Sie! Mehrere Haltestellen haben eine Menge Geschichte zu erz\u00e4hlen \u00fcber Runensteine, Soldatend\u00f6rfer und alte Dorfschulen. An mehreren Stellen gibt es \u00f6kologische...","rel":"","context":"\u00c4hnlicher Beitrag","block_context":{"text":"\u00c4hnlicher Beitrag","link":""},"img":{"alt_text":"","src":"","width":0,"height":0},"classes":[]},{"id":4572,"url":"https:\/\/www.fjardhundraland.se\/de\/evenemang-rundor\/rebusrundan10\/navigera-med-google-maps\/","url_meta":{"origin":20264,"position":5},"title":"Navigieren mit Google Maps","author":"Ylva Fontell","date":"26 Juli 2017","format":false,"excerpt":"Es gibt viele kurvenreiche Nebenstra\u00dfen in Fj\u00e4rdhundraland. Sie sind wundersch\u00f6n und Teil der Reise, aber manchmal ist es schwer zu wissen, welche die richtige ist, um an Ihr Ziel zu gelangen. Die Navigation mit Google Maps hilft Ihnen, Ihren Weg zu finden. Und so geht's: \u00d6ffnen Sie die...","rel":"","context":"\u00c4hnlicher Beitrag","block_context":{"text":"\u00c4hnlicher Beitrag","link":""},"img":{"alt_text":"","src":"","width":0,"height":0},"classes":[]}],"jetpack_sharing_enabled":true,"_links":{"self":[{"href":"https:\/\/www.fjardhundraland.se\/de\/wp-json\/wp\/v2\/pages\/20264","targetHints":{"allow":["GET"]}}],"collection":[{"href":"https:\/\/www.fjardhundraland.se\/de\/wp-json\/wp\/v2\/pages"}],"about":[{"href":"https:\/\/www.fjardhundraland.se\/de\/wp-json\/wp\/v2\/types\/page"}],"author":[{"embeddable":true,"href":"https:\/\/www.fjardhundraland.se\/de\/wp-json\/wp\/v2\/users\/1"}],"replies":[{"embeddable":true,"href":"https:\/\/www.fjardhundraland.se\/de\/wp-json\/wp\/v2\/comments?post=20264"}],"version-history":[{"count":5,"href":"https:\/\/www.fjardhundraland.se\/de\/wp-json\/wp\/v2\/pages\/20264\/revisions"}],"predecessor-version":[{"id":20271,"href":"https:\/\/www.fjardhundraland.se\/de\/wp-json\/wp\/v2\/pages\/20264\/revisions\/20271"}],"up":[{"embeddable":true,"href":"https:\/\/www.fjardhundraland.se\/de\/wp-json\/wp\/v2\/pages\/1515"}],"wp:attachment":[{"href":"https:\/\/www.fjardhundraland.se\/de\/wp-json\/wp\/v2\/media?parent=20264"}],"wp:term":[{"taxonomy":"category","embeddable":true,"href":"https:\/\/www.fjardhundraland.se\/de\/wp-json\/wp\/v2\/categories?post=20264"},{"taxonomy":"post_tag","embeddable":true,"href":"https:\/\/www.fjardhundraland.se\/de\/wp-json\/wp\/v2\/tags?post=20264"}],"curies":[{"name":"wp","href":"https:\/\/api.w.org\/{rel}","templated":true}]}}