
{"id":1903,"date":"2014-03-02T00:11:36","date_gmt":"2014-03-01T23:11:36","guid":{"rendered":"http:\/\/www.fjardhundraland.se\/?page_id=1903"},"modified":"2025-09-12T13:07:39","modified_gmt":"2025-09-12T11:07:39","slug":"wirtschaftsverband-fjardhundraland","status":"publish","type":"page","link":"https:\/\/www.fjardhundraland.se\/de\/uber-fjardhundraland\/wirtschaftsverband-fjardhundraland\/","title":{"rendered":"Verein Fj\u00e4rdhundraland"},"content":{"rendered":"<p><span style=\"line-height: 1.5em;\">Das Fj\u00e4rdhundraland wird im&nbsp;<\/span><em style=\"line-height: 1.5em;\">Verein Fj\u00e4rdhundraland<\/em><span style=\"line-height: 1.5em;\">entwickelt, der im Jahr 2011 gegr\u00fcndet wurde. Der Verband setzt sich f\u00fcr die Entwicklung der Tourismusbranche und die Schaffung neuer Partnerschaften ein.<\/span><span style=\"line-height: 1.5em;\">&nbsp;Unsere gesamte Arbeit zielt darauf ab, unseren Besuchern ein besseres Erlebnis zu bieten.&nbsp;<\/span><\/p>\n\n\n\n<h2 class=\"wp-block-heading\">M\u00f6chten Sie mehr \u00fcber die Fj\u00e4rdhundraland Cooperative Society erfahren?<\/h2>\n\n\n\n<p>Mehr lesen <a href=\"https:\/\/www.fjardhundraland.se\/de\/uber-fjardhundraland\/haufig-gestellte-fragen\/\">H\u00e4ufig gestellte Fragen hier<\/a>. Fj\u00e4rdhundraland hat seinen Ursprung im LEADER-Projekt <a href=\"https:\/\/www.fjardhundraland.se\/de\/2019\/10\/tourismus-in-der-fjardhundra-region\/\">Tourismus in Fj\u00e4rdhundrabygden<\/a> wurde von 2009 bis 2011 durchgef\u00fchrt.<\/p>\n\n\n\n<h2 class=\"wp-block-heading\">M\u00f6chten Sie Mitglied werden?<\/h2>\n\n\n\n<p><a aria-label=\"Lesen Sie hier mehr \u00fcber eine Mitgliedschaft (\u00f6ffnet in einem neuen Tab)\" href=\"https:\/\/www.fjardhundraland.se\/de\/uber-fjardhundraland\/wirtschaftsverband-fjardhundraland\/mitglied-werden\/\" target=\"_blank\" rel=\"noreferrer noopener\" class=\"rank-math-link\">Lesen Sie hier mehr \u00fcber eine Mitgliedschaft<\/a>.<\/p>\n\n\n\n<p><a href=\"https:\/\/docs.google.com\/forms\/d\/e\/1FAIpQLScCe_rZQnfBu34EVSGUUJtG988iqXa-gdolRRz-Cj-WGJcYtA\/viewform\" target=\"_blank\" aria-label=\" (\u00f6ffnet in einer neuen Registerkarte)\" rel=\"noreferrer noopener\" class=\"rank-math-link\">Antrag auf Austritt<\/a> (gilt nur f\u00fcr Vollmitglieder)<\/p>\n\n\n\n<h2 class=\"wp-block-heading\">Verwaltungsrat 2025-26<\/h2>\n\n\n\n<p>Thomas Bj\u00f6rk,\u00a0<a href=\"https:\/\/www.fjardhundraland.se\/de\/gerichte\/jadra-gard\/\">Bauernhof J\u00e4dra<\/a>, Vorsitzender <a href=\"mailto:thomas@fjardhundraland.se\">thomas@fjardhundraland.se<\/a>, 070-899 29 19.<br>Mats Thorburn, <a title=\"Pekoe Bio-Tee\" href=\"https:\/\/www.fjardhundraland.se\/de\/gerichte\/pekoe-bio-tee\/\">Pekoe Bio-Tee<\/a>, stellvertretender Vorsitzender, <a href=\"mailto:mats@fjardhundraland.se\">mats@fjardhundraland.se<\/a>, 0701-739399.<br>Inga Ekblom, <a title=\"Gyllene Brunnen Party und Konferenz\" href=\"https:\/\/www.fjardhundraland.se\/de\/gerichte\/gyllene-brunnen-fest-och-konferens\/\">Der Goldene Brunnen<\/a>, Kass\u00f6r<br>Diana Hallberg, <a href=\"https:\/\/www.fjardhundraland.se\/de\/gerichte\/dh-keramik\/\" data-type=\"plats\" data-id=\"8358\">DH-Keramik<\/a><br>Elin Nyfjord, <a href=\"https:\/\/www.fjardhundraland.se\/de\/gerichte\/schloss-ekolsund-stationsgebaude\/\" data-type=\"plats\" data-id=\"8449\">Schloss &amp; Bauernhof Ekolsund<\/a> <br>Jennie H\u00f6gberg, <a href=\"https:\/\/www.fjardhundraland.se\/de\/gerichte\/hogbergs-bus-mit-der-uppland-tour\/\" data-type=\"plats\" data-id=\"12619\">H\u00f6gberg-Bus<\/a><br>Margareta Backstr\u00f6m \u00d6berg, <a href=\"https:\/\/www.fjardhundraland.se\/de\/gerichte\/faule-gore\/\" data-type=\"plats\" data-id=\"3759\">Lata pigan<\/a><br><\/p>\n\n\n\n<h2 class=\"wp-block-heading\">Grafisches Profil<\/h2>\n\n\n\n<p><span style=\"line-height: 1.5em;\">&nbsp;<\/span><a href=\"https:\/\/www.fjardhundraland.se\/de\/uber-fjardhundraland\/grafikprofil\/\">Hier finden Sie das Logo und eine Anleitung f\u00fcr das Grafikprofil.<\/a><\/p>","protected":false},"excerpt":{"rendered":"<p>Fj\u00e4rdhundraland utvecklas inom&nbsp;Fj\u00e4rdhundraland ekonomisk f\u00f6rening, som bildades 2011. F\u00f6reningen arbetar med att utveckla bes\u00f6ksn\u00e4ring och skapa nya samarbeten.&nbsp;Allt arbete syftar till att ge v\u00e5ra bes\u00f6kare en b\u00e4ttre upplevelse.&nbsp; Vill du veta mer om&nbsp;Fj\u00e4rdhundraland ekonomisk f\u00f6rening? L\u00e4s Vanliga fr\u00e5gor h\u00e4r. Fj\u00e4rdhundraland har sin upprinnelse i LEADER-projektet Turism i Fj\u00e4rdhundrabygden som p\u00e5gick 2009\u20132011. Vill du bli medlem? [&hellip;]<\/p>\n","protected":false},"author":1,"featured_media":0,"parent":1515,"menu_order":41,"comment_status":"closed","ping_status":"closed","template":"","meta":{"_acf_changed":false,"_relevanssi_hide_post":"","_relevanssi_hide_content":"","_relevanssi_pin_for_all":"","_relevanssi_pin_keywords":"","_relevanssi_unpin_keywords":"","_relevanssi_related_keywords":"","_relevanssi_related_include_ids":"","_relevanssi_related_exclude_ids":"","_relevanssi_related_no_append":"","_relevanssi_related_not_related":"","_relevanssi_related_posts":"4786,3022,11478,41,5379,6296","_relevanssi_noindex_reason":"","_genesis_hide_title":false,"_genesis_hide_breadcrumbs":false,"_genesis_hide_singular_image":false,"_genesis_hide_footer_widgets":false,"_genesis_custom_body_class":"","_genesis_custom_post_class":"","_genesis_layout":"","footnotes":""},"categories":[],"tags":[],"class_list":{"0":"post-1903","1":"page","2":"type-page","3":"status-publish","5":"entry"},"acf":[],"visa":null,"geo_latitude":null,"geo_longitude":null,"featured_image_src":null,"featured_image_src_square":null,"jetpack-related-posts":[{"id":7312,"url":"https:\/\/www.fjardhundraland.se\/de\/uber-fjardhundraland\/wirtschaftsverband-fjardhundraland\/mitglied-werden\/","url_meta":{"origin":1903,"position":0},"title":"Mitglied werden","author":"Mats Thorburn","date":"8 September 2020","format":false,"excerpt":"Willkommen als Mitglied der Wirtschaftsvereinigung Fj\u00e4rdhundraland! Die Tatsache, dass Sie Mitglied werden, st\u00e4rkt unser gemeinsames Netzwerk und macht uns noch besser, um unseren Besuchern ein gutes Erlebnis zu bieten. F\u00fcllen Sie hier das Anmeldeformular aus. Zehn gute Gr\u00fcnde, Mitglied zu werden Sie finden es wichtig, zusammenzuarbeiten. 1+1=3.Sie...","rel":"","context":"\u00c4hnlicher Beitrag","block_context":{"text":"\u00c4hnlicher Beitrag","link":""},"img":{"alt_text":"","src":"","width":0,"height":0},"classes":[]},{"id":6016,"url":"https:\/\/www.fjardhundraland.se\/de\/uber-fjardhundraland\/haufig-gestellte-fragen\/","url_meta":{"origin":1903,"position":1},"title":"H\u00e4ufig gestellte Fragen","author":"Mats Thorburn","date":"11 September 2019","format":false,"excerpt":"Wo befindet sich Fj\u00e4rdhundraland? Unser Gebiet wird dadurch definiert, wo sich unsere Mitglieder befinden - zwischen V\u00e4ster\u00e5s, Sala, Str\u00e4ngn\u00e4s, Uppsala, Enk\u00f6ping und Stockholm. Wir haben keine Grenzen festgelegt, weil Grenzen f\u00fcr Besucher uninteressant sind. Werfen Sie einen Blick auf die Karte! Was bedeutet \u201dFj\u00e4rdhundraland\u201d? Der Name stammt von der gleichnamigen wikingischen\/mittelalterlichen Nation....","rel":"","context":"\u00c4hnlicher Beitrag","block_context":{"text":"\u00c4hnlicher Beitrag","link":""},"img":{"alt_text":"","src":"","width":0,"height":0},"classes":[]},{"id":1515,"url":"https:\/\/www.fjardhundraland.se\/de\/uber-fjardhundraland\/","url_meta":{"origin":1903,"position":2},"title":"\u00dcber Fj\u00e4rdhundraland","author":"Mats Thorburn","date":"8 Januar 2014","format":false,"excerpt":"In Fj\u00e4rdhundraland bringen wir tolle Erlebnisse in einer lebendigen Landschaft mit Geschichte, Naturerlebnissen und aufstrebenden Kleinunternehmen zusammen: Caf\u00e9s, Unterk\u00fcnfte, Hofl\u00e4den und vieles mehr! Jede Menge Lebensmittel, Kunsthandwerk, Natur, Kultur - alles innerhalb einer Stunde von Stockholm, Uppsala und V\u00e4ster\u00e5s. Der Name Fj\u00e4rdhundraland stammt aus dem mittelalterlichen Volksland Fj\u00e4drundaland. Das heutige Fj\u00e4rdhundraland hat keine Grenzen. Das Ziel ist es, ein gro\u00dfes Gebiet von...","rel":"","context":"\u00c4hnlicher Beitrag","block_context":{"text":"\u00c4hnlicher Beitrag","link":""},"img":{"alt_text":"","src":"","width":0,"height":0},"classes":[]},{"id":15836,"url":"https:\/\/www.fjardhundraland.se\/de\/projekt\/","url_meta":{"origin":1903,"position":3},"title":"Das Projekt","author":"Mats Thorburn","date":"26 Mai 2024","format":false,"excerpt":"Manchmal sucht der Wirtschaftsverband Fj\u00e4rhundraland nach Projekten, um Ideen umsetzen zu k\u00f6nnen, die mehr Ressourcen erfordern, als wir f\u00fcr unsere regul\u00e4ren Aktivit\u00e4ten haben. Hier sind Projekte aufgelistet, die wir durchf\u00fchren oder durchgef\u00fchrt haben. Die Liste ist nicht vollst\u00e4ndig und wird laufend erg\u00e4nzt. Wandern und Tourismus in Fj\u00e4rdhundraland - 2023 - 31. Oktober 2024....","rel":"","context":"\u00c4hnlicher Beitrag","block_context":{"text":"\u00c4hnlicher Beitrag","link":""},"img":{"alt_text":"","src":"","width":0,"height":0},"classes":[]},{"id":9481,"url":"https:\/\/www.fjardhundraland.se\/de\/uber-fjardhundraland\/vortrag-entwicklungszusammenarbeit\/","url_meta":{"origin":1903,"position":4},"title":"Einen Vortrag buchen","author":"Mats Thorburn","date":"10 November 2021","format":false,"excerpt":"Ein Vortrag ist ein gro\u00dfartiger Start f\u00fcr ein Projekt zur Entwicklung des l\u00e4ndlichen Raums oder eines Reiseziels, oder wenn Sie die Vorteile der Zusammenarbeit aufzeigen wollen! Fj\u00e4rdhundraland hat ein Reiseziel innerhalb von zehn Jahren von Null auf 150 Mitglieder aufgebaut, angefangen mit einem Leader-Projekt. Jetzt k\u00f6nnen Sie einen der beliebten Vortr\u00e4ge von Mats Thorburn buchen...","rel":"","context":"\u00c4hnlicher Beitrag","block_context":{"text":"\u00c4hnlicher Beitrag","link":""},"img":{"alt_text":"Stora turismpriset utdelning december 2019 Mats Thorburn","src":"https:\/\/i0.wp.com\/www.fjardhundraland.se\/wp-content\/uploads\/2021\/11\/stora-turismpriset-utdelning-december-2019-mats-thorburn.jpg?resize=350%2C200&ssl=1","width":350,"height":200,"srcset":"https:\/\/i0.wp.com\/www.fjardhundraland.se\/wp-content\/uploads\/2021\/11\/stora-turismpriset-utdelning-december-2019-mats-thorburn.jpg?resize=350%2C200&ssl=1 1x, https:\/\/i0.wp.com\/www.fjardhundraland.se\/wp-content\/uploads\/2021\/11\/stora-turismpriset-utdelning-december-2019-mats-thorburn.jpg?resize=525%2C300&ssl=1 1.5x, https:\/\/i0.wp.com\/www.fjardhundraland.se\/wp-content\/uploads\/2021\/11\/stora-turismpriset-utdelning-december-2019-mats-thorburn.jpg?resize=700%2C400&ssl=1 2x, https:\/\/i0.wp.com\/www.fjardhundraland.se\/wp-content\/uploads\/2021\/11\/stora-turismpriset-utdelning-december-2019-mats-thorburn.jpg?resize=1050%2C600&ssl=1 3x, https:\/\/i0.wp.com\/www.fjardhundraland.se\/wp-content\/uploads\/2021\/11\/stora-turismpriset-utdelning-december-2019-mats-thorburn.jpg?resize=1400%2C800&ssl=1 4x"},"classes":[]},{"id":2420,"url":"https:\/\/www.fjardhundraland.se\/de\/wenn-sie-tipps-zu-veranstaltungen-wunschen\/","url_meta":{"origin":1903,"position":5},"title":"M\u00f6chten Sie Tipps von Fj\u00e4rdhundraland?","author":"Mats Thorburn","date":"20 Juni 2014","format":false,"excerpt":"Geben Sie hier Ihre E-Mail-Adresse ein und wir informieren Sie, wenn etwas ansteht! Abonnieren * obligatorische E-Mail * Vorname Nachname Erlaubnis Fj\u00e4rdhundraland Economic Association wird diese Informationen nur verwenden, um Einladungen und Informationen per E-Mail zu versenden.","rel":"","context":"\u00c4hnlicher Beitrag","block_context":{"text":"\u00c4hnlicher Beitrag","link":""},"img":{"alt_text":"","src":"","width":0,"height":0},"classes":[]}],"jetpack_sharing_enabled":true,"_links":{"self":[{"href":"https:\/\/www.fjardhundraland.se\/de\/wp-json\/wp\/v2\/pages\/1903","targetHints":{"allow":["GET"]}}],"collection":[{"href":"https:\/\/www.fjardhundraland.se\/de\/wp-json\/wp\/v2\/pages"}],"about":[{"href":"https:\/\/www.fjardhundraland.se\/de\/wp-json\/wp\/v2\/types\/page"}],"author":[{"embeddable":true,"href":"https:\/\/www.fjardhundraland.se\/de\/wp-json\/wp\/v2\/users\/1"}],"replies":[{"embeddable":true,"href":"https:\/\/www.fjardhundraland.se\/de\/wp-json\/wp\/v2\/comments?post=1903"}],"version-history":[{"count":3,"href":"https:\/\/www.fjardhundraland.se\/de\/wp-json\/wp\/v2\/pages\/1903\/revisions"}],"predecessor-version":[{"id":18889,"href":"https:\/\/www.fjardhundraland.se\/de\/wp-json\/wp\/v2\/pages\/1903\/revisions\/18889"}],"up":[{"embeddable":true,"href":"https:\/\/www.fjardhundraland.se\/de\/wp-json\/wp\/v2\/pages\/1515"}],"wp:attachment":[{"href":"https:\/\/www.fjardhundraland.se\/de\/wp-json\/wp\/v2\/media?parent=1903"}],"wp:term":[{"taxonomy":"category","embeddable":true,"href":"https:\/\/www.fjardhundraland.se\/de\/wp-json\/wp\/v2\/categories?post=1903"},{"taxonomy":"post_tag","embeddable":true,"href":"https:\/\/www.fjardhundraland.se\/de\/wp-json\/wp\/v2\/tags?post=1903"}],"curies":[{"name":"wp","href":"https:\/\/api.w.org\/{rel}","templated":true}]}}