
{"id":1809,"date":"2014-02-28T12:18:06","date_gmt":"2014-02-28T11:18:06","guid":{"rendered":"http:\/\/www.fjardhundraland.se\/?page_id=1809"},"modified":"2020-03-12T08:54:30","modified_gmt":"2020-03-12T07:54:30","slug":"grafikprofil","status":"publish","type":"page","link":"https:\/\/www.fjardhundraland.se\/de\/uber-fjardhundraland\/grafikprofil\/","title":{"rendered":"Grafisches Profil"},"content":{"rendered":"<p>Das Profil ist einfach. Es hat drei Hauptelemente: das Logo, die Farben und die Schriftart der \u00dcberschrift.<\/p>\n\n\n\n<h2 class=\"wp-block-heading\">Logotypen<figure><a href=\"https:\/\/www.fjardhundraland.se\/wp-content\/uploads\/2013\/12\/LogoFjardhundraland250px.png\"><img decoding=\"async\" data-attachment-id=\"1002\" data-permalink=\"https:\/\/www.fjardhundraland.se\/de\/uber-fjardhundraland\/grafikprofil\/attachment\/logofjardhundraland250px\/\" data-orig-file=\"https:\/\/www.fjardhundraland.se\/wp-content\/uploads\/2013\/12\/LogoFjardhundraland250px.png\" data-orig-size=\"250,250\" data-comments-opened=\"0\" data-image-meta=\"{&quot;aperture&quot;:&quot;0&quot;,&quot;credit&quot;:&quot;&quot;,&quot;camera&quot;:&quot;&quot;,&quot;caption&quot;:&quot;&quot;,&quot;created_timestamp&quot;:&quot;0&quot;,&quot;copyright&quot;:&quot;&quot;,&quot;focal_length&quot;:&quot;0&quot;,&quot;iso&quot;:&quot;0&quot;,&quot;shutter_speed&quot;:&quot;0&quot;,&quot;title&quot;:&quot;&quot;,&quot;orientation&quot;:&quot;0&quot;}\" data-image-title=\"LogoFjardhundraland250px\" data-image-description=\"\" data-image-caption=\"\" data-medium-file=\"https:\/\/www.fjardhundraland.se\/wp-content\/uploads\/2013\/12\/LogoFjardhundraland250px.png\" data-large-file=\"https:\/\/www.fjardhundraland.se\/wp-content\/uploads\/2013\/12\/LogoFjardhundraland250px.png\" class=\"wp-image-1002 alignright\" src=\"https:\/\/www.fjardhundraland.se\/wp-content\/uploads\/2013\/12\/LogoFjardhundraland250px.png\" alt=\"LogoFjardhundraland250px\" width=\"192\" height=\"192\" title=\"\"><\/a><\/figure><\/h2>\n\n\n\n<p>Das Logo setzt sich durch. Durch seine Verwendung <strong>so oft wir k\u00f6nnen<\/strong> wir st\u00e4rken die Marke und machen das Gebiet attraktiver.<\/p>\n\n\n\n<p>Herunterladen <a title=\"Logo f\u00fcr Drucksachen EPS\" href=\"https:\/\/drive.google.com\/folderview?id=0Bz4NHYxkqfkzdUJXQncydGNoQ28&amp;usp=sharing\" target=\"_blank\" rel=\"noopener noreferrer\">f\u00fcr Drucksachen<\/a> \u2022 <a title=\"F\u00fcr das B\u00fcro\" href=\"https:\/\/drive.google.com\/folderview?id=0Bz4NHYxkqfkzTTY5aVJOU2FsZXc&amp;usp=sharing\" target=\"_blank\" rel=\"noopener noreferrer\">f\u00fcr B\u00fcro<\/a> \u2022 <a title=\"F\u00fcr Web\" href=\"https:\/\/drive.google.com\/folderview?id=0Bz4NHYxkqfkzSWxQVkE3c0o0Rlk&amp;usp=sharing\" target=\"_blank\" rel=\"noopener noreferrer\">f\u00fcr Web<\/a>.<\/p>\n\n\n\n<p class=\"has-text-align-left\"><img decoding=\"async\" width=\"141\" height=\"141\" data-attachment-id=\"6532\" data-permalink=\"https:\/\/www.fjardhundraland.se\/de\/uber-fjardhundraland\/grafikprofil\/attachment\/medlem-fjardhundraland-stora-turismpriset\/\" data-orig-file=\"https:\/\/www.fjardhundraland.se\/wp-content\/uploads\/2020\/03\/medlem-fjardhundraland-stora-turismpriset.svg\" data-orig-size=\"141,141\" data-comments-opened=\"0\" data-image-meta=\"[]\" data-image-title=\"Medlem-Fjardhundraland-Stora-Turismpriset\" data-image-description=\"\" data-image-caption=\"\" data-medium-file=\"https:\/\/www.fjardhundraland.se\/wp-content\/uploads\/2020\/03\/medlem-fjardhundraland-stora-turismpriset.svg\" data-large-file=\"https:\/\/www.fjardhundraland.se\/wp-content\/uploads\/2020\/03\/medlem-fjardhundraland-stora-turismpriset.svg\" class=\"wp-image-6532\" style=\"width: 141.8px;\" src=\"https:\/\/www.fjardhundraland.se\/wp-content\/uploads\/2020\/03\/medlem-fjardhundraland-stora-turismpriset.svg\" alt=\"Logo Fj\u00e4rdhundraland mit Text Winner Grand Tourism Prize 2019\" title=\"\"><br><a href=\"http:\/\/j.mp\/fjh-turism-logo\">Logo mit Text Gro\u00dfer Tourismuspreis<\/a> (nur f\u00fcr Mitglieder).<\/p>\n\n\n\n<h2 class=\"wp-block-heading\">Farben<\/h2>\n\n\n\n<p>Die Hauptfarben sind Dunkelrot und Dunkelblau. F\u00fchlen Sie sich frei, sie irgendwo als Basis zu verwenden.<\/p>\n\n\n\n<p><span style=\"color: #8a1b1a;\"><strong>Rot:<\/strong><br><\/span>PMS484 - C 25%, M 100%, Y 100%, K 29% - #8A1B1A - R 138, G 27, B 26<\/p>\n\n\n\n<p><span style=\"color: #24265f;\"><strong>Blau:<\/strong><\/span><br>PMS2766 - C 100%, M 97%, Y 30%, K 25% - #24265F - R 36, G 38, B 95<\/p>\n\n\n\n<h2 class=\"wp-block-heading\">Schriftart<\/h2>\n\n\n\n<p>Die Schriftart der \u00dcberschrift hei\u00dft <a title=\"Gotischer Bund\" href=\"https:\/\/www.theleagueofmoveabletype.com\/league-gothic\" target=\"_blank\" rel=\"noopener noreferrer\">Gotischer Bund<\/a> und ist Open Source, d.h. frei zu verwenden. <a title=\"Schriftart\" href=\"https:\/\/drive.google.com\/folderview?id=0Bz4NHYxkqfkzbWpvc1dwX2xpQ2M&amp;usp=sharing\" target=\"_blank\" rel=\"noopener noreferrer\">Hier herunterladen<\/a>. Verwenden Sie es in \u00dcberschriften, wie Gro\u00dfbuchstaben (upper case). <a title=\"Beispiel\" href=\"https:\/\/drive.google.com\/folderview?id=0B59-Y2_D-G_NeDVneklvbU5JX0U&amp;usp=sharing\" target=\"_blank\" rel=\"noopener noreferrer\">Hier finden Sie Beispiele f\u00fcr die Umsetzung<\/a>.<\/p>\n\n\n\n<p>Sie w\u00e4hlen die Schriftart f\u00fcr den Flie\u00dftext. <\/p>\n\n\n\n<p>Alle Dateien sind auch verf\u00fcgbar <a title=\"Alle Dateien Profil Fj\u00e4rdhundraland\" href=\"https:\/\/drive.google.com\/folderview?id=0Bz4NHYxkqfkzN2U0NWI1MzAtNGI3ZC00NmRmLTllZmUtMzE5Y2ZlM2E0MTk3&amp;usp=sharing\" target=\"_blank\" rel=\"noopener noreferrer\">hier gesammelt<\/a>. Fragen: <a href=\"mailto:mats@underhuset.com\">Mats Thorburn<\/a>, 0701-739399.<\/p>\n\n\n\n<p><strong>PS<\/strong>Zeigen Sie, dass Sie ein Mitglied sind, indem Sie <a title=\"Mitgliedsplakette\" rel=\"noopener noreferrer\" href=\"https:\/\/drive.google.com\/folderview?id=0B59-Y2_D-G_NRmxrUmFiMExjdnM&amp;usp=sharing\" target=\"_blank\">f\u00fcgen Sie dies zu Ihrer Website hinzu<\/a>.<\/p>\n\n\n\n<p><img decoding=\"async\" width=\"150\" height=\"217\" data-attachment-id=\"6529\" data-permalink=\"https:\/\/www.fjardhundraland.se\/de\/uber-fjardhundraland\/grafikprofil\/attachment\/medlemfjardhundraland-2\/\" data-orig-file=\"https:\/\/www.fjardhundraland.se\/wp-content\/uploads\/2020\/03\/medlemfjardhundraland.png\" data-orig-size=\"300,434\" data-comments-opened=\"0\" data-image-meta=\"{&quot;aperture&quot;:&quot;0&quot;,&quot;credit&quot;:&quot;&quot;,&quot;camera&quot;:&quot;&quot;,&quot;caption&quot;:&quot;&quot;,&quot;created_timestamp&quot;:&quot;0&quot;,&quot;copyright&quot;:&quot;&quot;,&quot;focal_length&quot;:&quot;0&quot;,&quot;iso&quot;:&quot;0&quot;,&quot;shutter_speed&quot;:&quot;0&quot;,&quot;title&quot;:&quot;&quot;,&quot;orientation&quot;:&quot;0&quot;}\" data-image-title=\"MedlemFjardhundraland\" data-image-description=\"\" data-image-caption=\"\" data-medium-file=\"https:\/\/www.fjardhundraland.se\/wp-content\/uploads\/2020\/03\/medlemfjardhundraland.png\" data-large-file=\"https:\/\/www.fjardhundraland.se\/wp-content\/uploads\/2020\/03\/medlemfjardhundraland.png\" class=\"wp-image-6529\" style=\"width: 150px;\" src=\"https:\/\/www.fjardhundraland.se\/wp-content\/uploads\/2020\/03\/medlemfjardhundraland.png\" alt=\"\" title=\"\"><\/p>","protected":false},"excerpt":{"rendered":"<p>Profilen \u00e4r enkel. Den har tre huvudsakliga delar: logotypen, f\u00e4rgerna och rubriktypsnittet. Logotypen Logotypen \u00e4r p\u00e5 v\u00e4g att bli inarbetad. Genom att anv\u00e4nda den s\u00e5 ofta vi kan st\u00e4rker vi varum\u00e4rket och g\u00f6r omr\u00e5det mer attraktivt. H\u00e4mta f\u00f6r trycksaker \u2022 f\u00f6r Office \u2022 f\u00f6r webb. Logo med text Stora Turismpriset (endast f\u00f6r medlemmar). F\u00e4rger Huvudf\u00e4rgerna [&hellip;]<\/p>\n","protected":false},"author":4,"featured_media":0,"parent":1515,"menu_order":43,"comment_status":"open","ping_status":"open","template":"","meta":{"_acf_changed":false,"_relevanssi_hide_post":"","_relevanssi_hide_content":"","_relevanssi_pin_for_all":"","_relevanssi_pin_keywords":"","_relevanssi_unpin_keywords":"","_relevanssi_related_keywords":"","_relevanssi_related_include_ids":"","_relevanssi_related_exclude_ids":"","_relevanssi_related_no_append":"","_relevanssi_related_not_related":"","_relevanssi_related_posts":"","_relevanssi_noindex_reason":"","_genesis_hide_title":false,"_genesis_hide_breadcrumbs":false,"_genesis_hide_singular_image":false,"_genesis_hide_footer_widgets":false,"_genesis_custom_body_class":"","_genesis_custom_post_class":"","_genesis_layout":"","footnotes":""},"categories":[],"tags":[],"class_list":{"0":"post-1809","1":"page","2":"type-page","3":"status-publish","5":"entry"},"acf":[],"visa":null,"geo_latitude":null,"geo_longitude":null,"featured_image_src":null,"featured_image_src_square":null,"jetpack-related-posts":[{"id":1903,"url":"https:\/\/www.fjardhundraland.se\/de\/uber-fjardhundraland\/wirtschaftsverband-fjardhundraland\/","url_meta":{"origin":1809,"position":0},"title":"Verein Fj\u00e4rdhundraland","author":"Mats Thorburn","date":"2 M\u00e4rz 2014","format":false,"excerpt":"Fj\u00e4rdhundraland wird im Rahmen des 2011 gegr\u00fcndeten Wirtschaftsverbands Fj\u00e4rdhundraland entwickelt. Der Verband arbeitet an der Entwicklung der Tourismusindustrie und der Schaffung neuer Partnerschaften. Alle Arbeiten zielen darauf ab, unseren Besuchern ein besseres Erlebnis zu bieten.  M\u00f6chten Sie mehr \u00fcber die Wirtschaftsvereinigung Fj\u00e4rdhundraland erfahren? Lesen Sie hier die h\u00e4ufig gestellten Fragen. Fj\u00e4rdhundraland hat seinen Ursprung in dem LEADER-Projekt Tourismus in Fj\u00e4rdhundrabygden, das...","rel":"","context":"\u00c4hnlicher Beitrag","block_context":{"text":"\u00c4hnlicher Beitrag","link":""},"img":{"alt_text":"","src":"","width":0,"height":0},"classes":[]},{"id":7759,"url":"https:\/\/www.fjardhundraland.se\/de\/uber-fjardhundraland\/fur-sie-als-neues-mitglied\/","url_meta":{"origin":1809,"position":1},"title":"F\u00fcr neue Mitglieder","author":"Mats Thorburn","date":"13 M\u00e4rz 2021","format":false,"excerpt":"Willkommen bei Fj\u00e4rdhundraland! Fj\u00e4rdhundraland ist das, was wir daraus machen - gemeinsam k\u00f6nnen wir etwas wirklich Gutes f\u00fcr unsere Besucher tun! Durch die Zusammenarbeit kann ich mit dem beitragen, was mir leicht f\u00e4llt, und mir von anderen helfen lassen, was ich schwierig finde. In Fj\u00e4rdhundraland arbeiten wir im Namen unserer Besucher - sie...","rel":"","context":"In &quot;Inl\u00e4gg&quot;","block_context":{"text":"Inl\u00e4gg","link":"https:\/\/www.fjardhundraland.se\/de\/einlage\/"},"img":{"alt_text":"","src":"","width":0,"height":0},"classes":[]},{"id":6016,"url":"https:\/\/www.fjardhundraland.se\/de\/uber-fjardhundraland\/haufig-gestellte-fragen\/","url_meta":{"origin":1809,"position":2},"title":"H\u00e4ufig gestellte Fragen","author":"Mats Thorburn","date":"11 September 2019","format":false,"excerpt":"Wo befindet sich Fj\u00e4rdhundraland? Unser Gebiet wird dadurch definiert, wo sich unsere Mitglieder befinden - zwischen V\u00e4ster\u00e5s, Sala, Str\u00e4ngn\u00e4s, Uppsala, Enk\u00f6ping und Stockholm. Wir haben keine Grenzen festgelegt, weil Grenzen f\u00fcr Besucher uninteressant sind. Werfen Sie einen Blick auf die Karte! Was bedeutet \u201dFj\u00e4rdhundraland\u201d? Der Name stammt von der gleichnamigen wikingischen\/mittelalterlichen Nation....","rel":"","context":"\u00c4hnlicher Beitrag","block_context":{"text":"\u00c4hnlicher Beitrag","link":""},"img":{"alt_text":"","src":"","width":0,"height":0},"classes":[]},{"id":5231,"url":"https:\/\/www.fjardhundraland.se\/de\/zyklus\/","url_meta":{"origin":1809,"position":3},"title":"Radfahren auf dem Lande in der N\u00e4he von Natur und Kultur","author":"Mats Thorburn","date":"28 Juni 2018","format":false,"excerpt":"Radfahren auf kleinen Stra\u00dfen in der N\u00e4he von Stockholm, Uppsala und V\u00e4ster\u00e5s Aussichten, Caf\u00e9s, gutes Essen, Sehensw\u00fcrdigkeiten - aber vor allem diese kurvenreichen kleinen Stra\u00dfen durch eine sch\u00f6ne Agrarlandschaft, begleitet von Vogelgezwitscher und den Fl\u00fcgeln der Geschichte! Fj\u00e4rdhundraland hei\u00dft Sie als Radfahrer willkommen. Kleine Stra\u00dfen gibt es \u00fcberall, und das ist kein Zufall. In der Antike und im Mittelalter reisten die Menschen zu Fu\u00df und...","rel":"","context":"In &quot;Cykling&quot;","block_context":{"text":"Cykling","link":"https:\/\/www.fjardhundraland.se\/de\/radfahren\/"},"img":{"alt_text":"Cyklar parkerade framf\u00f6r Nys\u00e4tra kyrka","src":"https:\/\/i0.wp.com\/www.fjardhundraland.se\/wp-content\/uploads\/2018\/06\/cykling.jpg?resize=350%2C200&ssl=1","width":350,"height":200,"srcset":"https:\/\/i0.wp.com\/www.fjardhundraland.se\/wp-content\/uploads\/2018\/06\/cykling.jpg?resize=350%2C200&ssl=1 1x, https:\/\/i0.wp.com\/www.fjardhundraland.se\/wp-content\/uploads\/2018\/06\/cykling.jpg?resize=525%2C300&ssl=1 1.5x, https:\/\/i0.wp.com\/www.fjardhundraland.se\/wp-content\/uploads\/2018\/06\/cykling.jpg?resize=700%2C400&ssl=1 2x, https:\/\/i0.wp.com\/www.fjardhundraland.se\/wp-content\/uploads\/2018\/06\/cykling.jpg?resize=1050%2C600&ssl=1 3x, https:\/\/i0.wp.com\/www.fjardhundraland.se\/wp-content\/uploads\/2018\/06\/cykling.jpg?resize=1400%2C800&ssl=1 4x"},"classes":[]},{"id":20251,"url":"https:\/\/www.fjardhundraland.se\/de\/einlage\/2026\/pask-in-fjardhundraland-2019\/","url_meta":{"origin":1809,"position":4},"title":"Ostern in Fj\u00e4rdhundraland","author":"Marloes","date":"18 M\u00e4rz 2026","format":false,"excerpt":"Den Fr\u00fchling erlebt man am besten auf dem Lande in der N\u00e4he der Stadt. Das ist die feste \u00dcberzeugung vieler Fj\u00e4rdhundraland-Mitglieder. Denn naturnah, in einer h\u00fcgeligen Kulturlandschaft mit Hofl\u00e4den, T\u00f6pferwerkst\u00e4tten und Caf\u00e9s, kann man im Fr\u00fchling den Gesang der V\u00f6gel noch besser h\u00f6ren und den w\u00fcrzigen Duft der lebendig werdenden Erde riechen. Und das...","rel":"","context":"\u00c4hnlicher Beitrag","block_context":{"text":"\u00c4hnlicher Beitrag","link":""},"img":{"alt_text":"","src":"https:\/\/i0.wp.com\/www.fjardhundraland.se\/wp-content\/uploads\/2021\/04\/pask-i-fjardhundraland-tupp-och-hona.jpg?resize=350%2C200&ssl=1","width":350,"height":200,"srcset":"https:\/\/i0.wp.com\/www.fjardhundraland.se\/wp-content\/uploads\/2021\/04\/pask-i-fjardhundraland-tupp-och-hona.jpg?resize=350%2C200&ssl=1 1x, https:\/\/i0.wp.com\/www.fjardhundraland.se\/wp-content\/uploads\/2021\/04\/pask-i-fjardhundraland-tupp-och-hona.jpg?resize=525%2C300&ssl=1 1.5x, https:\/\/i0.wp.com\/www.fjardhundraland.se\/wp-content\/uploads\/2021\/04\/pask-i-fjardhundraland-tupp-och-hona.jpg?resize=700%2C400&ssl=1 2x, https:\/\/i0.wp.com\/www.fjardhundraland.se\/wp-content\/uploads\/2021\/04\/pask-i-fjardhundraland-tupp-och-hona.jpg?resize=1050%2C600&ssl=1 3x, https:\/\/i0.wp.com\/www.fjardhundraland.se\/wp-content\/uploads\/2021\/04\/pask-i-fjardhundraland-tupp-och-hona.jpg?resize=1400%2C800&ssl=1 4x"},"classes":[]},{"id":7312,"url":"https:\/\/www.fjardhundraland.se\/de\/uber-fjardhundraland\/wirtschaftsverband-fjardhundraland\/mitglied-werden\/","url_meta":{"origin":1809,"position":5},"title":"Mitglied werden","author":"Mats Thorburn","date":"8 September 2020","format":false,"excerpt":"Willkommen als Mitglied der Wirtschaftsvereinigung Fj\u00e4rdhundraland! Die Tatsache, dass Sie Mitglied werden, st\u00e4rkt unser gemeinsames Netzwerk und macht uns noch besser, um unseren Besuchern ein gutes Erlebnis zu bieten. F\u00fcllen Sie hier das Anmeldeformular aus. Zehn gute Gr\u00fcnde, Mitglied zu werden Sie finden es wichtig, zusammenzuarbeiten. 1+1=3.Sie...","rel":"","context":"\u00c4hnlicher Beitrag","block_context":{"text":"\u00c4hnlicher Beitrag","link":""},"img":{"alt_text":"","src":"","width":0,"height":0},"classes":[]}],"jetpack_sharing_enabled":true,"_links":{"self":[{"href":"https:\/\/www.fjardhundraland.se\/de\/wp-json\/wp\/v2\/pages\/1809","targetHints":{"allow":["GET"]}}],"collection":[{"href":"https:\/\/www.fjardhundraland.se\/de\/wp-json\/wp\/v2\/pages"}],"about":[{"href":"https:\/\/www.fjardhundraland.se\/de\/wp-json\/wp\/v2\/types\/page"}],"author":[{"embeddable":true,"href":"https:\/\/www.fjardhundraland.se\/de\/wp-json\/wp\/v2\/users\/4"}],"replies":[{"embeddable":true,"href":"https:\/\/www.fjardhundraland.se\/de\/wp-json\/wp\/v2\/comments?post=1809"}],"version-history":[{"count":0,"href":"https:\/\/www.fjardhundraland.se\/de\/wp-json\/wp\/v2\/pages\/1809\/revisions"}],"up":[{"embeddable":true,"href":"https:\/\/www.fjardhundraland.se\/de\/wp-json\/wp\/v2\/pages\/1515"}],"wp:attachment":[{"href":"https:\/\/www.fjardhundraland.se\/de\/wp-json\/wp\/v2\/media?parent=1809"}],"wp:term":[{"taxonomy":"category","embeddable":true,"href":"https:\/\/www.fjardhundraland.se\/de\/wp-json\/wp\/v2\/categories?post=1809"},{"taxonomy":"post_tag","embeddable":true,"href":"https:\/\/www.fjardhundraland.se\/de\/wp-json\/wp\/v2\/tags?post=1809"}],"curies":[{"name":"wp","href":"https:\/\/api.w.org\/{rel}","templated":true}]}}