
{"id":1800,"date":"2014-02-28T11:38:56","date_gmt":"2014-02-28T10:38:56","guid":{"rendered":"http:\/\/www.fjardhundraland.se\/?page_id=1800"},"modified":"2025-09-16T23:42:36","modified_gmt":"2025-09-16T21:42:36","slug":"ausgezogen","status":"publish","type":"page","link":"https:\/\/www.fjardhundraland.se\/de\/om-fjardhundraland\/uttrade\/","title":{"rendered":"Austritt"},"content":{"rendered":"<p>Wenn Sie Ihre Mitgliedschaft bei Fj\u00e4rdhundraland ek. Association k\u00fcndigen m\u00f6chten, f\u00fcllen Sie bitte dieses Formular aus:<\/p>\n<p><a href=\"https:\/\/docs.google.com\/forms\/d\/e\/1FAIpQLScCe_rZQnfBu34EVSGUUJtG988iqXa-gdolRRz-Cj-WGJcYtA\/viewform\" target=\"_blank\" rel=\"noopener\">R\u00fccktrittsformular<\/a><\/p>\n<p>BITTE BEACHTEN! Dies gilt nur f\u00fcr Vollmitglieder.<\/p>\n<p>Vill du sluta vara st\u00f6dmedlem skickar du ett meddelande om detta till inga@fjardhundraland.se<\/p>","protected":false},"excerpt":{"rendered":"<p>Wenn Sie Ihre Mitgliedschaft bei Fj\u00e4rdhundraland ek. beenden m\u00f6chten. Verein beenden m\u00f6chten, f\u00fcllen Sie bitte dieses Formular aus: Austrittsformular HINWEIS! Dies gilt nur f\u00fcr Vollmitglieder. Wenn Sie nicht mehr F\u00f6rdermitglied sein wollen, senden Sie bitte eine Nachricht an inga@fjardhundraland.se<\/p>","protected":false},"author":4,"featured_media":0,"parent":1515,"menu_order":45,"comment_status":"closed","ping_status":"closed","template":"","meta":{"_acf_changed":false,"_relevanssi_hide_post":"","_relevanssi_hide_content":"","_relevanssi_pin_for_all":"","_relevanssi_pin_keywords":"","_relevanssi_unpin_keywords":"","_relevanssi_related_keywords":"","_relevanssi_related_include_ids":"","_relevanssi_related_exclude_ids":"","_relevanssi_related_no_append":"","_relevanssi_related_not_related":"","_relevanssi_related_posts":"","_relevanssi_noindex_reason":"Rank Math Uteslut fr\u00e5n Relevanssi index","_genesis_hide_title":false,"_genesis_hide_breadcrumbs":false,"_genesis_hide_singular_image":false,"_genesis_hide_footer_widgets":false,"_genesis_custom_body_class":"","_genesis_custom_post_class":"","_genesis_layout":"","footnotes":""},"categories":[],"tags":[],"class_list":{"0":"post-1800","1":"page","2":"type-page","3":"status-publish","5":"entry"},"acf":[],"visa":null,"geo_latitude":null,"geo_longitude":null,"featured_image_src":null,"featured_image_src_square":null,"jetpack-related-posts":[{"id":14913,"url":"https:\/\/www.fjardhundraland.se\/de\/favoriter\/","url_meta":{"origin":1800,"position":0},"title":"Favoriten","author":"Mats Thorburn","date":"12 Februar 2024","format":false,"excerpt":"Hier ist eine Auswahl von Lieblingsseiten in Fj\u00e4rdhundraland! M\u00f6chten Sie Ihre eigene Favoritenseite erstellen? Klicken Sie auf \u201dSpeichern\u201d bei den Stellen, die Sie behalten m\u00f6chten, und klicken Sie oben rechts auf \ud83d\udda4. Dort finden Sie den Link.","rel":"","context":"\u00c4hnlicher Beitrag","block_context":{"text":"\u00c4hnlicher Beitrag","link":""},"img":{"alt_text":"","src":"","width":0,"height":0},"classes":[]},{"id":7312,"url":"https:\/\/www.fjardhundraland.se\/de\/om-fjardhundraland\/fjardhundraland-ekonomisk-forening\/bli-medlem\/","url_meta":{"origin":1800,"position":1},"title":"Mitglied werden","author":"Mats Thorburn","date":"8 September 2020","format":false,"excerpt":"Willkommen als Mitglied der Wirtschaftsvereinigung Fj\u00e4rdhundraland! Die Tatsache, dass Sie Mitglied werden, st\u00e4rkt unser gemeinsames Netzwerk und macht uns noch besser, um unseren Besuchern ein gutes Erlebnis zu bieten. F\u00fcllen Sie hier das Anmeldeformular aus. Zehn gute Gr\u00fcnde, Mitglied zu werden Sie finden es wichtig, zusammenzuarbeiten. 1+1=3.Sie...","rel":"","context":"\u00c4hnlicher Beitrag","block_context":{"text":"\u00c4hnlicher Beitrag","link":""},"img":{"alt_text":"","src":"","width":0,"height":0},"classes":[]},{"id":4572,"url":"https:\/\/www.fjardhundraland.se\/de\/evenemang-rundor\/rebusrundan10\/navigera-med-google-maps\/","url_meta":{"origin":1800,"position":2},"title":"Navigieren mit Google Maps","author":"Ylva Fontell","date":"26 Juli 2017","format":false,"excerpt":"Es gibt viele kurvenreiche Nebenstra\u00dfen in Fj\u00e4rdhundraland. Sie sind wundersch\u00f6n und Teil der Reise, aber manchmal ist es schwer zu wissen, welche die richtige ist, um an Ihr Ziel zu gelangen. Die Navigation mit Google Maps hilft Ihnen, Ihren Weg zu finden. Und so geht's: \u00d6ffnen Sie die...","rel":"","context":"\u00c4hnlicher Beitrag","block_context":{"text":"\u00c4hnlicher Beitrag","link":""},"img":{"alt_text":"","src":"","width":0,"height":0},"classes":[]},{"id":2420,"url":"https:\/\/www.fjardhundraland.se\/de\/vill-du-ha-tips-om-evenemang\/","url_meta":{"origin":1800,"position":3},"title":"M\u00f6chten Sie Tipps von Fj\u00e4rdhundraland?","author":"Mats Thorburn","date":"20 Juni 2014","format":false,"excerpt":"Geben Sie hier Ihre E-Mail-Adresse ein und wir informieren Sie, wenn etwas ansteht! Abonnieren * obligatorische E-Mail * Vorname Nachname Erlaubnis Fj\u00e4rdhundraland Economic Association wird diese Informationen nur verwenden, um Einladungen und Informationen per E-Mail zu versenden.","rel":"","context":"\u00c4hnlicher Beitrag","block_context":{"text":"\u00c4hnlicher Beitrag","link":""},"img":{"alt_text":"","src":"","width":0,"height":0},"classes":[]},{"id":1489,"url":"https:\/\/www.fjardhundraland.se\/de\/lokal-mat-och-akta-kansla-nara-storstan\/","url_meta":{"origin":1800,"position":4},"title":"1TP1Grundst\u00fccke in Stadtn\u00e4he","author":"Mats Thorburn","date":"30 Dezember 2013","format":false,"excerpt":"M\u00f6chten Sie der Natur nahe kommen? Die Menschen kennenlernen, die Ihr Essen angebaut haben? In Fj\u00e4rdhundraland f\u00fchren Sie gewundene Landstra\u00dfen zwischen Caf\u00e9s und Hofl\u00e4den, w\u00e4hrend Runensteine und mittelalterliche Kirchen den Weg s\u00e4umen. Nehmen Sie eine Auszeit vom Alltag und erleben Sie das Land in Ihrer N\u00e4he. Nirgendwo sonst finden Sie so viel fantastisches Lebensmittelhandwerk, Naturerlebnisse und spannende Geschichte...","rel":"","context":"\u00c4hnlicher Beitrag","block_context":{"text":"\u00c4hnlicher Beitrag","link":""},"img":{"alt_text":"","src":"","width":0,"height":0},"classes":[]},{"id":6016,"url":"https:\/\/www.fjardhundraland.se\/de\/om-fjardhundraland\/vanliga-fragor\/","url_meta":{"origin":1800,"position":5},"title":"H\u00e4ufig gestellte Fragen","author":"Mats Thorburn","date":"11 September 2019","format":false,"excerpt":"Wo befindet sich Fj\u00e4rdhundraland? Unser Gebiet wird dadurch definiert, wo sich unsere Mitglieder befinden - zwischen V\u00e4ster\u00e5s, Sala, Str\u00e4ngn\u00e4s, Uppsala, Enk\u00f6ping und Stockholm. Wir haben keine Grenzen festgelegt, weil Grenzen f\u00fcr Besucher uninteressant sind. Werfen Sie einen Blick auf die Karte! Was bedeutet \u201dFj\u00e4rdhundraland\u201d? Der Name stammt von der gleichnamigen wikingischen\/mittelalterlichen Nation....","rel":"","context":"\u00c4hnlicher Beitrag","block_context":{"text":"\u00c4hnlicher Beitrag","link":""},"img":{"alt_text":"","src":"","width":0,"height":0},"classes":[]}],"jetpack_sharing_enabled":true,"_links":{"self":[{"href":"https:\/\/www.fjardhundraland.se\/de\/wp-json\/wp\/v2\/pages\/1800","targetHints":{"allow":["GET"]}}],"collection":[{"href":"https:\/\/www.fjardhundraland.se\/de\/wp-json\/wp\/v2\/pages"}],"about":[{"href":"https:\/\/www.fjardhundraland.se\/de\/wp-json\/wp\/v2\/types\/page"}],"author":[{"embeddable":true,"href":"https:\/\/www.fjardhundraland.se\/de\/wp-json\/wp\/v2\/users\/4"}],"replies":[{"embeddable":true,"href":"https:\/\/www.fjardhundraland.se\/de\/wp-json\/wp\/v2\/comments?post=1800"}],"version-history":[{"count":1,"href":"https:\/\/www.fjardhundraland.se\/de\/wp-json\/wp\/v2\/pages\/1800\/revisions"}],"predecessor-version":[{"id":18896,"href":"https:\/\/www.fjardhundraland.se\/de\/wp-json\/wp\/v2\/pages\/1800\/revisions\/18896"}],"up":[{"embeddable":true,"href":"https:\/\/www.fjardhundraland.se\/de\/wp-json\/wp\/v2\/pages\/1515"}],"wp:attachment":[{"href":"https:\/\/www.fjardhundraland.se\/de\/wp-json\/wp\/v2\/media?parent=1800"}],"wp:term":[{"taxonomy":"category","embeddable":true,"href":"https:\/\/www.fjardhundraland.se\/de\/wp-json\/wp\/v2\/categories?post=1800"},{"taxonomy":"post_tag","embeddable":true,"href":"https:\/\/www.fjardhundraland.se\/de\/wp-json\/wp\/v2\/tags?post=1800"}],"curies":[{"name":"wp","href":"https:\/\/api.w.org\/{rel}","templated":true}]}}