
{"id":1620,"date":"2014-01-28T19:52:56","date_gmt":"2014-01-28T18:52:56","guid":{"rendered":"http:\/\/www.fjardhundraland.se\/?page_id=1620"},"modified":"2023-04-11T11:37:23","modified_gmt":"2023-04-11T09:37:23","slug":"touristische-informationen-2","status":"publish","type":"page","link":"https:\/\/www.fjardhundraland.se\/de\/turistinfo\/","title":{"rendered":"Touristische Informationen"},"content":{"rendered":"<p>&nbsp;<\/p>\n<h2>Touristische Informationen Fj\u00e4rdhundraland<\/h2>\n<p><em>Leider ist das Touristeninformationszentrum Fj\u00e4rdhundraland im Jahr 2015 geschlossen.<\/em><\/p>\n<p>Fragen Sie uns nach lokaler Geschichte, Natur, Kultur, Caf\u00e9s, B&amp;Bs, Radtouren, Essen und Handwerk und mehr.<br \/>\nWir leben seit \u00fcber 20 Jahren hier - willkommen auch hier!<br \/>\nAnna und Bengt, G\u00e4stre G\u00e4sthus, Fr\u00f6sthult G\u00e4stre 11, 749 72 Fj\u00e4rdhundra, Tel. 0705 733 977<\/p>\n<h2>Unterkunft in Fj\u00e4rdhundraland<\/h2>\n<p>In Fj\u00e4rdhundraland gibt es verschiedene Arten von Unterk\u00fcnften. Sie k\u00f6nnen in einem gem\u00fctlichen Bed &amp; Breakfast mit Blick auf die Landschaft oder in einem Landhotel in der N\u00e4he der Stadt \u00fcbernachten. Um Ihnen die Suche nach Ihrer Lieblingsunterkunft zu erleichtern, sind jetzt alle Unterk\u00fcnfte in einer Brosch\u00fcre zusammengefasst, die Sie herunterladen k\u00f6nnen <a href=\"https:\/\/www.fjardhundraland.se\/wp-content\/uploads\/2014\/01\/Boende-i-Fjardhundralandweb.pdf\">hier<\/a>.<\/p>","protected":false},"excerpt":{"rendered":"<p>&nbsp; Turistinfo Fj\u00e4rdhundraland Turistinfo Fj\u00e4rdhundraland \u00e4r tyv\u00e4rr st\u00e4ngd 2015. Fr\u00e5ga oss om lokal historia, natur, kultur, caf\u00e9er, B&amp;B, cykelturer, mat och hantverk mm. Vi bor h\u00e4r sedan drygt 20 \u00e5r &#8211; v\u00e4lkommen hit du ocks\u00e5! Anna och Bengt, G\u00e4stre G\u00e4sthus, Fr\u00f6sthult G\u00e4stre 11, 749 72 Fj\u00e4rdhundra, tel 0705 733 977 Boende i Fj\u00e4rdhundraland I Fj\u00e4rdhundraland [&hellip;]<\/p>\n","protected":false},"author":1,"featured_media":0,"parent":0,"menu_order":30,"comment_status":"open","ping_status":"closed","template":"","meta":{"_acf_changed":false,"_relevanssi_hide_post":"","_relevanssi_hide_content":"","_relevanssi_pin_for_all":"","_relevanssi_pin_keywords":"","_relevanssi_unpin_keywords":"","_relevanssi_related_keywords":"","_relevanssi_related_include_ids":"","_relevanssi_related_exclude_ids":"","_relevanssi_related_no_append":"","_relevanssi_related_not_related":"","_relevanssi_related_posts":"","_relevanssi_noindex_reason":"","_genesis_hide_title":false,"_genesis_hide_breadcrumbs":false,"_genesis_hide_singular_image":false,"_genesis_hide_footer_widgets":false,"_genesis_custom_body_class":"","_genesis_custom_post_class":"","_genesis_layout":"","footnotes":""},"categories":[],"tags":[],"class_list":{"0":"post-1620","1":"page","2":"type-page","3":"status-publish","5":"entry"},"acf":[],"visa":null,"geo_latitude":null,"geo_longitude":null,"featured_image_src":null,"featured_image_src_square":null,"jetpack-related-posts":[{"id":5231,"url":"https:\/\/www.fjardhundraland.se\/de\/cykla\/","url_meta":{"origin":1620,"position":0},"title":"Radfahren auf dem Lande in der N\u00e4he von Natur und Kultur","author":"Mats Thorburn","date":"28 Juni 2018","format":false,"excerpt":"Radfahren auf kleinen Stra\u00dfen in der N\u00e4he von Stockholm, Uppsala und V\u00e4ster\u00e5s Aussichten, Caf\u00e9s, gutes Essen, Sehensw\u00fcrdigkeiten - aber vor allem diese kurvenreichen kleinen Stra\u00dfen durch eine sch\u00f6ne Agrarlandschaft, begleitet von Vogelgezwitscher und den Fl\u00fcgeln der Geschichte! Fj\u00e4rdhundraland hei\u00dft Sie als Radfahrer willkommen. Kleine Stra\u00dfen gibt es \u00fcberall, und das ist kein Zufall. In der Antike und im Mittelalter reisten die Menschen zu Fu\u00df und...","rel":"","context":"In &quot;Cykling&quot;","block_context":{"text":"Cykling","link":"https:\/\/www.fjardhundraland.se\/de\/cykling\/"},"img":{"alt_text":"Cyklar parkerade framf\u00f6r Nys\u00e4tra kyrka","src":"https:\/\/i0.wp.com\/www.fjardhundraland.se\/wp-content\/uploads\/2018\/06\/cykling.jpg?resize=350%2C200&ssl=1","width":350,"height":200,"srcset":"https:\/\/i0.wp.com\/www.fjardhundraland.se\/wp-content\/uploads\/2018\/06\/cykling.jpg?resize=350%2C200&ssl=1 1x, https:\/\/i0.wp.com\/www.fjardhundraland.se\/wp-content\/uploads\/2018\/06\/cykling.jpg?resize=525%2C300&ssl=1 1.5x, https:\/\/i0.wp.com\/www.fjardhundraland.se\/wp-content\/uploads\/2018\/06\/cykling.jpg?resize=700%2C400&ssl=1 2x, https:\/\/i0.wp.com\/www.fjardhundraland.se\/wp-content\/uploads\/2018\/06\/cykling.jpg?resize=1050%2C600&ssl=1 3x, https:\/\/i0.wp.com\/www.fjardhundraland.se\/wp-content\/uploads\/2018\/06\/cykling.jpg?resize=1400%2C800&ssl=1 4x"},"classes":[]},{"id":1515,"url":"https:\/\/www.fjardhundraland.se\/de\/om-fjardhundraland\/","url_meta":{"origin":1620,"position":1},"title":"\u00dcber Fj\u00e4rdhundraland","author":"Mats Thorburn","date":"8 Januar 2014","format":false,"excerpt":"In Fj\u00e4rdhundraland bringen wir tolle Erlebnisse in einer lebendigen Landschaft mit Geschichte, Naturerlebnissen und aufstrebenden Kleinunternehmen zusammen: Caf\u00e9s, Unterk\u00fcnfte, Hofl\u00e4den und vieles mehr! Jede Menge Lebensmittel, Kunsthandwerk, Natur, Kultur - alles innerhalb einer Stunde von Stockholm, Uppsala und V\u00e4ster\u00e5s. Der Name Fj\u00e4rdhundraland stammt aus dem mittelalterlichen Volksland Fj\u00e4drundaland. Das heutige Fj\u00e4rdhundraland hat keine Grenzen. Das Ziel ist es, ein gro\u00dfes Gebiet von...","rel":"","context":"\u00c4hnlicher Beitrag","block_context":{"text":"\u00c4hnlicher Beitrag","link":""},"img":{"alt_text":"","src":"","width":0,"height":0},"classes":[]},{"id":13826,"url":"https:\/\/www.fjardhundraland.se\/de\/se-gor\/","url_meta":{"origin":1620,"position":2},"title":"Sehen &amp; Erleben","author":"Mats Thorburn","date":"4 November 2023","format":false,"excerpt":"Fj\u00e4rdhundraland ist ein gro\u00dfes Gebiet mit einer dichten Mischung aus Hofl\u00e4den, Handwerk, Caf\u00e9s, Unterk\u00fcnften und vielem mehr. Hier ist der gro\u00dfe Katalog mit allem, was Sie tun k\u00f6nnen, kategorisiert, mit Kontaktangaben, \u00d6ffnungszeiten und gro\u00dfen, \u00fcbersichtlichen Karten. Do The sights can be found here! Runensteine, Naturerlebnisse, mittelalterliche Kirchen, Badestellen und alles andere, was den Ausflug vergoldet. Einkaufen...","rel":"","context":"\u00c4hnlicher Beitrag","block_context":{"text":"\u00c4hnlicher Beitrag","link":""},"img":{"alt_text":"V\u00e4g och runsten, profilbild Rebusrundan 2022","src":"https:\/\/i0.wp.com\/www.fjardhundraland.se\/wp-content\/uploads\/2022\/08\/vag-o-runsten-ryda-kungsgard-u838-1455818.jpeg?resize=350%2C200&ssl=1","width":350,"height":200,"srcset":"https:\/\/i0.wp.com\/www.fjardhundraland.se\/wp-content\/uploads\/2022\/08\/vag-o-runsten-ryda-kungsgard-u838-1455818.jpeg?resize=350%2C200&ssl=1 1x, https:\/\/i0.wp.com\/www.fjardhundraland.se\/wp-content\/uploads\/2022\/08\/vag-o-runsten-ryda-kungsgard-u838-1455818.jpeg?resize=525%2C300&ssl=1 1.5x, https:\/\/i0.wp.com\/www.fjardhundraland.se\/wp-content\/uploads\/2022\/08\/vag-o-runsten-ryda-kungsgard-u838-1455818.jpeg?resize=700%2C400&ssl=1 2x, https:\/\/i0.wp.com\/www.fjardhundraland.se\/wp-content\/uploads\/2022\/08\/vag-o-runsten-ryda-kungsgard-u838-1455818.jpeg?resize=1050%2C600&ssl=1 3x, https:\/\/i0.wp.com\/www.fjardhundraland.se\/wp-content\/uploads\/2022\/08\/vag-o-runsten-ryda-kungsgard-u838-1455818.jpeg?resize=1400%2C800&ssl=1 4x"},"classes":[]},{"id":13724,"url":"https:\/\/www.fjardhundraland.se\/de\/se-och-gor\/","url_meta":{"origin":1620,"position":3},"title":"Sehen und erleben","author":"Mats Thorburn","date":"29 Oktober 2023","format":false,"excerpt":"Fj\u00e4rdhundraland ist ein gro\u00dfes Gebiet mit einer dichten Mischung aus Hofl\u00e4den, Handwerk, Caf\u00e9s, Unterk\u00fcnften und vielem mehr. Hier ist der gro\u00dfe Katalog mit allem, was Sie tun k\u00f6nnen, kategorisiert, mit Kontaktangaben, \u00d6ffnungszeiten und gro\u00dfen, \u00fcbersichtlichen Karten. Do The sights can be found here! Runensteine, Naturerlebnisse, mittelalterliche Kirchen, Badestellen und alles andere, was den Ausflug vergoldet. Einkaufen...","rel":"","context":"\u00c4hnlicher Beitrag","block_context":{"text":"\u00c4hnlicher Beitrag","link":""},"img":{"alt_text":"V\u00e4g och runsten, profilbild Rebusrundan 2022","src":"https:\/\/i0.wp.com\/www.fjardhundraland.se\/wp-content\/uploads\/2022\/08\/vag-o-runsten-ryda-kungsgard-u838-1455818.jpeg?resize=350%2C200&ssl=1","width":350,"height":200,"srcset":"https:\/\/i0.wp.com\/www.fjardhundraland.se\/wp-content\/uploads\/2022\/08\/vag-o-runsten-ryda-kungsgard-u838-1455818.jpeg?resize=350%2C200&ssl=1 1x, https:\/\/i0.wp.com\/www.fjardhundraland.se\/wp-content\/uploads\/2022\/08\/vag-o-runsten-ryda-kungsgard-u838-1455818.jpeg?resize=525%2C300&ssl=1 1.5x, https:\/\/i0.wp.com\/www.fjardhundraland.se\/wp-content\/uploads\/2022\/08\/vag-o-runsten-ryda-kungsgard-u838-1455818.jpeg?resize=700%2C400&ssl=1 2x, https:\/\/i0.wp.com\/www.fjardhundraland.se\/wp-content\/uploads\/2022\/08\/vag-o-runsten-ryda-kungsgard-u838-1455818.jpeg?resize=1050%2C600&ssl=1 3x, https:\/\/i0.wp.com\/www.fjardhundraland.se\/wp-content\/uploads\/2022\/08\/vag-o-runsten-ryda-kungsgard-u838-1455818.jpeg?resize=1400%2C800&ssl=1 4x"},"classes":[]},{"id":1809,"url":"https:\/\/www.fjardhundraland.se\/de\/om-fjardhundraland\/grafisk-profil\/","url_meta":{"origin":1620,"position":4},"title":"Grafisches Profil","author":"Ylva Fontell","date":"28 Februar 2014","format":false,"excerpt":"Das Profil ist einfach. Es hat drei Hauptelemente: das Logo, die Farben und die Schriftart der \u00dcberschrift. Das Logo Das Logo hat sich etabliert. Indem wir es so oft wie m\u00f6glich verwenden, st\u00e4rken wir die Marke und machen die Website attraktiver. Download f\u00fcr Druck - f\u00fcr Office - f\u00fcr Web. Logo mit Text Gro\u00dfer Tourismuspreis...","rel":"","context":"\u00c4hnlicher Beitrag","block_context":{"text":"\u00c4hnlicher Beitrag","link":""},"img":{"alt_text":"LogoFjardhundraland250px","src":"https:\/\/i0.wp.com\/www.fjardhundraland.se\/wp-content\/uploads\/2013\/12\/LogoFjardhundraland250px.png?resize=350%2C200&ssl=1","width":350,"height":200},"classes":[]},{"id":1805,"url":"https:\/\/www.fjardhundraland.se\/de\/om-fjardhundraland\/medlemmar\/","url_meta":{"origin":1620,"position":5},"title":"Mitglieder","author":"Ylva Fontell","date":"28 Februar 2014","format":false,"excerpt":"...Wood Shop Thorsvi Farm Tibble Old School Torstuna Hembygdsf\u00f6rening Tr\u00e4dg\u00e5rdsturism i Enk\u00f6ping med Pr\u00e4stg\u00e5rdsflygeln Tullens Gr\u00f6nska Tuna Tr\u00e4dg\u00e5rd T\u00e4rna bygdeg\u00e5rdsf\u00f6rening Uppdrag Kultur \/Eva Wrede Vagabond Haven AB Var Dags Rum...","rel":"","context":"\u00c4hnlicher Beitrag","block_context":{"text":"\u00c4hnlicher Beitrag","link":""},"img":{"alt_text":"","src":"","width":0,"height":0},"classes":[]}],"jetpack_sharing_enabled":true,"_links":{"self":[{"href":"https:\/\/www.fjardhundraland.se\/de\/wp-json\/wp\/v2\/pages\/1620","targetHints":{"allow":["GET"]}}],"collection":[{"href":"https:\/\/www.fjardhundraland.se\/de\/wp-json\/wp\/v2\/pages"}],"about":[{"href":"https:\/\/www.fjardhundraland.se\/de\/wp-json\/wp\/v2\/types\/page"}],"author":[{"embeddable":true,"href":"https:\/\/www.fjardhundraland.se\/de\/wp-json\/wp\/v2\/users\/1"}],"replies":[{"embeddable":true,"href":"https:\/\/www.fjardhundraland.se\/de\/wp-json\/wp\/v2\/comments?post=1620"}],"version-history":[{"count":0,"href":"https:\/\/www.fjardhundraland.se\/de\/wp-json\/wp\/v2\/pages\/1620\/revisions"}],"wp:attachment":[{"href":"https:\/\/www.fjardhundraland.se\/de\/wp-json\/wp\/v2\/media?parent=1620"}],"wp:term":[{"taxonomy":"category","embeddable":true,"href":"https:\/\/www.fjardhundraland.se\/de\/wp-json\/wp\/v2\/categories?post=1620"},{"taxonomy":"post_tag","embeddable":true,"href":"https:\/\/www.fjardhundraland.se\/de\/wp-json\/wp\/v2\/tags?post=1620"}],"curies":[{"name":"wp","href":"https:\/\/api.w.org\/{rel}","templated":true}]}}