
{"id":15836,"date":"2024-05-26T16:19:44","date_gmt":"2024-05-26T14:19:44","guid":{"rendered":"https:\/\/www.fjardhundraland.se\/?page_id=15836"},"modified":"2024-05-26T16:26:48","modified_gmt":"2024-05-26T14:26:48","slug":"projekt","status":"publish","type":"page","link":"https:\/\/www.fjardhundraland.se\/de\/projekt\/","title":{"rendered":"Das Projekt"},"content":{"rendered":"<p>Manchmal sucht der Wirtschaftsverband Fj\u00e4rhundraland nach Projekten, um Ideen zu verwirklichen, die mehr Ressourcen erfordern, als wir f\u00fcr unsere regul\u00e4ren Aktivit\u00e4ten haben.<\/p>\n\n\n\n<p>Dies ist eine Liste von Projekten, die wir durchf\u00fchren oder durchgef\u00fchrt haben. Die Liste ist nicht vollst\u00e4ndig und wird laufend aktualisiert.<\/p>\n\n\n\n<p><a href=\"https:\/\/www.upplandsstiftelsen.se\/landsbygdsutveckling\/vandring-och-turism-i-fjardhundralan__6116\" target=\"_blank\" rel=\"noopener\">Wandern und Tourismus in Fj\u00e4rdhundraland<\/a> - 2023 - 31. Oktober 2024, betrieben vom Upplandsstiftelsen.<\/p>\n\n\n\n<p><a href=\"https:\/\/www.fjardhundraland.se\/de\/2022\/06\/neue-kooperationen-zur-nahrungsmittelproduktion-in-uppland-2\/\">Neue Kooperationen f\u00fcr lokal erzeugte Lebensmittel in Uppland<\/a><\/p>\n\n\n\n<p><a href=\"https:\/\/www.fjardhundraland.se\/de\/2017\/02\/verstarkte-ausfuhr\/\">Erh\u00f6hte Ausfuhren<\/a> <\/p>\n\n\n\n<hr class=\"wp-block-separator has-alpha-channel-opacity is-style-wide\"\/>\n\n\n\n<p><a href=\"https:\/\/www.fjardhundraland.se\/de\/2019\/10\/tourismus-in-der-fjardhundra-region\/\">Tourismus in Fj\u00e4rdhundrabygden<\/a> - 2009-2011. Aus diesem Projekt entstand die Vereinigung Fj\u00e4rdhundraland.<\/p>","protected":false},"excerpt":{"rendered":"<p>Ibland s\u00f6ker Fj\u00e4rhundraland ekonomisk f\u00f6rening projekt, f\u00f6r att kunna genomf\u00f6ra id\u00e9er som kr\u00e4ver st\u00f6rre resurser \u00e4n vi har i v\u00e5r ordinarie verksamhet. H\u00e4r listas projekt som vi driver eller har drivit. Listan \u00e4r inte komplett, och kommer att uppdateras. Vandring och turism i Fj\u00e4rdhundraland \u2013 2023 \u2013 31 oktober 2024. Projektet drivs av Upplandsstiftelsen. Nya [&hellip;]<\/p>\n","protected":false},"author":1,"featured_media":0,"parent":0,"menu_order":0,"comment_status":"closed","ping_status":"closed","template":"","meta":{"_acf_changed":false,"_relevanssi_hide_post":"","_relevanssi_hide_content":"","_relevanssi_pin_for_all":"","_relevanssi_pin_keywords":"","_relevanssi_unpin_keywords":"","_relevanssi_related_keywords":"","_relevanssi_related_include_ids":"","_relevanssi_related_exclude_ids":"","_relevanssi_related_no_append":"","_relevanssi_related_not_related":"","_relevanssi_related_posts":"12584,10768,9741,13215,10366,10896","_relevanssi_noindex_reason":"","_genesis_hide_title":false,"_genesis_hide_breadcrumbs":false,"_genesis_hide_singular_image":false,"_genesis_hide_footer_widgets":false,"_genesis_custom_body_class":"","_genesis_custom_post_class":"","_genesis_layout":"","footnotes":""},"categories":[],"tags":[],"class_list":{"0":"post-15836","1":"page","2":"type-page","3":"status-publish","5":"entry"},"acf":[],"visa":null,"geo_latitude":null,"geo_longitude":null,"featured_image_src":null,"featured_image_src_square":null,"jetpack-related-posts":[{"id":9481,"url":"https:\/\/www.fjardhundraland.se\/de\/uber-fjardhundraland\/vortrag-entwicklungszusammenarbeit\/","url_meta":{"origin":15836,"position":0},"title":"Einen Vortrag buchen","author":"Mats Thorburn","date":"10 November 2021","format":false,"excerpt":"Ein Vortrag ist ein gro\u00dfartiger Start f\u00fcr ein Projekt zur Entwicklung des l\u00e4ndlichen Raums oder eines Reiseziels, oder wenn Sie die Vorteile der Zusammenarbeit aufzeigen wollen! Fj\u00e4rdhundraland hat ein Reiseziel innerhalb von zehn Jahren von Null auf 150 Mitglieder aufgebaut, angefangen mit einem Leader-Projekt. Jetzt k\u00f6nnen Sie einen der beliebten Vortr\u00e4ge von Mats Thorburn buchen...","rel":"","context":"\u00c4hnlicher Beitrag","block_context":{"text":"\u00c4hnlicher Beitrag","link":""},"img":{"alt_text":"Stora turismpriset utdelning december 2019 Mats Thorburn","src":"https:\/\/i0.wp.com\/www.fjardhundraland.se\/wp-content\/uploads\/2021\/11\/stora-turismpriset-utdelning-december-2019-mats-thorburn.jpg?resize=350%2C200&ssl=1","width":350,"height":200,"srcset":"https:\/\/i0.wp.com\/www.fjardhundraland.se\/wp-content\/uploads\/2021\/11\/stora-turismpriset-utdelning-december-2019-mats-thorburn.jpg?resize=350%2C200&ssl=1 1x, https:\/\/i0.wp.com\/www.fjardhundraland.se\/wp-content\/uploads\/2021\/11\/stora-turismpriset-utdelning-december-2019-mats-thorburn.jpg?resize=525%2C300&ssl=1 1.5x, https:\/\/i0.wp.com\/www.fjardhundraland.se\/wp-content\/uploads\/2021\/11\/stora-turismpriset-utdelning-december-2019-mats-thorburn.jpg?resize=700%2C400&ssl=1 2x, https:\/\/i0.wp.com\/www.fjardhundraland.se\/wp-content\/uploads\/2021\/11\/stora-turismpriset-utdelning-december-2019-mats-thorburn.jpg?resize=1050%2C600&ssl=1 3x, https:\/\/i0.wp.com\/www.fjardhundraland.se\/wp-content\/uploads\/2021\/11\/stora-turismpriset-utdelning-december-2019-mats-thorburn.jpg?resize=1400%2C800&ssl=1 4x"},"classes":[]},{"id":6016,"url":"https:\/\/www.fjardhundraland.se\/de\/uber-fjardhundraland\/haufig-gestellte-fragen\/","url_meta":{"origin":15836,"position":1},"title":"H\u00e4ufig gestellte Fragen","author":"Mats Thorburn","date":"11 September 2019","format":false,"excerpt":"Wo befindet sich Fj\u00e4rdhundraland? Unser Gebiet wird dadurch definiert, wo sich unsere Mitglieder befinden - zwischen V\u00e4ster\u00e5s, Sala, Str\u00e4ngn\u00e4s, Uppsala, Enk\u00f6ping und Stockholm. Wir haben keine Grenzen festgelegt, weil Grenzen f\u00fcr Besucher uninteressant sind. Werfen Sie einen Blick auf die Karte! Was bedeutet \u201dFj\u00e4rdhundraland\u201d? Der Name stammt von der gleichnamigen wikingischen\/mittelalterlichen Nation....","rel":"","context":"\u00c4hnlicher Beitrag","block_context":{"text":"\u00c4hnlicher Beitrag","link":""},"img":{"alt_text":"","src":"","width":0,"height":0},"classes":[]},{"id":12897,"url":"https:\/\/www.fjardhundraland.se\/de\/uber-fjardhundraland\/einen-studienaufenthalt-buchen\/","url_meta":{"origin":15836,"position":2},"title":"Buchen Sie einen Studienbesuch","author":"Mats Thorburn","date":"1 Juni 2023","format":false,"excerpt":"M\u00f6chten Sie einen Einblick in die Funktionsweise von Fj\u00e4rdhundraland, den Aufbau des Reiseziels und die Nutzung des Netzes durch die Mitglieder erhalten? Dann ist ein Studienbesuch eine gute M\u00f6glichkeit dazu. Sie werden nicht nur die Geschichte von Fj\u00e4rdhundraland kennenlernen, sondern auch die einzelnen Mitglieder, die \u00fcber ihre Erfahrungen und Beweggr\u00fcnde berichten werden. Ein Studienbesuch bei Fj\u00e4rdhundraland bietet neue...","rel":"","context":"\u00c4hnlicher Beitrag","block_context":{"text":"\u00c4hnlicher Beitrag","link":""},"img":{"alt_text":"Studiebes\u00f6k Fj\u00e4rdhundraland jhos Axel & Gren","src":"https:\/\/i0.wp.com\/www.fjardhundraland.se\/wp-content\/uploads\/2023\/06\/studiebesok-fjardhundraland-axel-gren.jpg?resize=350%2C200&ssl=1","width":350,"height":200,"srcset":"https:\/\/i0.wp.com\/www.fjardhundraland.se\/wp-content\/uploads\/2023\/06\/studiebesok-fjardhundraland-axel-gren.jpg?resize=350%2C200&ssl=1 1x, https:\/\/i0.wp.com\/www.fjardhundraland.se\/wp-content\/uploads\/2023\/06\/studiebesok-fjardhundraland-axel-gren.jpg?resize=525%2C300&ssl=1 1.5x, https:\/\/i0.wp.com\/www.fjardhundraland.se\/wp-content\/uploads\/2023\/06\/studiebesok-fjardhundraland-axel-gren.jpg?resize=700%2C400&ssl=1 2x, https:\/\/i0.wp.com\/www.fjardhundraland.se\/wp-content\/uploads\/2023\/06\/studiebesok-fjardhundraland-axel-gren.jpg?resize=1050%2C600&ssl=1 3x, https:\/\/i0.wp.com\/www.fjardhundraland.se\/wp-content\/uploads\/2023\/06\/studiebesok-fjardhundraland-axel-gren.jpg?resize=1400%2C800&ssl=1 4x"},"classes":[]},{"id":18106,"url":"https:\/\/www.fjardhundraland.se\/de\/zeitschrift-fjardhundraland\/","url_meta":{"origin":15836,"position":3},"title":"Magasin Fj\u00e4rdhundraland","author":"Mats Thorburn","date":"3 Mai 2025","format":false,"excerpt":"Fj\u00e4rdhundraland-Magazin und -Karte Das diesj\u00e4hrige Magazin ist jetzt erh\u00e4ltlich, zusammen mit einer aktualisierten Papierkarte. Das Fj\u00e4rdhundraland-Magazin erz\u00e4hlt die Geschichten der Menschen, die in der Region Gesch\u00e4fte betreiben, und der Orte, die sie besuchen. Jede Ausgabe enth\u00e4lt in der Regel Artikel \u00fcber Lebensmittel, Kaffee, Gartenarbeit, Handwerk, Kultur und Geschichte. Zusammen mit dem Magazin haben wir eine Karte erstellt, auf der Sie...","rel":"","context":"\u00c4hnlicher Beitrag","block_context":{"text":"\u00c4hnlicher Beitrag","link":""},"img":{"alt_text":"","src":"https:\/\/i0.wp.com\/www.fjardhundraland.se\/wp-content\/uploads\/2025\/05\/magasin-2025-framsida.jpg?resize=350%2C200&ssl=1","width":350,"height":200,"srcset":"https:\/\/i0.wp.com\/www.fjardhundraland.se\/wp-content\/uploads\/2025\/05\/magasin-2025-framsida.jpg?resize=350%2C200&ssl=1 1x, https:\/\/i0.wp.com\/www.fjardhundraland.se\/wp-content\/uploads\/2025\/05\/magasin-2025-framsida.jpg?resize=525%2C300&ssl=1 1.5x, https:\/\/i0.wp.com\/www.fjardhundraland.se\/wp-content\/uploads\/2025\/05\/magasin-2025-framsida.jpg?resize=700%2C400&ssl=1 2x, https:\/\/i0.wp.com\/www.fjardhundraland.se\/wp-content\/uploads\/2025\/05\/magasin-2025-framsida.jpg?resize=1050%2C600&ssl=1 3x, https:\/\/i0.wp.com\/www.fjardhundraland.se\/wp-content\/uploads\/2025\/05\/magasin-2025-framsida.jpg?resize=1400%2C800&ssl=1 4x"},"classes":[]}],"jetpack_sharing_enabled":true,"_links":{"self":[{"href":"https:\/\/www.fjardhundraland.se\/de\/wp-json\/wp\/v2\/pages\/15836","targetHints":{"allow":["GET"]}}],"collection":[{"href":"https:\/\/www.fjardhundraland.se\/de\/wp-json\/wp\/v2\/pages"}],"about":[{"href":"https:\/\/www.fjardhundraland.se\/de\/wp-json\/wp\/v2\/types\/page"}],"author":[{"embeddable":true,"href":"https:\/\/www.fjardhundraland.se\/de\/wp-json\/wp\/v2\/users\/1"}],"replies":[{"embeddable":true,"href":"https:\/\/www.fjardhundraland.se\/de\/wp-json\/wp\/v2\/comments?post=15836"}],"version-history":[{"count":0,"href":"https:\/\/www.fjardhundraland.se\/de\/wp-json\/wp\/v2\/pages\/15836\/revisions"}],"wp:attachment":[{"href":"https:\/\/www.fjardhundraland.se\/de\/wp-json\/wp\/v2\/media?parent=15836"}],"wp:term":[{"taxonomy":"category","embeddable":true,"href":"https:\/\/www.fjardhundraland.se\/de\/wp-json\/wp\/v2\/categories?post=15836"},{"taxonomy":"post_tag","embeddable":true,"href":"https:\/\/www.fjardhundraland.se\/de\/wp-json\/wp\/v2\/tags?post=15836"}],"curies":[{"name":"wp","href":"https:\/\/api.w.org\/{rel}","templated":true}]}}