
{"id":1515,"date":"2014-01-08T18:11:23","date_gmt":"2014-01-08T17:11:23","guid":{"rendered":"http:\/\/www.fjardhundraland.se\/?page_id=1515"},"modified":"2017-05-06T11:40:47","modified_gmt":"2017-05-06T09:40:47","slug":"uber-fjardhundraland","status":"publish","type":"page","link":"https:\/\/www.fjardhundraland.se\/de\/uber-fjardhundraland\/","title":{"rendered":"\u00dcber Fj\u00e4rdhundraland"},"content":{"rendered":"<p>Im (Verein) Fj\u00e4rdhundraland f\u00f6rdern wir das Leben auf dem Lande  im Verbund mit\u00a0<a title=\"Geschichte in Fj\u00e4rdhundraland\" href=\"https:\/\/www.fjardhundraland.se\/de\/die-standorte\/gora\/geschichte\/\">Geschichte<\/a>, <a title=\"Natur in Fj\u00e4rdhundraland\" href=\"https:\/\/www.fjardhundraland.se\/de\/die-standorte\/gora\/natur\/\">Naturerlebnisse<\/a>\u00a0und engagierten Kleinunternehmertum:\u00a0<a title=\"Essen in Fj\u00e4rdhundraland\" href=\"https:\/\/www.fjardhundraland.se\/de\/die-standorte\/ata\/\">Caf\u00e9s<\/a>,\u00a0<a title=\"Wohnen in Fj\u00e4rdhundraland\" href=\"https:\/\/www.fjardhundraland.se\/de\/die-standorte\/nest\/\">Unterk\u00fcnfte<\/a>,\u00a0<a title=\"Hofl\u00e4den in Fj\u00e4rdhundraland\" href=\"https:\/\/www.fjardhundraland.se\/de\/die-standorte\/gora\/lebensmittelladen\/\">Hofl\u00e4den<\/a>\u00a0und so viel mehr! Gutes Essen, Handwerk, Natur, Kultur - alles innerhalb einer Stunde von Stockholm, Uppsala und V\u00e4ster\u00e5s.<\/p>\n<p>Der Name Fj\u00e4rdhundraland stammt von dem mittelalterlichen Volksland <a title=\"Fj\u00e4drundraland\" href=\"https:\/\/sv.wikipedia.org\/wiki\/Fj%C3%A4drundaland\" target=\"_blank\" rel=\"noopener noreferrer\"><em>Fj\u00e4drundraland<\/em><\/a>. Das Fj\u00e4rdhundraland von heute hat keine Grenzen. Ziel ist es, ein Gebiet mit vielen nahe beieinander liegenden Orten transparent zu machen - damit Sie als Besucher leicht und angenehm von einem Erlebnis zum anderen gelangen k\u00f6nnen.<\/p>\n<p>Das Fj\u00e4rdhundraland als Ausflugsziel wird vom <a href=\"https:\/\/www.fjardhundraland.se\/de\/uber-fjardhundraland\/wirtschaftsverband-fjardhundraland\/\">Verein Fj\u00e4rdhundraland<\/a>entwickelt. Der Verein Fj\u00e4rdhundraland bringt  Unternehmen, Verb\u00e4nde und Einzelpersonen zusammen, die sich gemeinsam weiterentwickeln wollen, um Besuchern des Fj\u00e4rdhundralandes ein umfassendes Erlebnis  zu bieten.<\/p>","protected":false},"excerpt":{"rendered":"<p>I Fj\u00e4rdhundraland samlar vi bra upplevelser i en levande landsbygd med\u00a0historia, naturupplevelser\u00a0och\u00a0spirande sm\u00e5f\u00f6retagande:\u00a0kafeer,\u00a0boende,\u00a0g\u00e5rdsbutiker\u00a0och mycket mer! Massor av mathantverk, natur, kultur \u2013 allt inom en timme fr\u00e5n Stockholm, Uppsala och V\u00e4ster\u00e5s. Namnet Fj\u00e4rdhundraland kommer fr\u00e5n det medeltida folklandet Fj\u00e4drundaland. Dagens\u00a0Fj\u00e4rdhundraland har inga gr\u00e4nser. M\u00e5let \u00e4r att skapa ett stort omr\u00e5de med m\u00e5nga platser n\u00e4ra varandra \u2013 [&hellip;]<\/p>\n","protected":false},"author":1,"featured_media":0,"parent":0,"menu_order":31,"comment_status":"open","ping_status":"open","template":"","meta":{"_acf_changed":false,"_relevanssi_hide_post":"","_relevanssi_hide_content":"","_relevanssi_pin_for_all":"","_relevanssi_pin_keywords":"","_relevanssi_unpin_keywords":"","_relevanssi_related_keywords":"","_relevanssi_related_include_ids":"","_relevanssi_related_exclude_ids":"","_relevanssi_related_no_append":"","_relevanssi_related_not_related":"","_relevanssi_related_posts":"77,136,1974,17239,19177,5699","_relevanssi_noindex_reason":"","_genesis_hide_title":false,"_genesis_hide_breadcrumbs":false,"_genesis_hide_singular_image":false,"_genesis_hide_footer_widgets":false,"_genesis_custom_body_class":"","_genesis_custom_post_class":"","_genesis_layout":"","footnotes":""},"categories":[],"tags":[],"class_list":{"0":"post-1515","1":"page","2":"type-page","3":"status-publish","5":"entry"},"acf":[],"visa":null,"geo_latitude":null,"geo_longitude":null,"featured_image_src":null,"featured_image_src_square":null,"jetpack-related-posts":[{"id":12897,"url":"https:\/\/www.fjardhundraland.se\/de\/uber-fjardhundraland\/einen-studienaufenthalt-buchen\/","url_meta":{"origin":1515,"position":0},"title":"Buchen Sie einen Studienbesuch","author":"Mats Thorburn","date":"1 Juni 2023","format":false,"excerpt":"M\u00f6chten Sie einen Einblick in die Funktionsweise von Fj\u00e4rdhundraland, den Aufbau des Reiseziels und die Nutzung des Netzes durch die Mitglieder erhalten? Dann ist ein Studienbesuch eine gute M\u00f6glichkeit dazu. Sie werden nicht nur die Geschichte von Fj\u00e4rdhundraland kennenlernen, sondern auch die einzelnen Mitglieder, die \u00fcber ihre Erfahrungen und Beweggr\u00fcnde berichten werden. Ein Studienbesuch bei Fj\u00e4rdhundraland bietet neue...","rel":"","context":"\u00c4hnlicher Beitrag","block_context":{"text":"\u00c4hnlicher Beitrag","link":""},"img":{"alt_text":"Studiebes\u00f6k Fj\u00e4rdhundraland jhos Axel & Gren","src":"https:\/\/i0.wp.com\/www.fjardhundraland.se\/wp-content\/uploads\/2023\/06\/studiebesok-fjardhundraland-axel-gren.jpg?resize=350%2C200&ssl=1","width":350,"height":200,"srcset":"https:\/\/i0.wp.com\/www.fjardhundraland.se\/wp-content\/uploads\/2023\/06\/studiebesok-fjardhundraland-axel-gren.jpg?resize=350%2C200&ssl=1 1x, https:\/\/i0.wp.com\/www.fjardhundraland.se\/wp-content\/uploads\/2023\/06\/studiebesok-fjardhundraland-axel-gren.jpg?resize=525%2C300&ssl=1 1.5x, https:\/\/i0.wp.com\/www.fjardhundraland.se\/wp-content\/uploads\/2023\/06\/studiebesok-fjardhundraland-axel-gren.jpg?resize=700%2C400&ssl=1 2x, https:\/\/i0.wp.com\/www.fjardhundraland.se\/wp-content\/uploads\/2023\/06\/studiebesok-fjardhundraland-axel-gren.jpg?resize=1050%2C600&ssl=1 3x, https:\/\/i0.wp.com\/www.fjardhundraland.se\/wp-content\/uploads\/2023\/06\/studiebesok-fjardhundraland-axel-gren.jpg?resize=1400%2C800&ssl=1 4x"},"classes":[]},{"id":13805,"url":"https:\/\/www.fjardhundraland.se\/de\/","url_meta":{"origin":1515,"position":1},"title":"Fj\u00e4rdhundraland - das Land in Stadtn\u00e4he","author":"Mats Thorburn","date":"4 November 2023","format":false,"excerpt":"M\u00f6chten Sie der Natur nahe kommen? Die Menschen kennenlernen, die Ihr Essen angebaut haben? In Fj\u00e4rdhundraland f\u00fchren Sie gewundene Landstra\u00dfen zwischen Caf\u00e9s und Hofl\u00e4den, w\u00e4hrend Runensteine und mittelalterliche Kirchen den Weg s\u00e4umen. Nehmen Sie eine Auszeit vom Alltag und erleben Sie das Land in Ihrer N\u00e4he. Nirgendwo sonst finden Sie im Umkreis von einer Stunde so viele tolle Lebensmittel, Natur und Geschichte...","rel":"","context":"\u00c4hnlicher Beitrag","block_context":{"text":"\u00c4hnlicher Beitrag","link":""},"img":{"alt_text":"Tupp Ho\u0308ns Ha\u0308rnevi plantskola","src":"https:\/\/i0.wp.com\/www.fjardhundraland.se\/wp-content\/uploads\/2018\/03\/tupp-hocc88ns-hacc88rnevi-plantskola-2017-april-15-12-00-45-_.jpg?resize=350%2C200&ssl=1","width":350,"height":200,"srcset":"https:\/\/i0.wp.com\/www.fjardhundraland.se\/wp-content\/uploads\/2018\/03\/tupp-hocc88ns-hacc88rnevi-plantskola-2017-april-15-12-00-45-_.jpg?resize=350%2C200&ssl=1 1x, https:\/\/i0.wp.com\/www.fjardhundraland.se\/wp-content\/uploads\/2018\/03\/tupp-hocc88ns-hacc88rnevi-plantskola-2017-april-15-12-00-45-_.jpg?resize=525%2C300&ssl=1 1.5x, https:\/\/i0.wp.com\/www.fjardhundraland.se\/wp-content\/uploads\/2018\/03\/tupp-hocc88ns-hacc88rnevi-plantskola-2017-april-15-12-00-45-_.jpg?resize=700%2C400&ssl=1 2x, https:\/\/i0.wp.com\/www.fjardhundraland.se\/wp-content\/uploads\/2018\/03\/tupp-hocc88ns-hacc88rnevi-plantskola-2017-april-15-12-00-45-_.jpg?resize=1050%2C600&ssl=1 3x, https:\/\/i0.wp.com\/www.fjardhundraland.se\/wp-content\/uploads\/2018\/03\/tupp-hocc88ns-hacc88rnevi-plantskola-2017-april-15-12-00-45-_.jpg?resize=1400%2C800&ssl=1 4x"},"classes":[]},{"id":6557,"url":"https:\/\/www.fjardhundraland.se\/de\/uber-fjardhundraland\/jetzt-eingeben\/","url_meta":{"origin":1515,"position":2},"title":"Aktivit\u00e4t eingeben","author":"Mats Thorburn","date":"31 M\u00e4rz 2020","format":false,"excerpt":"Es besteht ein gro\u00dfes Interesse daran, in die Natur zu gehen, und wir haben einen gro\u00dfartigen Ort, um zu zeigen, was wir tun - genau jetzt. Hier k\u00f6nnen Sie Veranstaltungen, Aktivit\u00e4ten und vor\u00fcbergehende \u00d6ffnungszeiten hinzuf\u00fcgen. Nach manueller Freigabe wird es hier ver\u00f6ffentlicht: https:\/\/www.fjardhundraland.se\/nu\/ Wenn Sie kein Bild hochladen...","rel":"","context":"\u00c4hnlicher Beitrag","block_context":{"text":"\u00c4hnlicher Beitrag","link":""},"img":{"alt_text":"","src":"","width":0,"height":0},"classes":[]},{"id":20251,"url":"https:\/\/www.fjardhundraland.se\/de\/einlage\/2026\/pask-in-fjardhundraland-2019\/","url_meta":{"origin":1515,"position":3},"title":"Ostern in Fj\u00e4rdhundraland","author":"Marloes","date":"18 M\u00e4rz 2026","format":false,"excerpt":"Den Fr\u00fchling erlebt man am besten auf dem Lande in der N\u00e4he der Stadt. Das ist die feste \u00dcberzeugung vieler Fj\u00e4rdhundraland-Mitglieder. Denn naturnah, in einer h\u00fcgeligen Kulturlandschaft mit Hofl\u00e4den, T\u00f6pferwerkst\u00e4tten und Caf\u00e9s, kann man im Fr\u00fchling den Gesang der V\u00f6gel noch besser h\u00f6ren und den w\u00fcrzigen Duft der lebendig werdenden Erde riechen. Und das...","rel":"","context":"\u00c4hnlicher Beitrag","block_context":{"text":"\u00c4hnlicher Beitrag","link":""},"img":{"alt_text":"","src":"https:\/\/i0.wp.com\/www.fjardhundraland.se\/wp-content\/uploads\/2021\/04\/pask-i-fjardhundraland-tupp-och-hona.jpg?resize=350%2C200&ssl=1","width":350,"height":200,"srcset":"https:\/\/i0.wp.com\/www.fjardhundraland.se\/wp-content\/uploads\/2021\/04\/pask-i-fjardhundraland-tupp-och-hona.jpg?resize=350%2C200&ssl=1 1x, https:\/\/i0.wp.com\/www.fjardhundraland.se\/wp-content\/uploads\/2021\/04\/pask-i-fjardhundraland-tupp-och-hona.jpg?resize=525%2C300&ssl=1 1.5x, https:\/\/i0.wp.com\/www.fjardhundraland.se\/wp-content\/uploads\/2021\/04\/pask-i-fjardhundraland-tupp-och-hona.jpg?resize=700%2C400&ssl=1 2x, https:\/\/i0.wp.com\/www.fjardhundraland.se\/wp-content\/uploads\/2021\/04\/pask-i-fjardhundraland-tupp-och-hona.jpg?resize=1050%2C600&ssl=1 3x, https:\/\/i0.wp.com\/www.fjardhundraland.se\/wp-content\/uploads\/2021\/04\/pask-i-fjardhundraland-tupp-och-hona.jpg?resize=1400%2C800&ssl=1 4x"},"classes":[]},{"id":13123,"url":"https:\/\/www.fjardhundraland.se\/de\/uber-fjardhundraland\/gruppenreisen-nach-fjardhundraland\/","url_meta":{"origin":1515,"position":4},"title":"Gruppenreisen nach Fj\u00e4rdhundraland","author":"Mats Thorburn","date":"19 Juni 2023","format":false,"excerpt":"M\u00f6chten Sie mit einer Reisegruppe nach Fj\u00e4rdhundraland kommen? Wir sind im Gruppenreisekatalog der Region Uppsala aufgef\u00fchrt. Lesen Sie ihn hier. Gartentourismus Enk\u00f6ping organisiert ma\u00dfgeschneiderte Gruppenreisen in Fj\u00e4rdhundraland. H\u00f6gbergs buss ist Mitglied von Fj\u00e4rdhundraland und kann Sie bei Ihrer Gruppenreise unterst\u00fctzen. Kontaktieren Sie uns, wenn Sie Fragen zu Ihrer Reise haben!","rel":"","context":"\u00c4hnlicher Beitrag","block_context":{"text":"\u00c4hnlicher Beitrag","link":""},"img":{"alt_text":"","src":"","width":0,"height":0},"classes":[]},{"id":9481,"url":"https:\/\/www.fjardhundraland.se\/de\/uber-fjardhundraland\/vortrag-entwicklungszusammenarbeit\/","url_meta":{"origin":1515,"position":5},"title":"Einen Vortrag buchen","author":"Mats Thorburn","date":"10 November 2021","format":false,"excerpt":"Ein Vortrag ist ein gro\u00dfartiger Start f\u00fcr ein Projekt zur Entwicklung des l\u00e4ndlichen Raums oder eines Reiseziels, oder wenn Sie die Vorteile der Zusammenarbeit aufzeigen wollen! Fj\u00e4rdhundraland hat ein Reiseziel innerhalb von zehn Jahren von Null auf 150 Mitglieder aufgebaut, angefangen mit einem Leader-Projekt. Jetzt k\u00f6nnen Sie einen der beliebten Vortr\u00e4ge von Mats Thorburn buchen...","rel":"","context":"\u00c4hnlicher Beitrag","block_context":{"text":"\u00c4hnlicher Beitrag","link":""},"img":{"alt_text":"Stora turismpriset utdelning december 2019 Mats Thorburn","src":"https:\/\/i0.wp.com\/www.fjardhundraland.se\/wp-content\/uploads\/2021\/11\/stora-turismpriset-utdelning-december-2019-mats-thorburn.jpg?resize=350%2C200&ssl=1","width":350,"height":200,"srcset":"https:\/\/i0.wp.com\/www.fjardhundraland.se\/wp-content\/uploads\/2021\/11\/stora-turismpriset-utdelning-december-2019-mats-thorburn.jpg?resize=350%2C200&ssl=1 1x, https:\/\/i0.wp.com\/www.fjardhundraland.se\/wp-content\/uploads\/2021\/11\/stora-turismpriset-utdelning-december-2019-mats-thorburn.jpg?resize=525%2C300&ssl=1 1.5x, https:\/\/i0.wp.com\/www.fjardhundraland.se\/wp-content\/uploads\/2021\/11\/stora-turismpriset-utdelning-december-2019-mats-thorburn.jpg?resize=700%2C400&ssl=1 2x, https:\/\/i0.wp.com\/www.fjardhundraland.se\/wp-content\/uploads\/2021\/11\/stora-turismpriset-utdelning-december-2019-mats-thorburn.jpg?resize=1050%2C600&ssl=1 3x, https:\/\/i0.wp.com\/www.fjardhundraland.se\/wp-content\/uploads\/2021\/11\/stora-turismpriset-utdelning-december-2019-mats-thorburn.jpg?resize=1400%2C800&ssl=1 4x"},"classes":[]}],"jetpack_sharing_enabled":true,"_links":{"self":[{"href":"https:\/\/www.fjardhundraland.se\/de\/wp-json\/wp\/v2\/pages\/1515","targetHints":{"allow":["GET"]}}],"collection":[{"href":"https:\/\/www.fjardhundraland.se\/de\/wp-json\/wp\/v2\/pages"}],"about":[{"href":"https:\/\/www.fjardhundraland.se\/de\/wp-json\/wp\/v2\/types\/page"}],"author":[{"embeddable":true,"href":"https:\/\/www.fjardhundraland.se\/de\/wp-json\/wp\/v2\/users\/1"}],"replies":[{"embeddable":true,"href":"https:\/\/www.fjardhundraland.se\/de\/wp-json\/wp\/v2\/comments?post=1515"}],"version-history":[{"count":0,"href":"https:\/\/www.fjardhundraland.se\/de\/wp-json\/wp\/v2\/pages\/1515\/revisions"}],"wp:attachment":[{"href":"https:\/\/www.fjardhundraland.se\/de\/wp-json\/wp\/v2\/media?parent=1515"}],"wp:term":[{"taxonomy":"category","embeddable":true,"href":"https:\/\/www.fjardhundraland.se\/de\/wp-json\/wp\/v2\/categories?post=1515"},{"taxonomy":"post_tag","embeddable":true,"href":"https:\/\/www.fjardhundraland.se\/de\/wp-json\/wp\/v2\/tags?post=1515"}],"curies":[{"name":"wp","href":"https:\/\/api.w.org\/{rel}","templated":true}]}}