
{"id":1489,"date":"2013-12-30T18:37:37","date_gmt":"2013-12-30T17:37:37","guid":{"rendered":"http:\/\/www.fjardhundraland.se\/?page_id=1489"},"modified":"2023-10-02T11:31:19","modified_gmt":"2023-10-02T09:31:19","slug":"lokales-essen-und-akta-kansla-in-der-nahe-der-stadt","status":"publish","type":"page","link":"https:\/\/www.fjardhundraland.se\/de\/lokal-mat-och-akta-kansla-nara-storstan\/","title":{"rendered":"Fj\u00e4rdhundraland<br>Das Land in der N\u00e4he der Stadt"},"content":{"rendered":"<p><strong>M\u00f6chten Sie der Natur Schwedens nahe kommen? Die Menschen und die Kultur authentisch kennenlernen? In Fj\u00e4rdhundraland f\u00fchren gewundene Landstra\u00dfen zu Caf\u00e9s und Hofl\u00e4den. Runensteine und mittelalterliche Kirchen s\u00e4umen den Weg.<\/strong><\/p>\n\n\n\n<p>So viele erstaunliche Dinge wie <a href=\"https:\/\/www.fjardhundraland.se\/de\/die-standorte\/shop\/lebensmittelhandwerk\/\">Lebensmittelhandwerk<\/a>, <a href=\"https:\/\/www.fjardhundraland.se\/de\/die-standorte\/gora\/natur\/\">Naturerlebnisse<\/a> und <a href=\"https:\/\/www.fjardhundraland.se\/de\/die-standorte\/gora\/geschichte\/\">spannende Geschichte,<\/a> die Sie innerhalb einer Stunde von Stockholm, V\u00e4ster\u00e5s und Uppsala nirgendwo anders finden werden. Hier ist es eng zwischen den Perlen.<\/p>\n\n\n\n<p>M\u00f6chten Sie an einer unserer wunderbaren Touren teilnehmen? <a href=\"https:\/\/www.fjardhundraland.se\/de\/veranstaltungen\/\" data-type=\"page\" data-id=\"2163\">Die diesj\u00e4hrigen Termine und weitere Informationen finden Sie hier<\/a>!<\/p>\n\n\n\n<p><\/p>\n\n\n\n<p><\/p>\n\n\n\n<p><\/p>","protected":false},"excerpt":{"rendered":"<p>Vill du komma n\u00e4ra naturen? Tr\u00e4ffa den som odlat maten? I Fj\u00e4rdhundraland leder dig slingrande sm\u00e5v\u00e4gar mellan kaf\u00e9er och g\u00e5rdsbutiker medan runstenar och medeltida kyrkor kantar v\u00e4gen. Ta en paus fr\u00e5n vardagen och upplev landet n\u00e4ra dig. S\u00e5 h\u00e4r mycket fantastiskt mathantverk, naturupplevelser och sp\u00e4nnande historia hittar du inte n\u00e5gon annanstans inom en timme fr\u00e5n [&hellip;]<\/p>\n","protected":false},"author":1,"featured_media":0,"parent":0,"menu_order":46,"comment_status":"closed","ping_status":"closed","template":"","meta":{"_acf_changed":false,"_relevanssi_hide_post":"","_relevanssi_hide_content":"","_relevanssi_pin_for_all":"","_relevanssi_pin_keywords":"","_relevanssi_unpin_keywords":"","_relevanssi_related_keywords":"","_relevanssi_related_include_ids":"","_relevanssi_related_exclude_ids":"","_relevanssi_related_no_append":"","_relevanssi_related_not_related":"","_relevanssi_related_posts":"","_relevanssi_noindex_reason":"","_genesis_hide_title":false,"_genesis_hide_breadcrumbs":false,"_genesis_hide_singular_image":false,"_genesis_hide_footer_widgets":false,"_genesis_custom_body_class":"","_genesis_custom_post_class":"","_genesis_layout":"","footnotes":""},"categories":[],"tags":[],"class_list":{"0":"post-1489","1":"page","2":"type-page","3":"status-publish","5":"entry"},"acf":[],"visa":null,"geo_latitude":null,"geo_longitude":null,"featured_image_src":null,"featured_image_src_square":null,"jetpack-related-posts":[{"id":13805,"url":"https:\/\/www.fjardhundraland.se\/de\/","url_meta":{"origin":1489,"position":0},"title":"Fj\u00e4rdhundraland - das Land in Stadtn\u00e4he","author":"Mats Thorburn","date":"4 November 2023","format":false,"excerpt":"M\u00f6chten Sie der Natur nahe kommen? Die Menschen kennenlernen, die Ihr Essen angebaut haben? In Fj\u00e4rdhundraland f\u00fchren Sie gewundene Landstra\u00dfen zwischen Caf\u00e9s und Hofl\u00e4den, w\u00e4hrend Runensteine und mittelalterliche Kirchen den Weg s\u00e4umen. Nehmen Sie eine Auszeit vom Alltag und erleben Sie das Land in Ihrer N\u00e4he. Nirgendwo sonst finden Sie im Umkreis von einer Stunde so viele tolle Lebensmittel, Natur und Geschichte...","rel":"","context":"\u00c4hnlicher Beitrag","block_context":{"text":"\u00c4hnlicher Beitrag","link":""},"img":{"alt_text":"","src":"https:\/\/i0.wp.com\/www.fjardhundraland.se\/wp-content\/uploads\/2020\/02\/vacc8ansjocc88acc8asen-backsippor.jpg?resize=350%2C200&ssl=1","width":350,"height":200,"srcset":"https:\/\/i0.wp.com\/www.fjardhundraland.se\/wp-content\/uploads\/2020\/02\/vacc8ansjocc88acc8asen-backsippor.jpg?resize=350%2C200&ssl=1 1x, https:\/\/i0.wp.com\/www.fjardhundraland.se\/wp-content\/uploads\/2020\/02\/vacc8ansjocc88acc8asen-backsippor.jpg?resize=525%2C300&ssl=1 1.5x, https:\/\/i0.wp.com\/www.fjardhundraland.se\/wp-content\/uploads\/2020\/02\/vacc8ansjocc88acc8asen-backsippor.jpg?resize=700%2C400&ssl=1 2x, https:\/\/i0.wp.com\/www.fjardhundraland.se\/wp-content\/uploads\/2020\/02\/vacc8ansjocc88acc8asen-backsippor.jpg?resize=1050%2C600&ssl=1 3x, https:\/\/i0.wp.com\/www.fjardhundraland.se\/wp-content\/uploads\/2020\/02\/vacc8ansjocc88acc8asen-backsippor.jpg?resize=1400%2C800&ssl=1 4x"},"classes":[]},{"id":4572,"url":"https:\/\/www.fjardhundraland.se\/de\/evenemang\/rebusrundan10\/navigera-med-google-maps\/","url_meta":{"origin":1489,"position":1},"title":"Navigieren mit Google Maps","author":"Ylva Fontell","date":"26 Juli 2017","format":false,"excerpt":"Es gibt viele kurvenreiche Nebenstra\u00dfen in Fj\u00e4rdhundraland. Sie sind wundersch\u00f6n und Teil der Reise, aber manchmal ist es schwer zu wissen, welche die richtige ist, um an Ihr Ziel zu gelangen. Die Navigation mit Google Maps hilft Ihnen, Ihren Weg zu finden. Und so geht's: \u00d6ffnen Sie die...","rel":"","context":"\u00c4hnlicher Beitrag","block_context":{"text":"\u00c4hnlicher Beitrag","link":""},"img":{"alt_text":"","src":"","width":0,"height":0},"classes":[]},{"id":5242,"url":"https:\/\/www.fjardhundraland.se\/de\/cykla\/fjardhundralandsleden\/","url_meta":{"origin":1489,"position":2},"title":"Fj\u00e4rdhundralands","author":"Mats Thorburn","date":"29 Juni 2018","format":false,"excerpt":"Die Strecke Fj\u00e4rdhundraland ist unsere Fahrradroute durch das Zentrum unseres Gebiets. Die erste 38 km lange Etappe verl\u00e4uft zwischen Fj\u00e4rdhundra und \u00d6rsundsbro, auf guten Stra\u00dfen mit vielen Gelegenheiten zum Anhalten f\u00fcr einen Kaffee, einen Abstecher oder ein Bad. In der N\u00e4he von Fj\u00e4rdhundraland befinden sich auch mehrere andere Ziele, so dass Sie die Strecke nutzen k\u00f6nnen...","rel":"","context":"In &quot;Cykling&quot;","block_context":{"text":"Cykling","link":"https:\/\/www.fjardhundraland.se\/de\/cykling\/"},"img":{"alt_text":"Cyklar parkerade framf\u00f6r Nys\u00e4tra kyrka","src":"https:\/\/i0.wp.com\/www.fjardhundraland.se\/wp-content\/uploads\/2018\/06\/cykling.jpg?resize=350%2C200&ssl=1","width":350,"height":200,"srcset":"https:\/\/i0.wp.com\/www.fjardhundraland.se\/wp-content\/uploads\/2018\/06\/cykling.jpg?resize=350%2C200&ssl=1 1x, https:\/\/i0.wp.com\/www.fjardhundraland.se\/wp-content\/uploads\/2018\/06\/cykling.jpg?resize=525%2C300&ssl=1 1.5x, https:\/\/i0.wp.com\/www.fjardhundraland.se\/wp-content\/uploads\/2018\/06\/cykling.jpg?resize=700%2C400&ssl=1 2x, https:\/\/i0.wp.com\/www.fjardhundraland.se\/wp-content\/uploads\/2018\/06\/cykling.jpg?resize=1050%2C600&ssl=1 3x, https:\/\/i0.wp.com\/www.fjardhundraland.se\/wp-content\/uploads\/2018\/06\/cykling.jpg?resize=1400%2C800&ssl=1 4x"},"classes":[]},{"id":20251,"url":"https:\/\/www.fjardhundraland.se\/de\/inlagg\/2026\/pask-i-fjardhundraland\/","url_meta":{"origin":1489,"position":3},"title":"Ostern in Fj\u00e4rdhundraland","author":"Marloes","date":"18 M\u00e4rz 2026","format":false,"excerpt":"Den Fr\u00fchling erlebt man am besten auf dem Lande in der N\u00e4he der Stadt. Das ist die feste \u00dcberzeugung vieler Fj\u00e4rdhundraland-Mitglieder. Denn naturnah, in einer h\u00fcgeligen Kulturlandschaft mit Hofl\u00e4den, T\u00f6pferwerkst\u00e4tten und Caf\u00e9s, kann man im Fr\u00fchling den Gesang der V\u00f6gel noch besser h\u00f6ren und den w\u00fcrzigen Duft der lebendig werdenden Erde riechen. Und das...","rel":"","context":"\u00c4hnlicher Beitrag","block_context":{"text":"\u00c4hnlicher Beitrag","link":""},"img":{"alt_text":"","src":"https:\/\/i0.wp.com\/www.fjardhundraland.se\/wp-content\/uploads\/2021\/04\/pask-i-fjardhundraland-tupp-och-hona.jpg?resize=350%2C200&ssl=1","width":350,"height":200,"srcset":"https:\/\/i0.wp.com\/www.fjardhundraland.se\/wp-content\/uploads\/2021\/04\/pask-i-fjardhundraland-tupp-och-hona.jpg?resize=350%2C200&ssl=1 1x, https:\/\/i0.wp.com\/www.fjardhundraland.se\/wp-content\/uploads\/2021\/04\/pask-i-fjardhundraland-tupp-och-hona.jpg?resize=525%2C300&ssl=1 1.5x, https:\/\/i0.wp.com\/www.fjardhundraland.se\/wp-content\/uploads\/2021\/04\/pask-i-fjardhundraland-tupp-och-hona.jpg?resize=700%2C400&ssl=1 2x, https:\/\/i0.wp.com\/www.fjardhundraland.se\/wp-content\/uploads\/2021\/04\/pask-i-fjardhundraland-tupp-och-hona.jpg?resize=1050%2C600&ssl=1 3x, https:\/\/i0.wp.com\/www.fjardhundraland.se\/wp-content\/uploads\/2021\/04\/pask-i-fjardhundraland-tupp-och-hona.jpg?resize=1400%2C800&ssl=1 4x"},"classes":[]},{"id":6016,"url":"https:\/\/www.fjardhundraland.se\/de\/om-fjardhundraland\/vanliga-fragor\/","url_meta":{"origin":1489,"position":4},"title":"H\u00e4ufig gestellte Fragen","author":"Mats Thorburn","date":"11 September 2019","format":false,"excerpt":"Wo befindet sich Fj\u00e4rdhundraland? Unser Gebiet wird dadurch definiert, wo sich unsere Mitglieder befinden - zwischen V\u00e4ster\u00e5s, Sala, Str\u00e4ngn\u00e4s, Uppsala, Enk\u00f6ping und Stockholm. Wir haben keine Grenzen festgelegt, weil Grenzen f\u00fcr Besucher uninteressant sind. Werfen Sie einen Blick auf die Karte! Was bedeutet \u201dFj\u00e4rdhundraland\u201d? Der Name stammt von der gleichnamigen wikingischen\/mittelalterlichen Nation....","rel":"","context":"\u00c4hnlicher Beitrag","block_context":{"text":"\u00c4hnlicher Beitrag","link":""},"img":{"alt_text":"","src":"","width":0,"height":0},"classes":[]},{"id":14913,"url":"https:\/\/www.fjardhundraland.se\/de\/favoriter\/","url_meta":{"origin":1489,"position":5},"title":"Favoriten","author":"Mats Thorburn","date":"12 Februar 2024","format":false,"excerpt":"Hier ist eine Auswahl von Lieblingsseiten in Fj\u00e4rdhundraland! M\u00f6chten Sie Ihre eigene Favoritenseite erstellen? Klicken Sie auf \u201dSpeichern\u201d bei den Stellen, die Sie behalten m\u00f6chten, und klicken Sie oben rechts auf \ud83d\udda4. Dort finden Sie den Link.","rel":"","context":"\u00c4hnlicher Beitrag","block_context":{"text":"\u00c4hnlicher Beitrag","link":""},"img":{"alt_text":"","src":"","width":0,"height":0},"classes":[]}],"jetpack_sharing_enabled":true,"_links":{"self":[{"href":"https:\/\/www.fjardhundraland.se\/de\/wp-json\/wp\/v2\/pages\/1489","targetHints":{"allow":["GET"]}}],"collection":[{"href":"https:\/\/www.fjardhundraland.se\/de\/wp-json\/wp\/v2\/pages"}],"about":[{"href":"https:\/\/www.fjardhundraland.se\/de\/wp-json\/wp\/v2\/types\/page"}],"author":[{"embeddable":true,"href":"https:\/\/www.fjardhundraland.se\/de\/wp-json\/wp\/v2\/users\/1"}],"replies":[{"embeddable":true,"href":"https:\/\/www.fjardhundraland.se\/de\/wp-json\/wp\/v2\/comments?post=1489"}],"version-history":[{"count":0,"href":"https:\/\/www.fjardhundraland.se\/de\/wp-json\/wp\/v2\/pages\/1489\/revisions"}],"wp:attachment":[{"href":"https:\/\/www.fjardhundraland.se\/de\/wp-json\/wp\/v2\/media?parent=1489"}],"wp:term":[{"taxonomy":"category","embeddable":true,"href":"https:\/\/www.fjardhundraland.se\/de\/wp-json\/wp\/v2\/categories?post=1489"},{"taxonomy":"post_tag","embeddable":true,"href":"https:\/\/www.fjardhundraland.se\/de\/wp-json\/wp\/v2\/tags?post=1489"}],"curies":[{"name":"wp","href":"https:\/\/api.w.org\/{rel}","templated":true}]}}