
{"id":13724,"date":"2023-10-29T22:55:27","date_gmt":"2023-10-29T21:55:27","guid":{"rendered":"https:\/\/www.fjardhundraland.se\/?page_id=13724"},"modified":"2023-10-29T22:55:29","modified_gmt":"2023-10-29T21:55:29","slug":"sehen-und-tun","status":"publish","type":"page","link":"https:\/\/www.fjardhundraland.se\/de\/sehen-und-tun\/","title":{"rendered":"Sehen und erleben"},"content":{"rendered":"<p>Fj\u00e4rdhundraland ist ein gro\u00dfes Gebiet mit einer dichten Mischung aus Hofl\u00e4den, Handwerk, Caf\u00e9s, Unterk\u00fcnften und vielem mehr. Hier ist der gro\u00dfe Katalog mit allem, was Sie tun k\u00f6nnen, kategorisiert, mit Kontaktangaben, \u00d6ffnungszeiten und gro\u00dfen, \u00fcbersichtlichen Karten.<\/p>\n\n\n\n<div class=\"wp-block-genesis-blocks-gb-columns gb-slate-section-image-and-text-columns gb-slate-image-text-columns gb-layout-columns-1 gb-1-col-equal has-white-background-color gb-has-custom-text-color gb-columns-center alignfull\" style=\"padding-top:1em;color:#1f1f1f\"><div class=\"gb-layout-column-wrap gb-block-layout-column-gap-1 gb-is-responsive-column\" style=\"max-width:1700px\">\n<div class=\"wp-block-genesis-blocks-gb-column gb-block-layout-column\"><div class=\"gb-block-layout-column-inner\">\n<div class=\"wp-block-genesis-blocks-gb-columns gb-layout-columns-3 gb-3-col-equal\"><div class=\"gb-layout-column-wrap gb-block-layout-column-gap-2 gb-is-responsive-column\">\n<div class=\"wp-block-genesis-blocks-gb-column gb-block-layout-column\"><div class=\"gb-block-layout-column-inner\">\n<figure class=\"wp-block-image size-full\"><a href=\"https:\/\/www.fjardhundraland.se\/de\/gor\/\"><img decoding=\"async\" width=\"2500\" height=\"1875\" data-attachment-id=\"11248\" data-permalink=\"https:\/\/www.fjardhundraland.se\/de\/ausflug\/2023\/rebus-runde-7-und-14-august-2022\/attachment\/vag-o-runsten-ryda-kungsgard-u838-1455818\/\" data-orig-file=\"https:\/\/www.fjardhundraland.se\/wp-content\/uploads\/2022\/08\/vag-o-runsten-ryda-kungsgard-u838-1455818.jpeg\" data-orig-size=\"2500,1875\" data-comments-opened=\"0\" data-image-meta=\"{&quot;aperture&quot;:&quot;0&quot;,&quot;credit&quot;:&quot;&quot;,&quot;camera&quot;:&quot;&quot;,&quot;caption&quot;:&quot;&quot;,&quot;created_timestamp&quot;:&quot;0&quot;,&quot;copyright&quot;:&quot;&quot;,&quot;focal_length&quot;:&quot;0&quot;,&quot;iso&quot;:&quot;0&quot;,&quot;shutter_speed&quot;:&quot;0&quot;,&quot;title&quot;:&quot;&quot;,&quot;orientation&quot;:&quot;0&quot;}\" data-image-title=\"V\u00e4g_o_Runsten_Ryda_Kungsg\u00e5rd_U838-_1455818\" data-image-description=\"\" data-image-caption=\"\" data-medium-file=\"https:\/\/www.fjardhundraland.se\/wp-content\/uploads\/2022\/08\/vag-o-runsten-ryda-kungsgard-u838-1455818.jpeg\" data-large-file=\"https:\/\/www.fjardhundraland.se\/wp-content\/uploads\/2022\/08\/vag-o-runsten-ryda-kungsgard-u838-1455818.jpeg\" src=\"https:\/\/www.fjardhundraland.se\/wp-content\/uploads\/2022\/08\/vag-o-runsten-ryda-kungsgard-u838-1455818.jpeg\" alt=\"\" class=\"wp-image-11248\" title=\"\"><\/a><\/figure>\n\n\n\n<h3 class=\"wp-block-heading has-text-color\" style=\"color:#1f1f1f;font-size:26px\"><a href=\"https:\/\/www.fjardhundraland.se\/de\/die-standorte\/gora\/\">Erleben<\/a><\/h3>\n\n\n\n<p class=\"has-text-color\" style=\"color:#1f1f1f\">Hier finden Sie die Sehensw\u00fcrdigkeiten! Runensteine, Naturerlebnisse, mittelalterliche Kirchen, Badepl\u00e4tze und alles, was Ihren Ausflug lohnenswert macht.<\/p>\n<\/div><\/div>\n\n\n\n<div class=\"wp-block-genesis-blocks-gb-column gb-block-layout-column\"><div class=\"gb-block-layout-column-inner\">\n<figure class=\"wp-block-image size-full\"><img decoding=\"async\" width=\"2328\" height=\"1753\" data-attachment-id=\"9097\" data-permalink=\"https:\/\/www.fjardhundraland.se\/de\/dunderbo-ljus-hantverk-loppisrundan\/\" data-orig-file=\"https:\/\/www.fjardhundraland.se\/wp-content\/uploads\/2021\/06\/dunderbo-ljus-hantverk-loppisrundan2019juli06-15.jpg\" data-orig-size=\"2328,1753\" data-comments-opened=\"0\" data-image-meta=\"{&quot;aperture&quot;:&quot;0&quot;,&quot;credit&quot;:&quot;&quot;,&quot;camera&quot;:&quot;&quot;,&quot;caption&quot;:&quot;&quot;,&quot;created_timestamp&quot;:&quot;0&quot;,&quot;copyright&quot;:&quot;&quot;,&quot;focal_length&quot;:&quot;0&quot;,&quot;iso&quot;:&quot;0&quot;,&quot;shutter_speed&quot;:&quot;0&quot;,&quot;title&quot;:&quot;&quot;,&quot;orientation&quot;:&quot;0&quot;}\" data-image-title=\"Dunderbo ljus &amp;#038; hantverk Loppisrundan2019juli06-15\" data-image-description=\"\" data-image-caption=\"\" data-medium-file=\"https:\/\/www.fjardhundraland.se\/wp-content\/uploads\/2021\/06\/dunderbo-ljus-hantverk-loppisrundan2019juli06-15.jpg\" data-large-file=\"https:\/\/www.fjardhundraland.se\/wp-content\/uploads\/2021\/06\/dunderbo-ljus-hantverk-loppisrundan2019juli06-15.jpg\" src=\"https:\/\/www.fjardhundraland.se\/wp-content\/uploads\/2021\/06\/dunderbo-ljus-hantverk-loppisrundan2019juli06-15.jpg\" alt=\"Die Flohmarktrunde bei Dunderbo Kerzen &amp; Kunsthandwerk\" class=\"wp-image-9097\" title=\"\"><\/figure>\n\n\n\n<h3 class=\"wp-block-heading has-text-color\" style=\"color:#1f1f1f;font-size:26px\"><a href=\"https:\/\/www.fjardhundraland.se\/de\/die-standorte\/shop\/\">Einkaufen<\/a><\/h3>\n\n\n\n<p class=\"has-text-color\" style=\"color:#1f1f1f\">L\u00e4den auf dem Bauernhof, Kunsthandwerk, Vintage, Lebensmittelhandwerk, Kleidung, Inneneinrichtung und andere aufregende Eink\u00e4ufe auf dem Land.<\/p>\n<\/div><\/div>\n\n\n\n<div class=\"wp-block-genesis-blocks-gb-column gb-block-layout-column\"><div class=\"gb-block-layout-column-inner\">\n<figure class=\"wp-block-image size-full is-style-default\"><img decoding=\"async\" width=\"1440\" height=\"1080\" data-attachment-id=\"11426\" data-permalink=\"https:\/\/www.fjardhundraland.se\/de\/gerichte\/das-schattencafe\/attachment\/skuggans12\/\" data-orig-file=\"https:\/\/www.fjardhundraland.se\/wp-content\/uploads\/2021\/04\/skuggans12.jpeg\" data-orig-size=\"1440,1080\" data-comments-opened=\"0\" data-image-meta=\"{&quot;aperture&quot;:&quot;0&quot;,&quot;credit&quot;:&quot;&quot;,&quot;camera&quot;:&quot;&quot;,&quot;caption&quot;:&quot;&quot;,&quot;created_timestamp&quot;:&quot;0&quot;,&quot;copyright&quot;:&quot;&quot;,&quot;focal_length&quot;:&quot;0&quot;,&quot;iso&quot;:&quot;0&quot;,&quot;shutter_speed&quot;:&quot;0&quot;,&quot;title&quot;:&quot;&quot;,&quot;orientation&quot;:&quot;0&quot;}\" data-image-title=\"Skuggans12\" data-image-description=\"\" data-image-caption=\"\" data-medium-file=\"https:\/\/www.fjardhundraland.se\/wp-content\/uploads\/2021\/04\/skuggans12.jpeg\" data-large-file=\"https:\/\/www.fjardhundraland.se\/wp-content\/uploads\/2021\/04\/skuggans12.jpeg\" src=\"https:\/\/www.fjardhundraland.se\/wp-content\/uploads\/2021\/04\/skuggans12.jpeg\" alt=\"\" class=\"wp-image-11426\" title=\"\"><\/figure>\n\n\n\n<h3 class=\"wp-block-heading has-text-color\" style=\"color:#1f1f1f;font-size:26px\"><a href=\"https:\/\/www.fjardhundraland.se\/de\/die-standorte\/ata\/\">Essen<\/a><\/h3>\n\n\n\n<p class=\"has-text-color\" style=\"color:#1f1f1f\">Jede Reise braucht ihren Kaffee, ihr Mittagessen und ihr Abendessen. Hier finden Sie die guten Dinge, die Fj\u00e4rdhudnraland Ihnen zu bieten hat, die hier zu Besuch sind!<\/p>\n<\/div><\/div>\n<\/div><\/div>\n<\/div><\/div>\n<\/div><\/div>\n\n\n\n<div class=\"wp-block-genesis-blocks-gb-columns gb-slate-section-image-and-text-columns gb-slate-image-text-columns gb-layout-columns-1 gb-1-col-equal has-white-background-color gb-has-custom-text-color gb-columns-center alignfull\" style=\"padding-top:2em;padding-bottom:2em;color:#1f1f1f\"><div class=\"gb-layout-column-wrap gb-block-layout-column-gap-1 gb-is-responsive-column\" style=\"max-width:1700px\">\n<div class=\"wp-block-genesis-blocks-gb-column gb-block-layout-column\"><div class=\"gb-block-layout-column-inner\">\n<div class=\"wp-block-genesis-blocks-gb-columns gb-layout-columns-3 gb-3-col-equal\"><div class=\"gb-layout-column-wrap gb-block-layout-column-gap-2 gb-is-responsive-column\">\n<div class=\"wp-block-genesis-blocks-gb-column gb-block-layout-column\"><div class=\"gb-block-layout-column-inner\">\n<figure class=\"wp-block-image size-full\"><img decoding=\"async\" width=\"2048\" height=\"1361\" data-attachment-id=\"12539\" data-permalink=\"https:\/\/www.fjardhundraland.se\/de\/gerichte\/kleines-hotel-ekolsund\/attachment\/lilla-hotellet-ekolsund-vardagsrum-01\/\" data-orig-file=\"https:\/\/www.fjardhundraland.se\/wp-content\/uploads\/2023\/04\/lilla-hotellet-ekolsund-vardagsrum-01.jpg\" data-orig-size=\"2048,1361\" data-comments-opened=\"0\" data-image-meta=\"{&quot;aperture&quot;:&quot;0&quot;,&quot;credit&quot;:&quot;&quot;,&quot;camera&quot;:&quot;&quot;,&quot;caption&quot;:&quot;&quot;,&quot;created_timestamp&quot;:&quot;0&quot;,&quot;copyright&quot;:&quot;&quot;,&quot;focal_length&quot;:&quot;0&quot;,&quot;iso&quot;:&quot;0&quot;,&quot;shutter_speed&quot;:&quot;0&quot;,&quot;title&quot;:&quot;&quot;,&quot;orientation&quot;:&quot;0&quot;}\" data-image-title=\"lilla-hotellet-ekolsund-vardagsrum-01\" data-image-description=\"\" data-image-caption=\"\" data-medium-file=\"https:\/\/www.fjardhundraland.se\/wp-content\/uploads\/2023\/04\/lilla-hotellet-ekolsund-vardagsrum-01.jpg\" data-large-file=\"https:\/\/www.fjardhundraland.se\/wp-content\/uploads\/2023\/04\/lilla-hotellet-ekolsund-vardagsrum-01.jpg\" src=\"https:\/\/www.fjardhundraland.se\/wp-content\/uploads\/2023\/04\/lilla-hotellet-ekolsund-vardagsrum-01.jpg\" alt=\"\" class=\"wp-image-12539\" title=\"\"><\/figure>\n\n\n\n<h3 class=\"wp-block-heading has-text-color\" style=\"color:#1f1f1f;font-size:26px\"><a href=\"https:\/\/www.fjardhundraland.se\/de\/die-standorte\/nest\/\">Wohnen<\/a><\/h3>\n\n\n\n<p class=\"has-text-color\" style=\"color:#1f1f1f\">F\u00fchlen Sie sich wie zu Hause f\u00fcr eine Nacht oder mehr. Bleiben Sie pers\u00f6nlich und in der N\u00e4he von allen Attraktionen von Fj\u00e4rdhundraland!<\/p>\n<\/div><\/div>\n\n\n\n<div class=\"wp-block-genesis-blocks-gb-column gb-block-layout-column\"><div class=\"gb-block-layout-column-inner\">\n<figure class=\"wp-block-image size-large\"><img decoding=\"async\" src=\"https:\/\/www.fjardhundraland.se\/wp-content\/uploads\/2023\/07\/dsc-8405-2000x1325-1-1200x795.jpeg\" alt=\"\" class=\"wp-image-13284\" title=\"\"><\/figure>\n\n\n\n<h3 class=\"wp-block-heading has-text-color\" style=\"color:#1f1f1f;font-size:26px\"><a href=\"https:\/\/www.fjardhundraland.se\/de\/paket\/\">Paket<\/a><\/h3>\n\n\n\n<p class=\"has-text-color\" style=\"color:#1f1f1f\">Hier finden Sie Erlebnisse, die Sie sonst nirgendwo finden! Einige der besten, die wir in qualit\u00e4tsgesicherten Paketen anbieten. Einfach buchen und genie\u00dfen!<\/p>\n<\/div><\/div>\n\n\n\n<div class=\"wp-block-genesis-blocks-gb-column gb-block-layout-column\"><div class=\"gb-block-layout-column-inner\">\n<figure class=\"wp-block-image size-full is-style-default\"><img decoding=\"async\" width=\"2500\" height=\"1667\" data-attachment-id=\"5625\" data-permalink=\"https:\/\/www.fjardhundraland.se\/de\/cyklister\/\" data-orig-file=\"https:\/\/www.fjardhundraland.se\/wp-content\/uploads\/2019\/03\/cyklister.jpeg\" data-orig-size=\"2500,1667\" data-comments-opened=\"0\" data-image-meta=\"{&quot;aperture&quot;:&quot;0&quot;,&quot;credit&quot;:&quot;&quot;,&quot;camera&quot;:&quot;&quot;,&quot;caption&quot;:&quot;&quot;,&quot;created_timestamp&quot;:&quot;0&quot;,&quot;copyright&quot;:&quot;&quot;,&quot;focal_length&quot;:&quot;0&quot;,&quot;iso&quot;:&quot;0&quot;,&quot;shutter_speed&quot;:&quot;0&quot;,&quot;title&quot;:&quot;&quot;,&quot;orientation&quot;:&quot;0&quot;}\" data-image-title=\"cyklister\" data-image-description=\"\" data-image-caption=\"\" data-medium-file=\"https:\/\/www.fjardhundraland.se\/wp-content\/uploads\/2019\/03\/cyklister.jpeg\" data-large-file=\"https:\/\/www.fjardhundraland.se\/wp-content\/uploads\/2019\/03\/cyklister.jpeg\" src=\"https:\/\/www.fjardhundraland.se\/wp-content\/uploads\/2019\/03\/cyklister.jpeg\" alt=\"\" class=\"wp-image-5625\" title=\"\"><\/figure>\n\n\n\n<h3 class=\"wp-block-heading has-text-color\" style=\"color:#1f1f1f;font-size:26px\"><a href=\"https:\/\/www.fjardhundraland.se\/de\/routen\/zyklus\/\">Radfahren<\/a><\/h3>\n\n\n\n<p class=\"has-text-color\" style=\"color:#1f1f1f\">Kleine, mit Runensteinen ges\u00e4umte Stra\u00dfen, Hofl\u00e4den, sch\u00f6ne Landschaften und gem\u00fctliche Caf\u00e9s. Nehmen Sie Ihr Fahrrad und genie\u00dfen Sie die sch\u00f6nen Aussichten des Fj\u00e4rdhundraland.<\/p>\n<\/div><\/div>\n<\/div><\/div>\n<\/div><\/div>\n<\/div><\/div>","protected":false},"excerpt":{"rendered":"<p>Fj\u00e4rdhundraland ist ein gro\u00dfes Gebiet mit einer dichten Mischung aus Hofl\u00e4den, Handwerk, Caf\u00e9s, Unterk\u00fcnften und vielem mehr. Hier ist der gro\u00dfe Katalog mit allem, was Sie tun k\u00f6nnen, kategorisiert, mit Kontaktangaben, \u00d6ffnungszeiten und gro\u00dfen, \u00fcbersichtlichen Karten.<\/p>","protected":false},"author":1,"featured_media":0,"parent":0,"menu_order":0,"comment_status":"closed","ping_status":"closed","template":"","meta":{"_acf_changed":false,"_relevanssi_hide_post":"","_relevanssi_hide_content":"","_relevanssi_pin_for_all":"","_relevanssi_pin_keywords":"","_relevanssi_unpin_keywords":"","_relevanssi_related_keywords":"","_relevanssi_related_include_ids":"","_relevanssi_related_exclude_ids":"","_relevanssi_related_no_append":"","_relevanssi_related_not_related":"","_relevanssi_related_posts":"7972,10366,15924,16894,7448,13560","_relevanssi_noindex_reason":"","_genesis_hide_title":false,"_genesis_hide_breadcrumbs":false,"_genesis_hide_singular_image":false,"_genesis_hide_footer_widgets":false,"_genesis_custom_body_class":"","_genesis_custom_post_class":"","_genesis_layout":"","footnotes":""},"categories":[],"tags":[],"class_list":{"0":"post-13724","1":"page","2":"type-page","3":"status-publish","5":"entry"},"acf":[],"visa":null,"geo_latitude":null,"geo_longitude":null,"featured_image_src":null,"featured_image_src_square":null,"jetpack-related-posts":[{"id":13826,"url":"https:\/\/www.fjardhundraland.se\/de\/gor\/","url_meta":{"origin":13724,"position":0},"title":"Sehen &amp; Erleben","author":"Mats Thorburn","date":"4 November 2023","format":false,"excerpt":"Fj\u00e4rdhundraland ist ein gro\u00dfes Gebiet mit einer dichten Mischung aus Hofl\u00e4den, Handwerk, Caf\u00e9s, Unterk\u00fcnften und vielem mehr. Hier ist der gro\u00dfe Katalog mit allem, was Sie tun k\u00f6nnen, kategorisiert, mit Kontaktangaben, \u00d6ffnungszeiten und gro\u00dfen, \u00fcbersichtlichen Karten. Do The sights can be found here! Runensteine, Naturerlebnisse, mittelalterliche Kirchen, Badestellen und alles andere, was den Ausflug vergoldet. Einkaufen...","rel":"","context":"\u00c4hnlicher Beitrag","block_context":{"text":"\u00c4hnlicher Beitrag","link":""},"img":{"alt_text":"V\u00e4g och runsten, profilbild Rebusrundan 2022","src":"https:\/\/i0.wp.com\/www.fjardhundraland.se\/wp-content\/uploads\/2022\/08\/vag-o-runsten-ryda-kungsgard-u838-1455818.jpeg?resize=350%2C200&ssl=1","width":350,"height":200,"srcset":"https:\/\/i0.wp.com\/www.fjardhundraland.se\/wp-content\/uploads\/2022\/08\/vag-o-runsten-ryda-kungsgard-u838-1455818.jpeg?resize=350%2C200&ssl=1 1x, https:\/\/i0.wp.com\/www.fjardhundraland.se\/wp-content\/uploads\/2022\/08\/vag-o-runsten-ryda-kungsgard-u838-1455818.jpeg?resize=525%2C300&ssl=1 1.5x, https:\/\/i0.wp.com\/www.fjardhundraland.se\/wp-content\/uploads\/2022\/08\/vag-o-runsten-ryda-kungsgard-u838-1455818.jpeg?resize=700%2C400&ssl=1 2x, https:\/\/i0.wp.com\/www.fjardhundraland.se\/wp-content\/uploads\/2022\/08\/vag-o-runsten-ryda-kungsgard-u838-1455818.jpeg?resize=1050%2C600&ssl=1 3x, https:\/\/i0.wp.com\/www.fjardhundraland.se\/wp-content\/uploads\/2022\/08\/vag-o-runsten-ryda-kungsgard-u838-1455818.jpeg?resize=1400%2C800&ssl=1 4x"},"classes":[]},{"id":1809,"url":"https:\/\/www.fjardhundraland.se\/de\/uber-fjardhundraland\/grafikprofil\/","url_meta":{"origin":13724,"position":1},"title":"Grafisches Profil","author":"Ylva Fontell","date":"28 Februar 2014","format":false,"excerpt":"Das Profil ist einfach. Es hat drei Hauptelemente: das Logo, die Farben und die Schriftart der \u00dcberschrift. Das Logo Das Logo hat sich etabliert. Indem wir es so oft wie m\u00f6glich verwenden, st\u00e4rken wir die Marke und machen die Website attraktiver. Download f\u00fcr Druck - f\u00fcr Office - f\u00fcr Web. Logo mit Text Gro\u00dfer Tourismuspreis...","rel":"","context":"\u00c4hnlicher Beitrag","block_context":{"text":"\u00c4hnlicher Beitrag","link":""},"img":{"alt_text":"LogoFjardhundraland250px","src":"https:\/\/i0.wp.com\/www.fjardhundraland.se\/wp-content\/uploads\/2013\/12\/LogoFjardhundraland250px.png?resize=350%2C200&ssl=1","width":350,"height":200},"classes":[]},{"id":9481,"url":"https:\/\/www.fjardhundraland.se\/de\/uber-fjardhundraland\/vortrag-entwicklungszusammenarbeit\/","url_meta":{"origin":13724,"position":2},"title":"Einen Vortrag buchen","author":"Mats Thorburn","date":"10 November 2021","format":false,"excerpt":"Ein Vortrag ist ein gro\u00dfartiger Start f\u00fcr ein Projekt zur Entwicklung des l\u00e4ndlichen Raums oder eines Reiseziels, oder wenn Sie die Vorteile der Zusammenarbeit aufzeigen wollen! Fj\u00e4rdhundraland hat ein Reiseziel innerhalb von zehn Jahren von Null auf 150 Mitglieder aufgebaut, angefangen mit einem Leader-Projekt. Jetzt k\u00f6nnen Sie einen der beliebten Vortr\u00e4ge von Mats Thorburn buchen...","rel":"","context":"\u00c4hnlicher Beitrag","block_context":{"text":"\u00c4hnlicher Beitrag","link":""},"img":{"alt_text":"Stora turismpriset utdelning december 2019 Mats Thorburn","src":"https:\/\/i0.wp.com\/www.fjardhundraland.se\/wp-content\/uploads\/2021\/11\/stora-turismpriset-utdelning-december-2019-mats-thorburn.jpg?resize=350%2C200&ssl=1","width":350,"height":200,"srcset":"https:\/\/i0.wp.com\/www.fjardhundraland.se\/wp-content\/uploads\/2021\/11\/stora-turismpriset-utdelning-december-2019-mats-thorburn.jpg?resize=350%2C200&ssl=1 1x, https:\/\/i0.wp.com\/www.fjardhundraland.se\/wp-content\/uploads\/2021\/11\/stora-turismpriset-utdelning-december-2019-mats-thorburn.jpg?resize=525%2C300&ssl=1 1.5x, https:\/\/i0.wp.com\/www.fjardhundraland.se\/wp-content\/uploads\/2021\/11\/stora-turismpriset-utdelning-december-2019-mats-thorburn.jpg?resize=700%2C400&ssl=1 2x, https:\/\/i0.wp.com\/www.fjardhundraland.se\/wp-content\/uploads\/2021\/11\/stora-turismpriset-utdelning-december-2019-mats-thorburn.jpg?resize=1050%2C600&ssl=1 3x, https:\/\/i0.wp.com\/www.fjardhundraland.se\/wp-content\/uploads\/2021\/11\/stora-turismpriset-utdelning-december-2019-mats-thorburn.jpg?resize=1400%2C800&ssl=1 4x"},"classes":[]},{"id":20251,"url":"https:\/\/www.fjardhundraland.se\/de\/einlage\/2026\/pask-in-fjardhundraland-2019\/","url_meta":{"origin":13724,"position":3},"title":"Ostern in Fj\u00e4rdhundraland","author":"Marloes","date":"18 M\u00e4rz 2026","format":false,"excerpt":"Den Fr\u00fchling erlebt man am besten auf dem Lande in der N\u00e4he der Stadt. Das ist die feste \u00dcberzeugung vieler Fj\u00e4rdhundraland-Mitglieder. Denn naturnah, in einer h\u00fcgeligen Kulturlandschaft mit Hofl\u00e4den, T\u00f6pferwerkst\u00e4tten und Caf\u00e9s, kann man im Fr\u00fchling den Gesang der V\u00f6gel noch besser h\u00f6ren und den w\u00fcrzigen Duft der lebendig werdenden Erde riechen. Und das...","rel":"","context":"\u00c4hnlicher Beitrag","block_context":{"text":"\u00c4hnlicher Beitrag","link":""},"img":{"alt_text":"","src":"https:\/\/i0.wp.com\/www.fjardhundraland.se\/wp-content\/uploads\/2021\/04\/pask-i-fjardhundraland-tupp-och-hona.jpg?resize=350%2C200&ssl=1","width":350,"height":200,"srcset":"https:\/\/i0.wp.com\/www.fjardhundraland.se\/wp-content\/uploads\/2021\/04\/pask-i-fjardhundraland-tupp-och-hona.jpg?resize=350%2C200&ssl=1 1x, https:\/\/i0.wp.com\/www.fjardhundraland.se\/wp-content\/uploads\/2021\/04\/pask-i-fjardhundraland-tupp-och-hona.jpg?resize=525%2C300&ssl=1 1.5x, https:\/\/i0.wp.com\/www.fjardhundraland.se\/wp-content\/uploads\/2021\/04\/pask-i-fjardhundraland-tupp-och-hona.jpg?resize=700%2C400&ssl=1 2x, https:\/\/i0.wp.com\/www.fjardhundraland.se\/wp-content\/uploads\/2021\/04\/pask-i-fjardhundraland-tupp-och-hona.jpg?resize=1050%2C600&ssl=1 3x, https:\/\/i0.wp.com\/www.fjardhundraland.se\/wp-content\/uploads\/2021\/04\/pask-i-fjardhundraland-tupp-och-hona.jpg?resize=1400%2C800&ssl=1 4x"},"classes":[]},{"id":12897,"url":"https:\/\/www.fjardhundraland.se\/de\/uber-fjardhundraland\/einen-studienaufenthalt-buchen\/","url_meta":{"origin":13724,"position":4},"title":"Buchen Sie einen Studienbesuch","author":"Mats Thorburn","date":"1 Juni 2023","format":false,"excerpt":"M\u00f6chten Sie einen Einblick in die Funktionsweise von Fj\u00e4rdhundraland, den Aufbau des Reiseziels und die Nutzung des Netzes durch die Mitglieder erhalten? Dann ist ein Studienbesuch eine gute M\u00f6glichkeit dazu. Sie werden nicht nur die Geschichte von Fj\u00e4rdhundraland kennenlernen, sondern auch die einzelnen Mitglieder, die \u00fcber ihre Erfahrungen und Beweggr\u00fcnde berichten werden. Ein Studienbesuch bei Fj\u00e4rdhundraland bietet neue...","rel":"","context":"\u00c4hnlicher Beitrag","block_context":{"text":"\u00c4hnlicher Beitrag","link":""},"img":{"alt_text":"Studiebes\u00f6k Fj\u00e4rdhundraland jhos Axel & Gren","src":"https:\/\/i0.wp.com\/www.fjardhundraland.se\/wp-content\/uploads\/2023\/06\/studiebesok-fjardhundraland-axel-gren.jpg?resize=350%2C200&ssl=1","width":350,"height":200,"srcset":"https:\/\/i0.wp.com\/www.fjardhundraland.se\/wp-content\/uploads\/2023\/06\/studiebesok-fjardhundraland-axel-gren.jpg?resize=350%2C200&ssl=1 1x, https:\/\/i0.wp.com\/www.fjardhundraland.se\/wp-content\/uploads\/2023\/06\/studiebesok-fjardhundraland-axel-gren.jpg?resize=525%2C300&ssl=1 1.5x, https:\/\/i0.wp.com\/www.fjardhundraland.se\/wp-content\/uploads\/2023\/06\/studiebesok-fjardhundraland-axel-gren.jpg?resize=700%2C400&ssl=1 2x, https:\/\/i0.wp.com\/www.fjardhundraland.se\/wp-content\/uploads\/2023\/06\/studiebesok-fjardhundraland-axel-gren.jpg?resize=1050%2C600&ssl=1 3x, https:\/\/i0.wp.com\/www.fjardhundraland.se\/wp-content\/uploads\/2023\/06\/studiebesok-fjardhundraland-axel-gren.jpg?resize=1400%2C800&ssl=1 4x"},"classes":[]},{"id":4517,"url":"https:\/\/www.fjardhundraland.se\/de\/veranstaltungen\/rebus-rund10\/die-kinderbustour\/","url_meta":{"origin":13724,"position":5},"title":"Bustour f\u00fcr Kinder","author":"Ylva Fontell","date":"23 Juli 2017","format":false,"excerpt":"Zw\u00f6lf Stationen der Rebus-Tour sind auf die j\u00fcngsten Familienmitglieder ausgerichtet. Es gibt spezielle R\u00e4tsel, die f\u00fcr Kinder zwischen 5 und 11 Jahren geeignet sind. An jeder Station kann man auch etwas Lustiges machen: Im Gelben Stall zeigt Ojja, der Hund, den Kindern die Kaninchen, Enten und H\u00fchner des Stalls. Das gl\u00fcckliche Schaf hat...","rel":"","context":"\u00c4hnlicher Beitrag","block_context":{"text":"\u00c4hnlicher Beitrag","link":""},"img":{"alt_text":"","src":"https:\/\/i0.wp.com\/www.fjardhundraland.se\/wp-content\/uploads\/2017\/07\/algar.jpg?resize=350%2C200&ssl=1","width":350,"height":200,"srcset":"https:\/\/i0.wp.com\/www.fjardhundraland.se\/wp-content\/uploads\/2017\/07\/algar.jpg?resize=350%2C200&ssl=1 1x, https:\/\/i0.wp.com\/www.fjardhundraland.se\/wp-content\/uploads\/2017\/07\/algar.jpg?resize=525%2C300&ssl=1 1.5x, https:\/\/i0.wp.com\/www.fjardhundraland.se\/wp-content\/uploads\/2017\/07\/algar.jpg?resize=700%2C400&ssl=1 2x, https:\/\/i0.wp.com\/www.fjardhundraland.se\/wp-content\/uploads\/2017\/07\/algar.jpg?resize=1050%2C600&ssl=1 3x, https:\/\/i0.wp.com\/www.fjardhundraland.se\/wp-content\/uploads\/2017\/07\/algar.jpg?resize=1400%2C800&ssl=1 4x"},"classes":[]}],"jetpack_sharing_enabled":true,"_links":{"self":[{"href":"https:\/\/www.fjardhundraland.se\/de\/wp-json\/wp\/v2\/pages\/13724","targetHints":{"allow":["GET"]}}],"collection":[{"href":"https:\/\/www.fjardhundraland.se\/de\/wp-json\/wp\/v2\/pages"}],"about":[{"href":"https:\/\/www.fjardhundraland.se\/de\/wp-json\/wp\/v2\/types\/page"}],"author":[{"embeddable":true,"href":"https:\/\/www.fjardhundraland.se\/de\/wp-json\/wp\/v2\/users\/1"}],"replies":[{"embeddable":true,"href":"https:\/\/www.fjardhundraland.se\/de\/wp-json\/wp\/v2\/comments?post=13724"}],"version-history":[{"count":0,"href":"https:\/\/www.fjardhundraland.se\/de\/wp-json\/wp\/v2\/pages\/13724\/revisions"}],"wp:attachment":[{"href":"https:\/\/www.fjardhundraland.se\/de\/wp-json\/wp\/v2\/media?parent=13724"}],"wp:term":[{"taxonomy":"category","embeddable":true,"href":"https:\/\/www.fjardhundraland.se\/de\/wp-json\/wp\/v2\/categories?post=13724"},{"taxonomy":"post_tag","embeddable":true,"href":"https:\/\/www.fjardhundraland.se\/de\/wp-json\/wp\/v2\/tags?post=13724"}],"curies":[{"name":"wp","href":"https:\/\/api.w.org\/{rel}","templated":true}]}}