
{"id":13123,"date":"2023-06-19T13:54:38","date_gmt":"2023-06-19T11:54:38","guid":{"rendered":"https:\/\/www.fjardhundraland.se\/?page_id=13123"},"modified":"2023-06-19T14:01:46","modified_gmt":"2023-06-19T12:01:46","slug":"gruppenreisen-nach-fjardhundraland","status":"publish","type":"page","link":"https:\/\/www.fjardhundraland.se\/de\/uber-fjardhundraland\/gruppenreisen-nach-fjardhundraland\/","title":{"rendered":"Gruppenreisen nach Fj\u00e4rdhundraland"},"content":{"rendered":"<p><strong>M\u00f6chten Sie mit einer Busgruppe zu Fj\u00e4rdhundraland kommen? <\/strong><\/p>\n\n\n\n<ul class=\"wp-block-list\">\n<li>Wir sind im Gruppenreisekatalog der Region Uppsala aufgef\u00fchrt. <a href=\"https:\/\/www.tierp.se\/4.48950bca17904794092b7fa5.html\" target=\"_blank\" rel=\"noopener\">Lesen Sie hier<\/a>.<\/li>\n\n\n\n<li><a href=\"https:\/\/www.fjardhundraland.se\/de\/gerichte\/tradgardsturism-i-enkoping\/\" data-type=\"plats\" data-id=\"6970\">Gartentourismus Enk\u00f6ping<\/a> organisiert ma\u00dfgeschneiderte Gruppenreisen in Fj\u00e4rdhundraland.<\/li>\n\n\n\n<li><a href=\"https:\/\/www.hogbergsbuss.se\" target=\"_blank\" rel=\"noopener\">H\u00f6gberg-Bus<\/a> sind Mitglieder von Fj\u00e4rdhundraland und k\u00f6nnen Ihnen bei Ihren Gruppenreisen helfen.<\/li>\n<\/ul>\n\n\n\n<p><a href=\"https:\/\/www.fjardhundraland.se\/de\/uber-fjardhundraland\/kontakt\/\" data-type=\"page\" data-id=\"2124\">Lassen Sie es uns wissen, wenn Sie Fragen zu Ihrer Reise haben!<\/a><\/p>","protected":false},"excerpt":{"rendered":"<p>M\u00f6chten Sie mit einer Busgruppe zu Fj\u00e4rdhundraland kommen? Lassen Sie uns wissen, wenn Sie Fragen zu Ihrer Reise haben!<\/p>","protected":false},"author":1,"featured_media":0,"parent":1515,"menu_order":0,"comment_status":"closed","ping_status":"closed","template":"","meta":{"_acf_changed":false,"_relevanssi_hide_post":"","_relevanssi_hide_content":"","_relevanssi_pin_for_all":"","_relevanssi_pin_keywords":"","_relevanssi_unpin_keywords":"","_relevanssi_related_keywords":"","_relevanssi_related_include_ids":"","_relevanssi_related_exclude_ids":"","_relevanssi_related_no_append":"","_relevanssi_related_not_related":"","_relevanssi_related_posts":"12584,13560,10783,5699,10896,4786","_relevanssi_noindex_reason":"","_genesis_hide_title":false,"_genesis_hide_breadcrumbs":false,"_genesis_hide_singular_image":false,"_genesis_hide_footer_widgets":false,"_genesis_custom_body_class":"","_genesis_custom_post_class":"","_genesis_layout":"","footnotes":""},"categories":[],"tags":[],"class_list":{"0":"post-13123","1":"page","2":"type-page","3":"status-publish","5":"entry"},"acf":[],"visa":null,"geo_latitude":null,"geo_longitude":null,"featured_image_src":null,"featured_image_src_square":null,"jetpack-related-posts":[{"id":1515,"url":"https:\/\/www.fjardhundraland.se\/de\/uber-fjardhundraland\/","url_meta":{"origin":13123,"position":0},"title":"\u00dcber Fj\u00e4rdhundraland","author":"Mats Thorburn","date":"8 Januar 2014","format":false,"excerpt":"In Fj\u00e4rdhundraland bringen wir tolle Erlebnisse in einer lebendigen Landschaft mit Geschichte, Naturerlebnissen und aufstrebenden Kleinunternehmen zusammen: Caf\u00e9s, Unterk\u00fcnfte, Hofl\u00e4den und vieles mehr! Jede Menge Lebensmittel, Kunsthandwerk, Natur, Kultur - alles innerhalb einer Stunde von Stockholm, Uppsala und V\u00e4ster\u00e5s. Der Name Fj\u00e4rdhundraland stammt aus dem mittelalterlichen Volksland Fj\u00e4drundaland. Das heutige Fj\u00e4rdhundraland hat keine Grenzen. Das Ziel ist es, ein gro\u00dfes Gebiet von...","rel":"","context":"\u00c4hnlicher Beitrag","block_context":{"text":"\u00c4hnlicher Beitrag","link":""},"img":{"alt_text":"","src":"","width":0,"height":0},"classes":[]},{"id":1903,"url":"https:\/\/www.fjardhundraland.se\/de\/uber-fjardhundraland\/wirtschaftsverband-fjardhundraland\/","url_meta":{"origin":13123,"position":1},"title":"Verein Fj\u00e4rdhundraland","author":"Mats Thorburn","date":"2 M\u00e4rz 2014","format":false,"excerpt":"Fj\u00e4rdhundraland wird im Rahmen des 2011 gegr\u00fcndeten Wirtschaftsverbands Fj\u00e4rdhundraland entwickelt. Der Verband arbeitet an der Entwicklung der Tourismusindustrie und der Schaffung neuer Partnerschaften. Alle Arbeiten zielen darauf ab, unseren Besuchern ein besseres Erlebnis zu bieten.  M\u00f6chten Sie mehr \u00fcber die Wirtschaftsvereinigung Fj\u00e4rdhundraland erfahren? Lesen Sie hier die h\u00e4ufig gestellten Fragen. Fj\u00e4rdhundraland hat seinen Ursprung in dem LEADER-Projekt Tourismus in Fj\u00e4rdhundrabygden, das...","rel":"","context":"\u00c4hnlicher Beitrag","block_context":{"text":"\u00c4hnlicher Beitrag","link":""},"img":{"alt_text":"","src":"","width":0,"height":0},"classes":[]},{"id":18106,"url":"https:\/\/www.fjardhundraland.se\/de\/zeitschrift-fjardhundraland\/","url_meta":{"origin":13123,"position":2},"title":"Magasin Fj\u00e4rdhundraland","author":"Mats Thorburn","date":"3 Mai 2025","format":false,"excerpt":"Fj\u00e4rdhundraland-Magazin und -Karte Das diesj\u00e4hrige Magazin ist jetzt erh\u00e4ltlich, zusammen mit einer aktualisierten Papierkarte. Das Fj\u00e4rdhundraland-Magazin erz\u00e4hlt die Geschichten der Menschen, die in der Region Gesch\u00e4fte betreiben, und der Orte, die sie besuchen. Jede Ausgabe enth\u00e4lt in der Regel Artikel \u00fcber Lebensmittel, Kaffee, Gartenarbeit, Handwerk, Kultur und Geschichte. Zusammen mit dem Magazin haben wir eine Karte erstellt, auf der Sie...","rel":"","context":"\u00c4hnlicher Beitrag","block_context":{"text":"\u00c4hnlicher Beitrag","link":""},"img":{"alt_text":"","src":"https:\/\/i0.wp.com\/www.fjardhundraland.se\/wp-content\/uploads\/2025\/05\/magasin-2025-framsida.jpg?resize=350%2C200&ssl=1","width":350,"height":200,"srcset":"https:\/\/i0.wp.com\/www.fjardhundraland.se\/wp-content\/uploads\/2025\/05\/magasin-2025-framsida.jpg?resize=350%2C200&ssl=1 1x, https:\/\/i0.wp.com\/www.fjardhundraland.se\/wp-content\/uploads\/2025\/05\/magasin-2025-framsida.jpg?resize=525%2C300&ssl=1 1.5x, https:\/\/i0.wp.com\/www.fjardhundraland.se\/wp-content\/uploads\/2025\/05\/magasin-2025-framsida.jpg?resize=700%2C400&ssl=1 2x, https:\/\/i0.wp.com\/www.fjardhundraland.se\/wp-content\/uploads\/2025\/05\/magasin-2025-framsida.jpg?resize=1050%2C600&ssl=1 3x, https:\/\/i0.wp.com\/www.fjardhundraland.se\/wp-content\/uploads\/2025\/05\/magasin-2025-framsida.jpg?resize=1400%2C800&ssl=1 4x"},"classes":[]},{"id":1800,"url":"https:\/\/www.fjardhundraland.se\/de\/uber-fjardhundraland\/ausgezogen\/","url_meta":{"origin":13123,"position":3},"title":"Austritt","author":"Ylva Fontell","date":"28 Februar 2014","format":false,"excerpt":"Wenn Sie Ihre Mitgliedschaft bei Fj\u00e4rdhundraland ek. beenden m\u00f6chten. Verein beenden m\u00f6chten, f\u00fcllen Sie bitte dieses Formular aus: Austrittsformular HINWEIS! Dies gilt nur f\u00fcr Vollmitglieder. Wenn Sie nicht mehr F\u00f6rdermitglied sein wollen, senden Sie bitte eine Nachricht an inga@fjardhundraland.se","rel":"","context":"\u00c4hnlicher Beitrag","block_context":{"text":"\u00c4hnlicher Beitrag","link":""},"img":{"alt_text":"","src":"","width":0,"height":0},"classes":[]},{"id":20264,"url":"https:\/\/www.fjardhundraland.se\/de\/uber-fjardhundraland\/offene-daten\/","url_meta":{"origin":13123,"position":4},"title":"Offene Daten","author":"Mats Thorburn","date":"18 M\u00e4rz 2026","format":false,"excerpt":"Die Standortdaten von Fj\u00e4rdhundraland sind in der API von Visit Sweden als offene Daten verf\u00fcgbar, die von denjenigen genutzt werden k\u00f6nnen, die Dienste mit schwedischen Besucherzielen erstellen. Die gleichen Informationen, die wir an Visit Sweden senden, stehen auch in dieser json-Datei zum Download bereit.","rel":"","context":"\u00c4hnlicher Beitrag","block_context":{"text":"\u00c4hnlicher Beitrag","link":""},"img":{"alt_text":"","src":"","width":0,"height":0},"classes":[]},{"id":2124,"url":"https:\/\/www.fjardhundraland.se\/de\/uber-fjardhundraland\/kontakt\/","url_meta":{"origin":13123,"position":5},"title":"Kontakt","author":"Mats Thorburn","date":"15 M\u00e4rz 2014","format":false,"excerpt":"Kontaktinformationen zu den einzelnen Mitgliedern und Reisezielen finden Sie auf jeder Seite unter Do &amp; Visit, Shop, Eat und Stay. Folgen Sie uns: Facebook - Instagram Rechnungsadresse: Fj\u00e4rdhundraland ek f\u00f6rc\/o EkblomFr\u00f6sthults-Brunnby 11749 72 Fj\u00e4rdhundra Organisationsnummer: 769622-7417 Bankgiro 735-2693. Swish 123 261 48 32. M\u00f6chten Sie mehr \u00fcber den Verein Fj\u00e4rdhundraland erfahren, einen Vortrag buchen oder...","rel":"","context":"\u00c4hnlicher Beitrag","block_context":{"text":"\u00c4hnlicher Beitrag","link":""},"img":{"alt_text":"","src":"","width":0,"height":0},"classes":[]}],"jetpack_sharing_enabled":true,"_links":{"self":[{"href":"https:\/\/www.fjardhundraland.se\/de\/wp-json\/wp\/v2\/pages\/13123","targetHints":{"allow":["GET"]}}],"collection":[{"href":"https:\/\/www.fjardhundraland.se\/de\/wp-json\/wp\/v2\/pages"}],"about":[{"href":"https:\/\/www.fjardhundraland.se\/de\/wp-json\/wp\/v2\/types\/page"}],"author":[{"embeddable":true,"href":"https:\/\/www.fjardhundraland.se\/de\/wp-json\/wp\/v2\/users\/1"}],"replies":[{"embeddable":true,"href":"https:\/\/www.fjardhundraland.se\/de\/wp-json\/wp\/v2\/comments?post=13123"}],"version-history":[{"count":0,"href":"https:\/\/www.fjardhundraland.se\/de\/wp-json\/wp\/v2\/pages\/13123\/revisions"}],"up":[{"embeddable":true,"href":"https:\/\/www.fjardhundraland.se\/de\/wp-json\/wp\/v2\/pages\/1515"}],"wp:attachment":[{"href":"https:\/\/www.fjardhundraland.se\/de\/wp-json\/wp\/v2\/media?parent=13123"}],"wp:term":[{"taxonomy":"category","embeddable":true,"href":"https:\/\/www.fjardhundraland.se\/de\/wp-json\/wp\/v2\/categories?post=13123"},{"taxonomy":"post_tag","embeddable":true,"href":"https:\/\/www.fjardhundraland.se\/de\/wp-json\/wp\/v2\/tags?post=13123"}],"curies":[{"name":"wp","href":"https:\/\/api.w.org\/{rel}","templated":true}]}}