
{"id":12983,"date":"2023-06-09T11:12:20","date_gmt":"2023-06-09T09:12:20","guid":{"rendered":"https:\/\/www.fjardhundraland.se\/?page_id=12983"},"modified":"2023-09-06T10:39:16","modified_gmt":"2023-09-06T08:39:16","slug":"musik-fjardhundraland","status":"publish","type":"page","link":"https:\/\/www.fjardhundraland.se\/de\/musik-fjardhundraland\/","title":{"rendered":"Musik in Fj\u00e4rdhundraland"},"content":{"rendered":"<p><strong>Ein Konzert an einem dunklen, warmen Augustabend, bei strahlendem Sonnenschein im Sommer oder an einem eiskalten Weihnachtsabend. Das Musikerlebnis ist immer gr\u00f6\u00dfer, wenn es live und in echt ist. Suchen Sie im Kalender nach Musik, die zu Ihnen passt!<\/strong><\/p>\n\n\n\n<h2 class=\"wp-block-heading\">September<\/h2>\n\n\n\n<p>9.9. um 16.30 Uhr Konzert mit Henrik Lundberg (Fl\u00f6te) und Anders Dillmar (Klavier und Orgel). <a href=\"https:\/\/www.fjardhundraland.se\/de\/gerichte\/kirche-von-giresta\/\" data-type=\"plats\" data-id=\"1770\">Kirche von Giresta<\/a>. Freier Eintritt.&nbsp;<\/p>\n\n\n\n<p>10\/9 um 10 Uhr Einweihung der Orgel mit Anders Dillmar. St.-Marien-Kirche. Eintritt frei.<\/p>\n\n\n\n<p>24\/9 um 15 Uhr Orgelkonzert mit Anders Dillmar. St.-Marien-Kirche. Eintritt frei.<\/p>","protected":false},"excerpt":{"rendered":"<p>En konsert en m\u00f6rk och varm augustikv\u00e4ll, i str\u00e5lande sommarsolsken eller en iskall julotta. Musikupplevelsen bli alltid st\u00f6rre n\u00e4r det \u00e4r live och p\u00e5 riktigt. Leta i kalendariet efter musik som passar dig! September 9\/9 kl 16.30&nbsp;Konsert med Henrik Lundberg (tv\u00e4rfl\u00f6jt) och Anders Dillmar (piano och orgel). Giresta kyrka. Fri entr\u00e9.&nbsp; 10\/9 kl 10&nbsp;Orgelinvigning med [&hellip;]<\/p>\n","protected":false},"author":4,"featured_media":2045,"parent":0,"menu_order":0,"comment_status":"closed","ping_status":"closed","template":"","meta":{"_acf_changed":false,"_relevanssi_hide_post":"","_relevanssi_hide_content":"","_relevanssi_pin_for_all":"","_relevanssi_pin_keywords":"","_relevanssi_unpin_keywords":"","_relevanssi_related_keywords":"","_relevanssi_related_include_ids":"","_relevanssi_related_exclude_ids":"","_relevanssi_related_no_append":"","_relevanssi_related_not_related":"","_relevanssi_related_posts":"","_relevanssi_noindex_reason":"","_genesis_hide_title":false,"_genesis_hide_breadcrumbs":false,"_genesis_hide_singular_image":false,"_genesis_hide_footer_widgets":false,"_genesis_custom_body_class":"","_genesis_custom_post_class":"","_genesis_layout":"","footnotes":""},"categories":[23],"tags":[],"class_list":{"0":"post-12983","1":"page","2":"type-page","3":"status-publish","4":"has-post-thumbnail","6":"category-musik","7":"entry"},"acf":[],"visa":null,"geo_latitude":null,"geo_longitude":null,"featured_image_src":"https:\/\/www.fjardhundraland.se\/wp-content\/uploads\/2014\/03\/Forsby-musik.jpg","featured_image_src_square":"https:\/\/www.fjardhundraland.se\/wp-content\/uploads\/2014\/03\/Forsby-musik.jpg","jetpack-related-posts":[{"id":2399,"url":"https:\/\/www.fjardhundraland.se\/de\/veranstaltungen-3\/","url_meta":{"origin":12983,"position":0},"title":"Die Ereignisse","author":"Mats Thorburn","date":"18 Juni 2014","format":false,"excerpt":"[events_list_grouped limit=\"10\" category=\"-131\" pagination=1 date_format='F Y'] \u00a0 #_EVENTLINK #_EVENTDATES\u00a0kl.\u00a0#_EVENTTIMES Plats: #_LOCATIONNAME #_EVENTEXCERPT [\/events_list_grouped]","rel":"","context":"\u00c4hnlicher Beitrag","block_context":{"text":"\u00c4hnlicher Beitrag","link":""},"img":{"alt_text":"","src":"","width":0,"height":0},"classes":[]},{"id":2738,"url":"https:\/\/www.fjardhundraland.se\/de\/veranstaltungen\/menschen-essen\/","url_meta":{"origin":12983,"position":1},"title":"Essen &amp; Menschen - die Foodtour","author":"Mats Thorburn","date":"15 Juli 2015","format":false,"excerpt":"Mat & M\u00e4nniskor \u2013 helgen 20 \u2013 21 september 2025 kl 11\u201317 Dofta, smaka, titta, njut \u2013 Mat & M\u00e4nniskor \u00e4r rundan f\u00f6r alla sinnen d\u00e5 maten och m\u00e4nniskorna \u00e4r i centrum. L\u00e4s mer p\u00e5 https:\/\/www.fjardhundraland.se\/matomanniskor\/","rel":"","context":"\u00c4hnlicher Beitrag","block_context":{"text":"\u00c4hnlicher Beitrag","link":""},"img":{"alt_text":"","src":"https:\/\/i0.wp.com\/www.fjardhundraland.se\/wp-content\/uploads\/2018\/08\/mat-och-macc88nniskor-header.jpg?resize=350%2C200&ssl=1","width":350,"height":200,"srcset":"https:\/\/i0.wp.com\/www.fjardhundraland.se\/wp-content\/uploads\/2018\/08\/mat-och-macc88nniskor-header.jpg?resize=350%2C200&ssl=1 1x, https:\/\/i0.wp.com\/www.fjardhundraland.se\/wp-content\/uploads\/2018\/08\/mat-och-macc88nniskor-header.jpg?resize=525%2C300&ssl=1 1.5x, https:\/\/i0.wp.com\/www.fjardhundraland.se\/wp-content\/uploads\/2018\/08\/mat-och-macc88nniskor-header.jpg?resize=700%2C400&ssl=1 2x, https:\/\/i0.wp.com\/www.fjardhundraland.se\/wp-content\/uploads\/2018\/08\/mat-och-macc88nniskor-header.jpg?resize=1050%2C600&ssl=1 3x, https:\/\/i0.wp.com\/www.fjardhundraland.se\/wp-content\/uploads\/2018\/08\/mat-och-macc88nniskor-header.jpg?resize=1400%2C800&ssl=1 4x"},"classes":[]},{"id":2394,"url":"https:\/\/www.fjardhundraland.se\/de\/veranstaltungen\/rebus-rund10\/","url_meta":{"origin":12983,"position":2},"title":"Die Runde 2021 von Rebus","author":"Mats Thorburn","date":"18 Juni 2014","format":false,"excerpt":"Datum\/Zeit Sonntag, 1. und 8. August 2021, 11-17 Uhr: Rebusrundan l\u00e4dt Sie, Ihre Familie und Freunde zu einem Ausflug in Fj\u00e4rdhundraland ein. An zwei Sonntagen im August haben die Attraktionen und Gesch\u00e4fte ge\u00f6ffnet - und alle kommen auf ihre Kosten! Besuchen und R\u00e4tsel l\u00f6sen, einkaufen, wetteifern, essen &amp;...","rel":"","context":"\u00c4hnlicher Beitrag","block_context":{"text":"\u00c4hnlicher Beitrag","link":""},"img":{"alt_text":"","src":"https:\/\/i0.wp.com\/www.fjardhundraland.se\/wp-content\/uploads\/2018\/02\/rebusrundan.jpg?resize=350%2C200&ssl=1","width":350,"height":200,"srcset":"https:\/\/i0.wp.com\/www.fjardhundraland.se\/wp-content\/uploads\/2018\/02\/rebusrundan.jpg?resize=350%2C200&ssl=1 1x, https:\/\/i0.wp.com\/www.fjardhundraland.se\/wp-content\/uploads\/2018\/02\/rebusrundan.jpg?resize=525%2C300&ssl=1 1.5x, https:\/\/i0.wp.com\/www.fjardhundraland.se\/wp-content\/uploads\/2018\/02\/rebusrundan.jpg?resize=700%2C400&ssl=1 2x, https:\/\/i0.wp.com\/www.fjardhundraland.se\/wp-content\/uploads\/2018\/02\/rebusrundan.jpg?resize=1050%2C600&ssl=1 3x, https:\/\/i0.wp.com\/www.fjardhundraland.se\/wp-content\/uploads\/2018\/02\/rebusrundan.jpg?resize=1400%2C800&ssl=1 4x"},"classes":[]},{"id":2163,"url":"https:\/\/www.fjardhundraland.se\/de\/veranstaltungen\/","url_meta":{"origin":12983,"position":3},"title":"Veranstaltungen 2026","author":"Mats Thorburn","date":"4 April 2014","format":false,"excerpt":"INHALT","rel":"","context":"\u00c4hnlicher Beitrag","block_context":{"text":"\u00c4hnlicher Beitrag","link":""},"img":{"alt_text":"Loppisrundan p\u00e5 Dunderbo ljus & hantverk","src":"https:\/\/i0.wp.com\/www.fjardhundraland.se\/wp-content\/uploads\/2021\/06\/dunderbo-ljus-hantverk-loppisrundan2019juli06-15.jpg?resize=350%2C200&ssl=1","width":350,"height":200,"srcset":"https:\/\/i0.wp.com\/www.fjardhundraland.se\/wp-content\/uploads\/2021\/06\/dunderbo-ljus-hantverk-loppisrundan2019juli06-15.jpg?resize=350%2C200&ssl=1 1x, https:\/\/i0.wp.com\/www.fjardhundraland.se\/wp-content\/uploads\/2021\/06\/dunderbo-ljus-hantverk-loppisrundan2019juli06-15.jpg?resize=525%2C300&ssl=1 1.5x, https:\/\/i0.wp.com\/www.fjardhundraland.se\/wp-content\/uploads\/2021\/06\/dunderbo-ljus-hantverk-loppisrundan2019juli06-15.jpg?resize=700%2C400&ssl=1 2x, https:\/\/i0.wp.com\/www.fjardhundraland.se\/wp-content\/uploads\/2021\/06\/dunderbo-ljus-hantverk-loppisrundan2019juli06-15.jpg?resize=1050%2C600&ssl=1 3x, https:\/\/i0.wp.com\/www.fjardhundraland.se\/wp-content\/uploads\/2021\/06\/dunderbo-ljus-hantverk-loppisrundan2019juli06-15.jpg?resize=1400%2C800&ssl=1 4x"},"classes":[]},{"id":3963,"url":"https:\/\/www.fjardhundraland.se\/de\/veranstaltungen\/tag-der-tiere\/","url_meta":{"origin":12983,"position":4},"title":"Tag der Tiere 2017","author":"Ylva Fontell","date":"17 Februar 2017","format":false,"excerpt":"Verschmitzte L\u00e4mmer, niedliche H\u00fchner oder gl\u00fcckliche Schweine. Gibt es etwas Sch\u00f6neres, als Tiere zu sehen, die sich an der Sonne, der W\u00e4rme und dem frischen Gr\u00fcn erfreuen? Fr\u00fchlingszeit ist Tierzeit. Zum vierten Mal laden einige der Bauernh\u00f6fe von Fj\u00e4rdhundraland am Samstag, den 27. Mai von 11 bis 16 Uhr zum Tag der Tiere ein.","rel":"","context":"\u00c4hnlicher Beitrag","block_context":{"text":"\u00c4hnlicher Beitrag","link":""},"img":{"alt_text":"","src":"https:\/\/i0.wp.com\/www.fjardhundraland.se\/wp-content\/uploads\/2017\/02\/18157411_1484046814959071_3875511745731358846_n.jpg?resize=350%2C200&ssl=1","width":350,"height":200,"srcset":"https:\/\/i0.wp.com\/www.fjardhundraland.se\/wp-content\/uploads\/2017\/02\/18157411_1484046814959071_3875511745731358846_n.jpg?resize=350%2C200&ssl=1 1x, https:\/\/i0.wp.com\/www.fjardhundraland.se\/wp-content\/uploads\/2017\/02\/18157411_1484046814959071_3875511745731358846_n.jpg?resize=525%2C300&ssl=1 1.5x, https:\/\/i0.wp.com\/www.fjardhundraland.se\/wp-content\/uploads\/2017\/02\/18157411_1484046814959071_3875511745731358846_n.jpg?resize=700%2C400&ssl=1 2x"},"classes":[]},{"id":20251,"url":"https:\/\/www.fjardhundraland.se\/de\/einlage\/2026\/pask-in-fjardhundraland-2019\/","url_meta":{"origin":12983,"position":5},"title":"Ostern in Fj\u00e4rdhundraland","author":"Marloes","date":"18 M\u00e4rz 2026","format":false,"excerpt":"Den Fr\u00fchling erlebt man am besten auf dem Lande in der N\u00e4he der Stadt. Das ist die feste \u00dcberzeugung vieler Fj\u00e4rdhundraland-Mitglieder. Denn naturnah, in einer h\u00fcgeligen Kulturlandschaft mit Hofl\u00e4den, T\u00f6pferwerkst\u00e4tten und Caf\u00e9s, kann man im Fr\u00fchling den Gesang der V\u00f6gel noch besser h\u00f6ren und den w\u00fcrzigen Duft der lebendig werdenden Erde riechen. Und das...","rel":"","context":"\u00c4hnlicher Beitrag","block_context":{"text":"\u00c4hnlicher Beitrag","link":""},"img":{"alt_text":"","src":"https:\/\/i0.wp.com\/www.fjardhundraland.se\/wp-content\/uploads\/2021\/04\/pask-i-fjardhundraland-tupp-och-hona.jpg?resize=350%2C200&ssl=1","width":350,"height":200,"srcset":"https:\/\/i0.wp.com\/www.fjardhundraland.se\/wp-content\/uploads\/2021\/04\/pask-i-fjardhundraland-tupp-och-hona.jpg?resize=350%2C200&ssl=1 1x, https:\/\/i0.wp.com\/www.fjardhundraland.se\/wp-content\/uploads\/2021\/04\/pask-i-fjardhundraland-tupp-och-hona.jpg?resize=525%2C300&ssl=1 1.5x, https:\/\/i0.wp.com\/www.fjardhundraland.se\/wp-content\/uploads\/2021\/04\/pask-i-fjardhundraland-tupp-och-hona.jpg?resize=700%2C400&ssl=1 2x, https:\/\/i0.wp.com\/www.fjardhundraland.se\/wp-content\/uploads\/2021\/04\/pask-i-fjardhundraland-tupp-och-hona.jpg?resize=1050%2C600&ssl=1 3x, https:\/\/i0.wp.com\/www.fjardhundraland.se\/wp-content\/uploads\/2021\/04\/pask-i-fjardhundraland-tupp-och-hona.jpg?resize=1400%2C800&ssl=1 4x"},"classes":[]}],"jetpack_sharing_enabled":true,"_links":{"self":[{"href":"https:\/\/www.fjardhundraland.se\/de\/wp-json\/wp\/v2\/pages\/12983","targetHints":{"allow":["GET"]}}],"collection":[{"href":"https:\/\/www.fjardhundraland.se\/de\/wp-json\/wp\/v2\/pages"}],"about":[{"href":"https:\/\/www.fjardhundraland.se\/de\/wp-json\/wp\/v2\/types\/page"}],"author":[{"embeddable":true,"href":"https:\/\/www.fjardhundraland.se\/de\/wp-json\/wp\/v2\/users\/4"}],"replies":[{"embeddable":true,"href":"https:\/\/www.fjardhundraland.se\/de\/wp-json\/wp\/v2\/comments?post=12983"}],"version-history":[{"count":0,"href":"https:\/\/www.fjardhundraland.se\/de\/wp-json\/wp\/v2\/pages\/12983\/revisions"}],"wp:featuredmedia":[{"embeddable":true,"href":"https:\/\/www.fjardhundraland.se\/de\/wp-json\/wp\/v2\/media\/2045"}],"wp:attachment":[{"href":"https:\/\/www.fjardhundraland.se\/de\/wp-json\/wp\/v2\/media?parent=12983"}],"wp:term":[{"taxonomy":"category","embeddable":true,"href":"https:\/\/www.fjardhundraland.se\/de\/wp-json\/wp\/v2\/categories?post=12983"},{"taxonomy":"post_tag","embeddable":true,"href":"https:\/\/www.fjardhundraland.se\/de\/wp-json\/wp\/v2\/tags?post=12983"}],"curies":[{"name":"wp","href":"https:\/\/api.w.org\/{rel}","templated":true}]}}