
{"id":12897,"date":"2023-06-01T16:42:33","date_gmt":"2023-06-01T14:42:33","guid":{"rendered":"https:\/\/www.fjardhundraland.se\/?page_id=12897"},"modified":"2023-09-29T11:25:32","modified_gmt":"2023-09-29T09:25:32","slug":"einen-studienaufenthalt-buchen","status":"publish","type":"page","link":"https:\/\/www.fjardhundraland.se\/de\/uber-fjardhundraland\/einen-studienaufenthalt-buchen\/","title":{"rendered":"Buchen Sie einen Studienbesuch"},"content":{"rendered":"<p><strong>M\u00f6chten Sie einen Einblick in die Funktionsweise von Fj\u00e4rdhundraland, den Aufbau des Reiseziels und die Nutzung des Netzes durch die Mitglieder erhalten? Dann ist ein Studienbesuch eine gute M\u00f6glichkeit dazu. Sie werden nicht nur die Geschichte von Fj\u00e4rdhundraland kennenlernen, sondern auch die einzelnen Mitglieder, die \u00fcber ihre Erfahrungen und Beweggr\u00fcnde berichten werden.<\/strong> <strong>Eine Studienreise in Fj\u00e4rdhundraland bietet neue Einblicke in die l\u00e4ndliche Entwicklung und den Aufbau von Reisezielen.<\/strong><\/p>\n\n\n\n<p>Wir lieben Besuche! Nicht nur von Touristen, sondern auch von Ihnen, unseren Kollegen aus anderen Teilen des Landes. <\/p>\n\n\n\n<blockquote class=\"wp-block-quote is-layout-flow wp-block-quote-is-layout-flow\">\n<p>Wir sind keine Konkurrenten, wir bauen Attraktivit\u00e4t und Tourismus gemeinsam auf.<\/p>\n<\/blockquote>\n\n\n\n<p>Studienbesuche und Studienreisen sind lohnend - sowohl f\u00fcr uns, die wir die Ehre haben, uns zu pr\u00e4sentieren, als auch f\u00fcr Sie, die hierher kommen und von dem lernen k\u00f6nnen, was wir und unsere Mitglieder erreicht haben. Wir wollen vor allem, dass es ein Austausch ist - deshalb engagieren wir uns immer bei den Studienbesuchen, damit wir Ihre Erwartungen erf\u00fcllen k\u00f6nnen und wirklich die Gelegenheit haben, uns zu treffen.<\/p>\n\n\n\n<h2 class=\"wp-block-heading\">Viele M\u00f6glichkeiten f\u00fcr eine einschl\u00e4gige Studienreise<\/h2>\n\n\n\n<h3 class=\"wp-block-heading\">Eine Studienreise kann zum Beispiel bestehen aus <\/h3>\n\n\n\n<ul class=\"wp-block-list\">\n<li>Ein Treffen mit einigen Aktivisten von Fj\u00e4rdhundraland, bei dem wir unsere kooperative Arbeitsweise in einem <a href=\"https:\/\/www.fjardhundraland.se\/de\/uber-fjardhundraland\/vortrag-entwicklungszusammenarbeit\/\" data-type=\"page\" data-id=\"9481\">Vortrag, der zur Entwicklung anregt<\/a><\/li>\n\n\n\n<li>Workshop auf der Grundlage der Vorlesung und der Studienbesuche<\/li>\n\n\n\n<li>Konferenzzeit f\u00fcr eigene Arbeit<\/li>\n\n\n\n<li>Studienbesuche bei einer beliebigen Anzahl von Mitgliedern\/Orten. An jedem Ort werden wir die verantwortliche Person treffen, die ihren Ort und ihre Sicht auf die Arbeit von Fj\u00e4rdhundraland vorstellen wird.<\/li>\n\n\n\n<li>Abendessen, mit der Teilnahme einiger Fj\u00e4rdhundraland-Mitglieder<\/li>\n\n\n\n<li>\u00dcbernachtung bei einem unserer Mitglieder<\/li>\n<\/ul>\n\n\n\n<h3 class=\"wp-block-heading\">Beispiele f\u00fcr Themen f\u00fcr den Studienbesuch<\/h3>\n\n\n\n<ul class=\"wp-block-list\">\n<li>L\u00e4ndliche Entwicklung<\/li>\n\n\n\n<li>Aufbau eines Reiseziels<\/li>\n\n\n\n<li>Zusammenarbeit mit kleinen Unternehmen<\/li>\n\n\n\n<li>Erfahrungen in verschiedenen Bereichen, wie Caf\u00e9, Hofladen, Garten oder Handwerk.<\/li>\n<\/ul>\n\n\n\n<p>Mit einer gro\u00dfen Auswahl an Reisezielen k\u00f6nnen wir relevante Besuche identifizieren, so dass Sie Ihre Ziele f\u00fcr den Besuch erreichen k\u00f6nnen. Wir werden das Programm auf Ihre Bed\u00fcrfnisse zuschneiden, mit dem Ziel, dass Sie verstehen, wie sich Fj\u00e4rdhundraland vom Leader-Projekt zum Gro\u00dfen Tourismuspreis und dar\u00fcber hinaus entwickelt hat.<\/p>\n\n\n\n<h2 class=\"wp-block-heading\">Studienbesuche f\u00fcr kleine und gro\u00dfe Gruppen<\/h2>\n\n\n\n<p>Wir haben Erfahrung in der Organisation von kleinen Studienreisen f\u00fcr einige wenige Personen bis hin zu gro\u00dfen Gruppen. Zum Beispiel haben wir im Mai 2023 eine Gruppe von 130 Personen im Rahmen der EU-Konferenz <a href=\"https:\/\/landsbygdsveckan.se\/landsbygdsveckan\/inenglish\/ruralpactconference\/studyvisits.4.4fe886187b62c76d2590ba.html\" target=\"_blank\" rel=\"noopener\">Konferenz zum Pakt f\u00fcr den l\u00e4ndlichen Raum 2023<\/a>.<\/p>\n\n\n\n<p>F\u00fcr weitere Informationen und Buchungen wenden Sie sich bitte an Thomas Bj\u00f6rk, 070-899 29 19, <a href=\"mailto:thomas@fjardhundraland.se\">thomas@fjardhundraland.se<\/a>.<\/p>","protected":false},"excerpt":{"rendered":"<p>Vill ni f\u00e5 inblick i hur Fj\u00e4rdhundraland fungerar, hur vi byggt upp destinationen och hur medlemmarna anv\u00e4nder n\u00e4tverket? D\u00e5 \u00e4r ett studiebes\u00f6k ett bra s\u00e4tt. Ni f\u00e5r ber\u00e4ttelsen om Fj\u00e4rdhundraland, men f\u00e5r ocks\u00e5 tr\u00e4ffa de enskilda medlemmarna, som bjuder p\u00e5 sina erfarenheter och drivkrafter. En studieresa i Fj\u00e4rdhundraland ger nya insikter om landsbygdsutveckling och destinationsbyggande. [&hellip;]<\/p>\n","protected":false},"author":1,"featured_media":12898,"parent":1515,"menu_order":0,"comment_status":"closed","ping_status":"closed","template":"","meta":{"_acf_changed":false,"_relevanssi_hide_post":"","_relevanssi_hide_content":"","_relevanssi_pin_for_all":"","_relevanssi_pin_keywords":"","_relevanssi_unpin_keywords":"","_relevanssi_related_keywords":"","_relevanssi_related_include_ids":"","_relevanssi_related_exclude_ids":"","_relevanssi_related_no_append":"","_relevanssi_related_not_related":"","_relevanssi_related_posts":"","_relevanssi_noindex_reason":"","_genesis_hide_title":false,"_genesis_hide_breadcrumbs":false,"_genesis_hide_singular_image":false,"_genesis_hide_footer_widgets":false,"_genesis_custom_body_class":"","_genesis_custom_post_class":"","_genesis_layout":"","footnotes":""},"categories":[],"tags":[],"class_list":{"0":"post-12897","1":"page","2":"type-page","3":"status-publish","4":"has-post-thumbnail","6":"entry"},"acf":[],"visa":null,"geo_latitude":null,"geo_longitude":null,"featured_image_src":"https:\/\/www.fjardhundraland.se\/wp-content\/uploads\/2023\/06\/studiebesok-fjardhundraland-axel-gren-600x400.jpg","featured_image_src_square":"https:\/\/www.fjardhundraland.se\/wp-content\/uploads\/2023\/06\/studiebesok-fjardhundraland-axel-gren-600x600.jpg","jetpack-related-posts":[{"id":2124,"url":"https:\/\/www.fjardhundraland.se\/de\/uber-fjardhundraland\/kontakt\/","url_meta":{"origin":12897,"position":0},"title":"Kontakt","author":"Mats Thorburn","date":"15 M\u00e4rz 2014","format":false,"excerpt":"Kontaktinformationen zu den einzelnen Mitgliedern und Reisezielen finden Sie auf jeder Seite unter Do &amp; Visit, Shop, Eat und Stay. Folgen Sie uns: Facebook - Instagram Rechnungsadresse: Fj\u00e4rdhundraland ek f\u00f6rc\/o EkblomFr\u00f6sthults-Brunnby 11749 72 Fj\u00e4rdhundra Organisationsnummer: 769622-7417 Bankgiro 735-2693. Swish 123 261 48 32. M\u00f6chten Sie mehr \u00fcber den Verein Fj\u00e4rdhundraland erfahren, einen Vortrag buchen oder...","rel":"","context":"\u00c4hnlicher Beitrag","block_context":{"text":"\u00c4hnlicher Beitrag","link":""},"img":{"alt_text":"","src":"","width":0,"height":0},"classes":[]},{"id":6016,"url":"https:\/\/www.fjardhundraland.se\/de\/uber-fjardhundraland\/haufig-gestellte-fragen\/","url_meta":{"origin":12897,"position":1},"title":"H\u00e4ufig gestellte Fragen","author":"Mats Thorburn","date":"11 September 2019","format":false,"excerpt":"Wo befindet sich Fj\u00e4rdhundraland? Unser Gebiet wird dadurch definiert, wo sich unsere Mitglieder befinden - zwischen V\u00e4ster\u00e5s, Sala, Str\u00e4ngn\u00e4s, Uppsala, Enk\u00f6ping und Stockholm. Wir haben keine Grenzen festgelegt, weil Grenzen f\u00fcr Besucher uninteressant sind. Werfen Sie einen Blick auf die Karte! Was bedeutet \u201dFj\u00e4rdhundraland\u201d? Der Name stammt von der gleichnamigen wikingischen\/mittelalterlichen Nation....","rel":"","context":"\u00c4hnlicher Beitrag","block_context":{"text":"\u00c4hnlicher Beitrag","link":""},"img":{"alt_text":"","src":"","width":0,"height":0},"classes":[]},{"id":9481,"url":"https:\/\/www.fjardhundraland.se\/de\/uber-fjardhundraland\/vortrag-entwicklungszusammenarbeit\/","url_meta":{"origin":12897,"position":2},"title":"Einen Vortrag buchen","author":"Mats Thorburn","date":"10 November 2021","format":false,"excerpt":"Ein Vortrag ist ein gro\u00dfartiger Start f\u00fcr ein Projekt zur Entwicklung des l\u00e4ndlichen Raums oder eines Reiseziels, oder wenn Sie die Vorteile der Zusammenarbeit aufzeigen wollen! Fj\u00e4rdhundraland hat ein Reiseziel innerhalb von zehn Jahren von Null auf 150 Mitglieder aufgebaut, angefangen mit einem Leader-Projekt. Jetzt k\u00f6nnen Sie einen der beliebten Vortr\u00e4ge von Mats Thorburn buchen...","rel":"","context":"\u00c4hnlicher Beitrag","block_context":{"text":"\u00c4hnlicher Beitrag","link":""},"img":{"alt_text":"Stora turismpriset utdelning december 2019 Mats Thorburn","src":"https:\/\/i0.wp.com\/www.fjardhundraland.se\/wp-content\/uploads\/2021\/11\/stora-turismpriset-utdelning-december-2019-mats-thorburn.jpg?resize=350%2C200&ssl=1","width":350,"height":200,"srcset":"https:\/\/i0.wp.com\/www.fjardhundraland.se\/wp-content\/uploads\/2021\/11\/stora-turismpriset-utdelning-december-2019-mats-thorburn.jpg?resize=350%2C200&ssl=1 1x, https:\/\/i0.wp.com\/www.fjardhundraland.se\/wp-content\/uploads\/2021\/11\/stora-turismpriset-utdelning-december-2019-mats-thorburn.jpg?resize=525%2C300&ssl=1 1.5x, https:\/\/i0.wp.com\/www.fjardhundraland.se\/wp-content\/uploads\/2021\/11\/stora-turismpriset-utdelning-december-2019-mats-thorburn.jpg?resize=700%2C400&ssl=1 2x, https:\/\/i0.wp.com\/www.fjardhundraland.se\/wp-content\/uploads\/2021\/11\/stora-turismpriset-utdelning-december-2019-mats-thorburn.jpg?resize=1050%2C600&ssl=1 3x, https:\/\/i0.wp.com\/www.fjardhundraland.se\/wp-content\/uploads\/2021\/11\/stora-turismpriset-utdelning-december-2019-mats-thorburn.jpg?resize=1400%2C800&ssl=1 4x"},"classes":[]},{"id":7759,"url":"https:\/\/www.fjardhundraland.se\/de\/uber-fjardhundraland\/fur-sie-als-neues-mitglied\/","url_meta":{"origin":12897,"position":3},"title":"F\u00fcr neue Mitglieder","author":"Mats Thorburn","date":"13 M\u00e4rz 2021","format":false,"excerpt":"Willkommen bei Fj\u00e4rdhundraland! Fj\u00e4rdhundraland ist das, was wir daraus machen - gemeinsam k\u00f6nnen wir etwas wirklich Gutes f\u00fcr unsere Besucher tun! Durch die Zusammenarbeit kann ich mit dem beitragen, was mir leicht f\u00e4llt, und mir von anderen helfen lassen, was ich schwierig finde. In Fj\u00e4rdhundraland arbeiten wir im Namen unserer Besucher - sie...","rel":"","context":"In &quot;Inl\u00e4gg&quot;","block_context":{"text":"Inl\u00e4gg","link":"https:\/\/www.fjardhundraland.se\/de\/einlage\/"},"img":{"alt_text":"","src":"","width":0,"height":0},"classes":[]},{"id":18106,"url":"https:\/\/www.fjardhundraland.se\/de\/zeitschrift-fjardhundraland\/","url_meta":{"origin":12897,"position":4},"title":"Magasin Fj\u00e4rdhundraland","author":"Mats Thorburn","date":"3 Mai 2025","format":false,"excerpt":"Fj\u00e4rdhundraland-Magazin und -Karte Das diesj\u00e4hrige Magazin ist jetzt erh\u00e4ltlich, zusammen mit einer aktualisierten Papierkarte. Das Fj\u00e4rdhundraland-Magazin erz\u00e4hlt die Geschichten der Menschen, die in der Region Gesch\u00e4fte betreiben, und der Orte, die sie besuchen. Jede Ausgabe enth\u00e4lt in der Regel Artikel \u00fcber Lebensmittel, Kaffee, Gartenarbeit, Handwerk, Kultur und Geschichte. Zusammen mit dem Magazin haben wir eine Karte erstellt, auf der Sie...","rel":"","context":"\u00c4hnlicher Beitrag","block_context":{"text":"\u00c4hnlicher Beitrag","link":""},"img":{"alt_text":"","src":"https:\/\/i0.wp.com\/www.fjardhundraland.se\/wp-content\/uploads\/2025\/05\/magasin-2025-framsida.jpg?resize=350%2C200&ssl=1","width":350,"height":200,"srcset":"https:\/\/i0.wp.com\/www.fjardhundraland.se\/wp-content\/uploads\/2025\/05\/magasin-2025-framsida.jpg?resize=350%2C200&ssl=1 1x, https:\/\/i0.wp.com\/www.fjardhundraland.se\/wp-content\/uploads\/2025\/05\/magasin-2025-framsida.jpg?resize=525%2C300&ssl=1 1.5x, https:\/\/i0.wp.com\/www.fjardhundraland.se\/wp-content\/uploads\/2025\/05\/magasin-2025-framsida.jpg?resize=700%2C400&ssl=1 2x, https:\/\/i0.wp.com\/www.fjardhundraland.se\/wp-content\/uploads\/2025\/05\/magasin-2025-framsida.jpg?resize=1050%2C600&ssl=1 3x, https:\/\/i0.wp.com\/www.fjardhundraland.se\/wp-content\/uploads\/2025\/05\/magasin-2025-framsida.jpg?resize=1400%2C800&ssl=1 4x"},"classes":[]},{"id":20251,"url":"https:\/\/www.fjardhundraland.se\/de\/einlage\/2026\/pask-in-fjardhundraland-2019\/","url_meta":{"origin":12897,"position":5},"title":"Ostern in Fj\u00e4rdhundraland","author":"Marloes","date":"18 M\u00e4rz 2026","format":false,"excerpt":"Den Fr\u00fchling erlebt man am besten auf dem Lande in der N\u00e4he der Stadt. Das ist die feste \u00dcberzeugung vieler Fj\u00e4rdhundraland-Mitglieder. Denn naturnah, in einer h\u00fcgeligen Kulturlandschaft mit Hofl\u00e4den, T\u00f6pferwerkst\u00e4tten und Caf\u00e9s, kann man im Fr\u00fchling den Gesang der V\u00f6gel noch besser h\u00f6ren und den w\u00fcrzigen Duft der lebendig werdenden Erde riechen. Und das...","rel":"","context":"\u00c4hnlicher Beitrag","block_context":{"text":"\u00c4hnlicher Beitrag","link":""},"img":{"alt_text":"","src":"https:\/\/i0.wp.com\/www.fjardhundraland.se\/wp-content\/uploads\/2021\/04\/pask-i-fjardhundraland-tupp-och-hona.jpg?resize=350%2C200&ssl=1","width":350,"height":200,"srcset":"https:\/\/i0.wp.com\/www.fjardhundraland.se\/wp-content\/uploads\/2021\/04\/pask-i-fjardhundraland-tupp-och-hona.jpg?resize=350%2C200&ssl=1 1x, https:\/\/i0.wp.com\/www.fjardhundraland.se\/wp-content\/uploads\/2021\/04\/pask-i-fjardhundraland-tupp-och-hona.jpg?resize=525%2C300&ssl=1 1.5x, https:\/\/i0.wp.com\/www.fjardhundraland.se\/wp-content\/uploads\/2021\/04\/pask-i-fjardhundraland-tupp-och-hona.jpg?resize=700%2C400&ssl=1 2x, https:\/\/i0.wp.com\/www.fjardhundraland.se\/wp-content\/uploads\/2021\/04\/pask-i-fjardhundraland-tupp-och-hona.jpg?resize=1050%2C600&ssl=1 3x, https:\/\/i0.wp.com\/www.fjardhundraland.se\/wp-content\/uploads\/2021\/04\/pask-i-fjardhundraland-tupp-och-hona.jpg?resize=1400%2C800&ssl=1 4x"},"classes":[]}],"jetpack_sharing_enabled":true,"_links":{"self":[{"href":"https:\/\/www.fjardhundraland.se\/de\/wp-json\/wp\/v2\/pages\/12897","targetHints":{"allow":["GET"]}}],"collection":[{"href":"https:\/\/www.fjardhundraland.se\/de\/wp-json\/wp\/v2\/pages"}],"about":[{"href":"https:\/\/www.fjardhundraland.se\/de\/wp-json\/wp\/v2\/types\/page"}],"author":[{"embeddable":true,"href":"https:\/\/www.fjardhundraland.se\/de\/wp-json\/wp\/v2\/users\/1"}],"replies":[{"embeddable":true,"href":"https:\/\/www.fjardhundraland.se\/de\/wp-json\/wp\/v2\/comments?post=12897"}],"version-history":[{"count":0,"href":"https:\/\/www.fjardhundraland.se\/de\/wp-json\/wp\/v2\/pages\/12897\/revisions"}],"up":[{"embeddable":true,"href":"https:\/\/www.fjardhundraland.se\/de\/wp-json\/wp\/v2\/pages\/1515"}],"wp:featuredmedia":[{"embeddable":true,"href":"https:\/\/www.fjardhundraland.se\/de\/wp-json\/wp\/v2\/media\/12898"}],"wp:attachment":[{"href":"https:\/\/www.fjardhundraland.se\/de\/wp-json\/wp\/v2\/media?parent=12897"}],"wp:term":[{"taxonomy":"category","embeddable":true,"href":"https:\/\/www.fjardhundraland.se\/de\/wp-json\/wp\/v2\/categories?post=12897"},{"taxonomy":"post_tag","embeddable":true,"href":"https:\/\/www.fjardhundraland.se\/de\/wp-json\/wp\/v2\/tags?post=12897"}],"curies":[{"name":"wp","href":"https:\/\/api.w.org\/{rel}","templated":true}]}}